{"id":978,"date":"2018-08-04T02:51:50","date_gmt":"2018-08-04T02:51:50","guid":{"rendered":"https:\/\/test.drivesaversdatarecovery.com\/?page_id=978"},"modified":"2024-11-21T12:31:56","modified_gmt":"2024-11-21T20:31:56","slug":"high-security-data-recovery","status":"publish","type":"page","link":"https:\/\/drivesaversdatarecovery.com\/nb-no\/why-us\/certified-secure-data-recovery\/high-security-data-recovery\/","title":{"rendered":"Datasikret gjenoppretting p\u00e5 h\u00f8yt niv\u00e5"},"content":{"rendered":"<div class=\"wpb-content-wrapper\"><div class=\"vc_section wpex-relative\"><div class=\"vc_row wpb_row vc_row-fluid vc_custom_1533348215671 vc_column-gap-35 vc_row-o-equal-height vc_row-o-content-middle vc_row-flex wpex-relative tablet-fullwidth-columns\"><div class=\"wpb_column vc_column_container vc_col-sm-12\"><div class=\"vc_column-inner\"><div class=\"wpb_wrapper\"><h2 class=\"vcex-heading vcex-heading-plain vcex-module wpex-heading wpex-text-2xl wpex-h2\"><span class=\"vcex-heading-inner wpex-inline-block\">High Security Data Recovery Service<\/span><\/h2><div class=\"vcex-module vcex-divider vcex-divider-solid vcex-divider-left wpex-mr-auto wpex-max-w-100 wpex-block wpex-h-0 wpex-border-b wpex-border-solid wpex-border-main\" style=\"width:30%;margin-block-start:25px;margin-block-end:10px;border-bottom-width:6px;border-color:#ec0912;\"><\/div>\n\t<div class=\"wpb_text_column wpb_content_element\" >\n\t\t<div class=\"wpb_wrapper\">\n\t\t\t<p>Certain customers and data loss situations require extra security procedures.<\/p>\n<p>Our High Security Service can be combined with our Standard and Priority Service Plans. Our Chief Information Security Officer (CISO) is available to discuss your needs and customize security levels beyond those we routinely provide.<\/p>\n<p>In addition to the safest data recovery environment available, DriveSavers provides the following precautions to those who require High Security Service:<\/p>\n\n\t\t<\/div>\n\t<\/div>\n<div class=\"vcex-spacing wpex-w-100 wpex-clear\"><\/div><div class=\"vcex-module vcex-bullets vcex-bullets--vertical vcex-bullets-red\">\n<ul role=\"list\">\n<li>Media is kept in a Class 5 Mosler Safe during non-working hours; safe resists all forms of intruder attack, as well as fire, flood and earthquake<\/li>\n<li>No copies of your data are kept on site after your recovery is complete<\/li>\n<li>Two separate copies of your recovered data are shipped to you via two different courier services<\/li>\n<li>Your recovery is given top priority throughout the entire process<\/li>\n<li>All procedures are documented and adhered to for handling sensitive or encrypted data<\/li>\n<li>Chain of custody protocols ensure the integrity and security of data from point-of-receipt to point-of-departure<\/li>\n<li>Confidentiality Agreement endorsed if required<\/li>\n<\/ul>\n<\/div><\/div><\/div><\/div><\/div><\/div><div class=\"vc_section wpex-relative\"><\/div><div class=\"vc_section wpex-relative\"><div class=\"vc_row wpb_row vc_row-fluid vc_column-gap-35 vc_row-o-equal-height vc_row-o-content-middle vc_row-flex wpex-relative tablet-fullwidth-columns\"><div class=\"wpb_column vc_column_container vc_col-sm-12\"><div class=\"vc_column-inner\"><div class=\"wpb_wrapper\"><h2 class=\"vcex-heading vcex-heading-plain vcex-module wpex-heading wpex-text-2xl wpex-h2\"><span class=\"vcex-heading-inner wpex-inline-block\">Trained in Encryption<\/span><\/h2><div class=\"vcex-module vcex-divider vcex-divider-solid vcex-divider-left wpex-mr-auto wpex-max-w-100 wpex-block wpex-h-0 wpex-border-b wpex-border-solid wpex-border-main\" style=\"width:30%;margin-block-start:25px;margin-block-end:10px;border-bottom-width:6px;border-color:#ec0912;\"><\/div>\n\t<div class=\"wpb_text_column wpb_content_element\" >\n\t\t<div class=\"wpb_wrapper\">\n\t\t\t<p>DriveSavers data recovery engineers are trained and certified to properly and safely recover lost data from all encrypted hard drives, peripheral devices, and software.<\/p>\n\n\t\t<\/div>\n\t<\/div>\n<div class=\"vcex-spacing wpex-w-100 wpex-clear\"><\/div><div class=\"vcex-module vcex-bullets vcex-bullets--vertical vcex-bullets-red\">\n<ul role=\"list\">\n<li>Supports DAR requirements.<\/li>\n<li>Customized solutions for handling encrypted files and drives.<br \/>\n1.\u00a0 Data can be restored in an image-only format; drive returned with original encryption still intact<br \/>\n2.\u00a0 Data can be decrypted at our facility to verify integrity of data (this option would require your encryption key)<\/li>\n<\/ul>\n<\/div><\/div><\/div><\/div><\/div><\/div><div class=\"vc_section wpex-relative\"><div class=\"vc_row wpb_row vc_row-fluid vc_column-gap-35 vc_row-o-equal-height vc_row-o-content-middle vc_row-flex wpex-relative tablet-fullwidth-columns\"><div class=\"wpb_column vc_column_container vc_col-sm-12\"><div class=\"vc_column-inner\"><div class=\"wpb_wrapper\"><h2 class=\"vcex-heading vcex-heading-plain vcex-module wpex-heading wpex-text-2xl wpex-h2 translation-block\"><span class=\"vcex-heading-inner wpex-inline-block\">Sertifisert<br><br>sikker datagjenoppretting<\/span><\/h2><div class=\"vcex-module vcex-divider vcex-divider-solid vcex-divider-left wpex-mr-auto wpex-max-w-100 wpex-block wpex-h-0 wpex-border-b wpex-border-solid wpex-border-main\" style=\"width:30%;margin-block-start:25px;margin-block-end:10px;border-bottom-width:6px;border-color:#ec0912;\"><\/div>\n\t<div class=\"wpb_text_column wpb_content_element\" >\n\t\t<div class=\"wpb_wrapper\">\n\t\t\t<p>DriveSavers is the only data recovery company in the industry to post proof of an annual, company-wide SOC 2 Type II security audit performed on our data hosting and processing control systems.<\/p>\n<p>An annual SOC 2 Type II audit verifies our qualifications to handle enterprise-class recoveries and support those customers who must maintain compliance with data privacy and data security regulations such as:<\/p>\n\n\t\t<\/div>\n\t<\/div>\n<div class=\"vcex-spacing wpex-w-100 wpex-clear\"><\/div><\/div><\/div><\/div><\/div><\/div><div class=\"vc_section wpex-relative\"><div class=\"vc_row wpb_row vc_row-fluid vc_column-gap-35 vc_row-o-equal-height vc_row-o-content-middle vc_row-flex wpex-relative tablet-fullwidth-columns\"><div class=\"wpb_column vc_column_container vc_col-sm-12\"><div class=\"vc_column-inner\"><div class=\"wpb_wrapper\"><h2 class=\"vcex-heading vcex-heading-plain vcex-module wpex-heading wpex-text-2xl wpex-h2\"><span class=\"vcex-heading-inner wpex-inline-block\">Fast, Reliable, Professional Data Recovery Service<\/span><\/h2><div class=\"vcex-module vcex-divider vcex-divider-solid vcex-divider-left wpex-mr-auto wpex-max-w-100 wpex-block wpex-h-0 wpex-border-b wpex-border-solid wpex-border-main\" style=\"width:30%;margin-block-start:25px;margin-block-end:10px;border-bottom-width:6px;border-color:#ec0912;\"><\/div><div class=\"vcex-spacing wpex-w-100 wpex-clear\"><\/div><div class=\"vcex-module vcex-bullets vcex-bullets--vertical vcex-bullets-red\">\n<ul role=\"list\">\n<li>Standard turnaround time\u201424 to 48 hours<\/li>\n<li>U.S.-based advisors answer your call<\/li>\n<li>Highest data recovery success rate in the industry<\/li>\n<li>All operating systems, all media, all types of \u201cdisk-asters\u201d<\/li>\n<\/ul>\n<\/div><div class=\"vcex-spacing wpex-w-100 wpex-clear\"><\/div>\n\t<div class=\"wpb_text_column wpb_content_element\" >\n\t\t<div class=\"wpb_wrapper\">\n\t\t\t<p>For more information, call <a href=\"tel:(800) 440-1904\">(800) 440-1904<\/a> and ask to speak with our Chief Information Security Officer.<\/p>\n\n\t\t<\/div>\n\t<\/div>\n<\/div><\/div><\/div><\/div><\/div>\n<\/div>","protected":false},"excerpt":{"rendered":"High Security Data Recovery Service Certain customers and data loss situations require extra security procedures. Our High Security Service can be combined with our Standard and Priority Service Plans. Our Chief Information Security Officer (CISO) is available to discuss your needs and customize security levels beyond those we routinely provide. In addition to the safest&hellip;","protected":false},"author":30,"featured_media":993,"parent":876,"menu_order":0,"comment_status":"closed","ping_status":"closed","template":"","meta":{"_acf_changed":false,"inline_featured_image":false,"footnotes":""},"class_list":["post-978","page","type-page","status-publish","has-post-thumbnail","hentry","entry","has-media"],"acf":[],"yoast_head":"<!-- This site is optimized with the Yoast SEO Premium plugin v26.9 (Yoast SEO v27.3) - https:\/\/yoast.com\/product\/yoast-seo-premium-wordpress\/ -->\n<title>High Security Data Recovery - DriveSavers<\/title>\n<meta name=\"description\" content=\"DriveSavers Data Recovery Services provides high security data recovery services to all clients. Click here to learn more about our security protocls.\" \/>\n<meta name=\"robots\" content=\"index, follow, max-snippet:-1, max-image-preview:large, max-video-preview:-1\" \/>\n<link rel=\"canonical\" href=\"https:\/\/drivesaversdatarecovery.com\/nb-no\/why-us\/certified-secure-data-recovery\/high-security-data-recovery\/\" \/>\n<meta property=\"og:locale\" content=\"nb_NO\" \/>\n<meta property=\"og:type\" content=\"article\" \/>\n<meta property=\"og:title\" content=\"High Security Data Recovery\" \/>\n<meta property=\"og:url\" content=\"https:\/\/drivesaversdatarecovery.com\/nb-no\/why-us\/certified-secure-data-recovery\/high-security-data-recovery\/\" \/>\n<meta property=\"og:site_name\" content=\"DriveSavers Data Recovery Services\" \/>\n<meta property=\"article:publisher\" content=\"https:\/\/www.facebook.com\/DriveSavers\" \/>\n<meta property=\"article:modified_time\" content=\"2024-11-21T20:31:56+00:00\" \/>\n<meta property=\"og:image\" content=\"https:\/\/drivesaversdatarecovery.com\/wp-content\/uploads\/2018\/08\/header-secure4-scaled-e1699263029627.jpg\" \/>\n\t<meta property=\"og:image:width\" content=\"2000\" \/>\n\t<meta property=\"og:image:height\" content=\"1046\" \/>\n\t<meta property=\"og:image:type\" content=\"image\/jpeg\" \/>\n<meta name=\"twitter:card\" content=\"summary_large_image\" \/>\n<meta name=\"twitter:site\" content=\"@drivesavers\" \/>\n<meta name=\"twitter:label1\" content=\"Ansl. lesetid\" \/>\n\t<meta name=\"twitter:data1\" content=\"3 minutter\" \/>\n<script type=\"application\/ld+json\" class=\"yoast-schema-graph\">{\"@context\":\"https:\\\/\\\/schema.org\",\"@graph\":[{\"@type\":\"TechArticle\",\"@id\":\"https:\\\/\\\/drivesaversdatarecovery.com\\\/en-gb\\\/why-us\\\/certified-secure-data-recovery\\\/high-security-data-recovery\\\/#article\",\"isPartOf\":{\"@id\":\"https:\\\/\\\/drivesaversdatarecovery.com\\\/en-gb\\\/why-us\\\/certified-secure-data-recovery\\\/high-security-data-recovery\\\/\"},\"author\":{\"name\":\"Michelle West\",\"@id\":\"https:\\\/\\\/drivesaversdatarecovery.com\\\/#\\\/schema\\\/person\\\/8319da503f7e4ddd51903b6d8295be1c\"},\"headline\":\"High Security Data Recovery\",\"datePublished\":\"2018-08-04T02:51:50+00:00\",\"dateModified\":\"2024-11-21T20:31:56+00:00\",\"mainEntityOfPage\":{\"@id\":\"https:\\\/\\\/drivesaversdatarecovery.com\\\/en-gb\\\/why-us\\\/certified-secure-data-recovery\\\/high-security-data-recovery\\\/\"},\"wordCount\":760,\"publisher\":{\"@id\":\"https:\\\/\\\/drivesaversdatarecovery.com\\\/#organization\"},\"image\":{\"@id\":\"https:\\\/\\\/drivesaversdatarecovery.com\\\/en-gb\\\/why-us\\\/certified-secure-data-recovery\\\/high-security-data-recovery\\\/#primaryimage\"},\"thumbnailUrl\":\"https:\\\/\\\/drivesaversdatarecovery.com\\\/wp-content\\\/uploads\\\/2018\\\/08\\\/header-secure4-scaled-e1699263029627.jpg\",\"inLanguage\":\"nb-NO\"},{\"@type\":\"WebPage\",\"@id\":\"https:\\\/\\\/drivesaversdatarecovery.com\\\/en-gb\\\/why-us\\\/certified-secure-data-recovery\\\/high-security-data-recovery\\\/\",\"url\":\"https:\\\/\\\/drivesaversdatarecovery.com\\\/en-gb\\\/why-us\\\/certified-secure-data-recovery\\\/high-security-data-recovery\\\/\",\"name\":\"High Security Data Recovery - DriveSavers\",\"isPartOf\":{\"@id\":\"https:\\\/\\\/drivesaversdatarecovery.com\\\/#website\"},\"primaryImageOfPage\":{\"@id\":\"https:\\\/\\\/drivesaversdatarecovery.com\\\/en-gb\\\/why-us\\\/certified-secure-data-recovery\\\/high-security-data-recovery\\\/#primaryimage\"},\"image\":{\"@id\":\"https:\\\/\\\/drivesaversdatarecovery.com\\\/en-gb\\\/why-us\\\/certified-secure-data-recovery\\\/high-security-data-recovery\\\/#primaryimage\"},\"thumbnailUrl\":\"https:\\\/\\\/drivesaversdatarecovery.com\\\/wp-content\\\/uploads\\\/2018\\\/08\\\/header-secure4-scaled-e1699263029627.jpg\",\"datePublished\":\"2018-08-04T02:51:50+00:00\",\"dateModified\":\"2024-11-21T20:31:56+00:00\",\"description\":\"DriveSavers Data Recovery Services provides high security data recovery services to all clients. Click here to learn more about our security protocls.\",\"breadcrumb\":{\"@id\":\"https:\\\/\\\/drivesaversdatarecovery.com\\\/en-gb\\\/why-us\\\/certified-secure-data-recovery\\\/high-security-data-recovery\\\/#breadcrumb\"},\"inLanguage\":\"nb-NO\",\"potentialAction\":[{\"@type\":\"ReadAction\",\"target\":[\"https:\\\/\\\/drivesaversdatarecovery.com\\\/en-gb\\\/why-us\\\/certified-secure-data-recovery\\\/high-security-data-recovery\\\/\"]}]},{\"@type\":\"ImageObject\",\"inLanguage\":\"nb-NO\",\"@id\":\"https:\\\/\\\/drivesaversdatarecovery.com\\\/en-gb\\\/why-us\\\/certified-secure-data-recovery\\\/high-security-data-recovery\\\/#primaryimage\",\"url\":\"https:\\\/\\\/drivesaversdatarecovery.com\\\/wp-content\\\/uploads\\\/2018\\\/08\\\/header-secure4-scaled-e1699263029627.jpg\",\"contentUrl\":\"https:\\\/\\\/drivesaversdatarecovery.com\\\/wp-content\\\/uploads\\\/2018\\\/08\\\/header-secure4-scaled-e1699263029627.jpg\",\"width\":2000,\"height\":1046},{\"@type\":\"BreadcrumbList\",\"@id\":\"https:\\\/\\\/drivesaversdatarecovery.com\\\/en-gb\\\/why-us\\\/certified-secure-data-recovery\\\/high-security-data-recovery\\\/#breadcrumb\",\"itemListElement\":[{\"@type\":\"ListItem\",\"position\":1,\"name\":\"Home\",\"item\":\"https:\\\/\\\/drivesaversdatarecovery.com\\\/\"},{\"@type\":\"ListItem\",\"position\":2,\"name\":\"Why DriveSavers\",\"item\":\"https:\\\/\\\/drivesaversdatarecovery.com\\\/why-us\\\/\"},{\"@type\":\"ListItem\",\"position\":3,\"name\":\"Certified Secure\",\"item\":\"https:\\\/\\\/drivesaversdatarecovery.com\\\/why-us\\\/certified-secure-data-recovery\\\/\"},{\"@type\":\"ListItem\",\"position\":4,\"name\":\"High Security Data Recovery\"}]},{\"@type\":\"WebSite\",\"@id\":\"https:\\\/\\\/drivesaversdatarecovery.com\\\/#website\",\"url\":\"https:\\\/\\\/drivesaversdatarecovery.com\\\/\",\"name\":\"DriveSavers Data Recovery Services\",\"description\":\"The Worldwide Leader in Data Recovery\",\"publisher\":{\"@id\":\"https:\\\/\\\/drivesaversdatarecovery.com\\\/#organization\"},\"potentialAction\":[{\"@type\":\"SearchAction\",\"target\":{\"@type\":\"EntryPoint\",\"urlTemplate\":\"https:\\\/\\\/drivesaversdatarecovery.com\\\/?s={search_term_string}\"},\"query-input\":{\"@type\":\"PropertyValueSpecification\",\"valueRequired\":true,\"valueName\":\"search_term_string\"}}],\"inLanguage\":\"nb-NO\"},{\"@type\":\"Organization\",\"@id\":\"https:\\\/\\\/drivesaversdatarecovery.com\\\/#organization\",\"name\":\"DriveSavers Data Recovery\",\"url\":\"https:\\\/\\\/drivesaversdatarecovery.com\\\/\",\"logo\":{\"@type\":\"ImageObject\",\"inLanguage\":\"nb-NO\",\"@id\":\"https:\\\/\\\/drivesaversdatarecovery.com\\\/#\\\/schema\\\/logo\\\/image\\\/\",\"url\":\"https:\\\/\\\/drivesaversdatarecovery.com\\\/wp-content\\\/uploads\\\/2021\\\/08\\\/Logo-01.png\",\"contentUrl\":\"https:\\\/\\\/drivesaversdatarecovery.com\\\/wp-content\\\/uploads\\\/2021\\\/08\\\/Logo-01.png\",\"width\":1092,\"height\":1087,\"caption\":\"DriveSavers Data Recovery\"},\"image\":{\"@id\":\"https:\\\/\\\/drivesaversdatarecovery.com\\\/#\\\/schema\\\/logo\\\/image\\\/\"},\"sameAs\":[\"https:\\\/\\\/www.facebook.com\\\/DriveSavers\",\"https:\\\/\\\/x.com\\\/drivesavers\",\"https:\\\/\\\/www.instagram.com\\\/drivesavers\\\/\",\"https:\\\/\\\/www.linkedin.com\\\/company\\\/drivesavers-data-recovery\\\/\",\"https:\\\/\\\/www.pinterest.com\\\/drivesavers\\\/\",\"https:\\\/\\\/www.youtube.com\\\/channel\\\/UCBlynLMdFWQgid-Gwm0zJ1A\",\"https:\\\/\\\/en.wikipedia.org\\\/wiki\\\/DriveSavers\"]},{\"@type\":\"Person\",\"@id\":\"https:\\\/\\\/drivesaversdatarecovery.com\\\/#\\\/schema\\\/person\\\/8319da503f7e4ddd51903b6d8295be1c\",\"name\":\"Michelle West\",\"image\":{\"@type\":\"ImageObject\",\"inLanguage\":\"nb-NO\",\"@id\":\"https:\\\/\\\/secure.gravatar.com\\\/avatar\\\/c820e118da73c12bbab9f3e84e4787eeda260d6c5c486643e5f474153469c728?s=96&d=blank&r=g\",\"url\":\"https:\\\/\\\/secure.gravatar.com\\\/avatar\\\/c820e118da73c12bbab9f3e84e4787eeda260d6c5c486643e5f474153469c728?s=96&d=blank&r=g\",\"contentUrl\":\"https:\\\/\\\/secure.gravatar.com\\\/avatar\\\/c820e118da73c12bbab9f3e84e4787eeda260d6c5c486643e5f474153469c728?s=96&d=blank&r=g\",\"caption\":\"Michelle West\"},\"description\":\"DriveSavers Senior Marketing Manager Writing about DriveSavers, data recovery, or another technology-related topic? Contact us.\",\"sameAs\":[\"https:\\\/\\\/www.linkedin.com\\\/in\\\/west-michelle\\\/\"],\"url\":\"https:\\\/\\\/drivesaversdatarecovery.com\\\/nb-no\\\/author\\\/michelle\\\/\"}]}<\/script>\n<!-- \/ Yoast SEO Premium plugin. -->","yoast_head_json":{"title":"High Security Data Recovery - DriveSavers","description":"DriveSavers Data Recovery Services provides high security data recovery services to all clients. Click here to learn more about our security protocls.","robots":{"index":"index","follow":"follow","max-snippet":"max-snippet:-1","max-image-preview":"max-image-preview:large","max-video-preview":"max-video-preview:-1"},"canonical":"https:\/\/drivesaversdatarecovery.com\/nb-no\/why-us\/certified-secure-data-recovery\/high-security-data-recovery\/","og_locale":"nb_NO","og_type":"article","og_title":"High Security Data Recovery","og_url":"https:\/\/drivesaversdatarecovery.com\/nb-no\/why-us\/certified-secure-data-recovery\/high-security-data-recovery\/","og_site_name":"DriveSavers Data Recovery Services","article_publisher":"https:\/\/www.facebook.com\/DriveSavers","article_modified_time":"2024-11-21T20:31:56+00:00","og_image":[{"width":2000,"height":1046,"url":"https:\/\/drivesaversdatarecovery.com\/wp-content\/uploads\/2018\/08\/header-secure4-scaled-e1699263029627.jpg","type":"image\/jpeg"}],"twitter_card":"summary_large_image","twitter_site":"@drivesavers","twitter_misc":{"Ansl. lesetid":"3 minutter"},"schema":{"@context":"https:\/\/schema.org","@graph":[{"@type":"TechArticle","@id":"https:\/\/drivesaversdatarecovery.com\/en-gb\/why-us\/certified-secure-data-recovery\/high-security-data-recovery\/#article","isPartOf":{"@id":"https:\/\/drivesaversdatarecovery.com\/en-gb\/why-us\/certified-secure-data-recovery\/high-security-data-recovery\/"},"author":{"name":"Michelle West","@id":"https:\/\/drivesaversdatarecovery.com\/#\/schema\/person\/8319da503f7e4ddd51903b6d8295be1c"},"headline":"High Security Data Recovery","datePublished":"2018-08-04T02:51:50+00:00","dateModified":"2024-11-21T20:31:56+00:00","mainEntityOfPage":{"@id":"https:\/\/drivesaversdatarecovery.com\/en-gb\/why-us\/certified-secure-data-recovery\/high-security-data-recovery\/"},"wordCount":760,"publisher":{"@id":"https:\/\/drivesaversdatarecovery.com\/#organization"},"image":{"@id":"https:\/\/drivesaversdatarecovery.com\/en-gb\/why-us\/certified-secure-data-recovery\/high-security-data-recovery\/#primaryimage"},"thumbnailUrl":"https:\/\/drivesaversdatarecovery.com\/wp-content\/uploads\/2018\/08\/header-secure4-scaled-e1699263029627.jpg","inLanguage":"nb-NO"},{"@type":"WebPage","@id":"https:\/\/drivesaversdatarecovery.com\/en-gb\/why-us\/certified-secure-data-recovery\/high-security-data-recovery\/","url":"https:\/\/drivesaversdatarecovery.com\/en-gb\/why-us\/certified-secure-data-recovery\/high-security-data-recovery\/","name":"High Security Data Recovery - DriveSavers","isPartOf":{"@id":"https:\/\/drivesaversdatarecovery.com\/#website"},"primaryImageOfPage":{"@id":"https:\/\/drivesaversdatarecovery.com\/en-gb\/why-us\/certified-secure-data-recovery\/high-security-data-recovery\/#primaryimage"},"image":{"@id":"https:\/\/drivesaversdatarecovery.com\/en-gb\/why-us\/certified-secure-data-recovery\/high-security-data-recovery\/#primaryimage"},"thumbnailUrl":"https:\/\/drivesaversdatarecovery.com\/wp-content\/uploads\/2018\/08\/header-secure4-scaled-e1699263029627.jpg","datePublished":"2018-08-04T02:51:50+00:00","dateModified":"2024-11-21T20:31:56+00:00","description":"DriveSavers Data Recovery Services provides high security data recovery services to all clients. Click here to learn more about our security protocls.","breadcrumb":{"@id":"https:\/\/drivesaversdatarecovery.com\/en-gb\/why-us\/certified-secure-data-recovery\/high-security-data-recovery\/#breadcrumb"},"inLanguage":"nb-NO","potentialAction":[{"@type":"ReadAction","target":["https:\/\/drivesaversdatarecovery.com\/en-gb\/why-us\/certified-secure-data-recovery\/high-security-data-recovery\/"]}]},{"@type":"ImageObject","inLanguage":"nb-NO","@id":"https:\/\/drivesaversdatarecovery.com\/en-gb\/why-us\/certified-secure-data-recovery\/high-security-data-recovery\/#primaryimage","url":"https:\/\/drivesaversdatarecovery.com\/wp-content\/uploads\/2018\/08\/header-secure4-scaled-e1699263029627.jpg","contentUrl":"https:\/\/drivesaversdatarecovery.com\/wp-content\/uploads\/2018\/08\/header-secure4-scaled-e1699263029627.jpg","width":2000,"height":1046},{"@type":"BreadcrumbList","@id":"https:\/\/drivesaversdatarecovery.com\/en-gb\/why-us\/certified-secure-data-recovery\/high-security-data-recovery\/#breadcrumb","itemListElement":[{"@type":"ListItem","position":1,"name":"Home","item":"https:\/\/drivesaversdatarecovery.com\/"},{"@type":"ListItem","position":2,"name":"Why DriveSavers","item":"https:\/\/drivesaversdatarecovery.com\/why-us\/"},{"@type":"ListItem","position":3,"name":"Certified Secure","item":"https:\/\/drivesaversdatarecovery.com\/why-us\/certified-secure-data-recovery\/"},{"@type":"ListItem","position":4,"name":"High Security Data Recovery"}]},{"@type":"WebSite","@id":"https:\/\/drivesaversdatarecovery.com\/#website","url":"https:\/\/drivesaversdatarecovery.com\/","name":"DriveSavers tjenester for datarekonstruksjon","description":"The Worldwide Leader in Data Recovery","publisher":{"@id":"https:\/\/drivesaversdatarecovery.com\/#organization"},"potentialAction":[{"@type":"SearchAction","target":{"@type":"EntryPoint","urlTemplate":"https:\/\/drivesaversdatarecovery.com\/?s={search_term_string}"},"query-input":{"@type":"PropertyValueSpecification","valueRequired":true,"valueName":"search_term_string"}}],"inLanguage":"nb-NO"},{"@type":"Organization","@id":"https:\/\/drivesaversdatarecovery.com\/#organization","name":"DriveSavers Data Recovery","url":"https:\/\/drivesaversdatarecovery.com\/","logo":{"@type":"ImageObject","inLanguage":"nb-NO","@id":"https:\/\/drivesaversdatarecovery.com\/#\/schema\/logo\/image\/","url":"https:\/\/drivesaversdatarecovery.com\/wp-content\/uploads\/2021\/08\/Logo-01.png","contentUrl":"https:\/\/drivesaversdatarecovery.com\/wp-content\/uploads\/2021\/08\/Logo-01.png","width":1092,"height":1087,"caption":"DriveSavers Data Recovery"},"image":{"@id":"https:\/\/drivesaversdatarecovery.com\/#\/schema\/logo\/image\/"},"sameAs":["https:\/\/www.facebook.com\/DriveSavers","https:\/\/x.com\/drivesavers","https:\/\/www.instagram.com\/drivesavers\/","https:\/\/www.linkedin.com\/company\/drivesavers-data-recovery\/","https:\/\/www.pinterest.com\/drivesavers\/","https:\/\/www.youtube.com\/channel\/UCBlynLMdFWQgid-Gwm0zJ1A","https:\/\/en.wikipedia.org\/wiki\/DriveSavers"]},{"@type":"Person","@id":"https:\/\/drivesaversdatarecovery.com\/#\/schema\/person\/8319da503f7e4ddd51903b6d8295be1c","name":"Michelle West","image":{"@type":"ImageObject","inLanguage":"nb-NO","@id":"https:\/\/secure.gravatar.com\/avatar\/c820e118da73c12bbab9f3e84e4787eeda260d6c5c486643e5f474153469c728?s=96&d=blank&r=g","url":"https:\/\/secure.gravatar.com\/avatar\/c820e118da73c12bbab9f3e84e4787eeda260d6c5c486643e5f474153469c728?s=96&d=blank&r=g","contentUrl":"https:\/\/secure.gravatar.com\/avatar\/c820e118da73c12bbab9f3e84e4787eeda260d6c5c486643e5f474153469c728?s=96&d=blank&r=g","caption":"Michelle West"},"description":"DriveSavers Senior Marketing Manager Writing about DriveSavers, data recovery, or another technology-related topic? Contact us.","sameAs":["https:\/\/www.linkedin.com\/in\/west-michelle\/"],"url":"https:\/\/drivesaversdatarecovery.com\/nb-no\/author\/michelle\/"}]}},"_links":{"self":[{"href":"https:\/\/drivesaversdatarecovery.com\/nb-no\/wp-json\/wp\/v2\/pages\/978","targetHints":{"allow":["GET"]}}],"collection":[{"href":"https:\/\/drivesaversdatarecovery.com\/nb-no\/wp-json\/wp\/v2\/pages"}],"about":[{"href":"https:\/\/drivesaversdatarecovery.com\/nb-no\/wp-json\/wp\/v2\/types\/page"}],"author":[{"embeddable":true,"href":"https:\/\/drivesaversdatarecovery.com\/nb-no\/wp-json\/wp\/v2\/users\/30"}],"replies":[{"embeddable":true,"href":"https:\/\/drivesaversdatarecovery.com\/nb-no\/wp-json\/wp\/v2\/comments?post=978"}],"version-history":[{"count":0,"href":"https:\/\/drivesaversdatarecovery.com\/nb-no\/wp-json\/wp\/v2\/pages\/978\/revisions"}],"up":[{"embeddable":true,"href":"https:\/\/drivesaversdatarecovery.com\/nb-no\/wp-json\/wp\/v2\/pages\/876"}],"wp:featuredmedia":[{"embeddable":true,"href":"https:\/\/drivesaversdatarecovery.com\/nb-no\/wp-json\/wp\/v2\/media\/993"}],"wp:attachment":[{"href":"https:\/\/drivesaversdatarecovery.com\/nb-no\/wp-json\/wp\/v2\/media?parent=978"}],"curies":[{"name":"wp","href":"https:\/\/api.w.org\/{rel}","templated":true}]}}