{"id":978,"date":"2018-08-04T02:51:50","date_gmt":"2018-08-04T02:51:50","guid":{"rendered":"https:\/\/test.drivesaversdatarecovery.com\/?page_id=978"},"modified":"2024-11-21T12:31:56","modified_gmt":"2024-11-21T20:31:56","slug":"recuperation-de-donnees-de-haute-securite","status":"publish","type":"page","link":"https:\/\/drivesaversdatarecovery.com\/fr-fr\/why-us\/certified-secure-data-recovery\/high-security-data-recovery\/","title":{"rendered":"R\u00e9cup\u00e9ration de donn\u00e9es \u00e0 haute s\u00e9curit\u00e9"},"content":{"rendered":"<div class=\"wpb-content-wrapper\"><div class=\"vc_section wpex-relative\"><div class=\"vc_row wpb_row vc_row-fluid vc_custom_1533348215671 vc_column-gap-35 vc_row-o-equal-height vc_row-o-content-middle vc_row-flex wpex-relative tablet-fullwidth-columns\"><div class=\"wpb_column vc_column_container vc_col-sm-12\"><div class=\"vc_column-inner\"><div class=\"wpb_wrapper\"><h2 class=\"vcex-heading vcex-heading-plain vcex-module wpex-heading wpex-text-2xl wpex-h2\"><span class=\"vcex-heading-inner wpex-inline-block\">Service de r\u00e9cup\u00e9ration de donn\u00e9es \u00e0 haute s\u00e9curit\u00e9<\/span><\/h2><div class=\"vcex-module vcex-divider vcex-divider-solid vcex-divider-left wpex-mr-auto wpex-max-w-100 wpex-block wpex-h-0 wpex-border-b wpex-border-solid wpex-border-main\" style=\"width:30%;margin-block-start:25px;margin-block-end:10px;border-bottom-width:6px;border-color:#ec0912;\"><\/div>\n\t<div class=\"wpb_text_column wpb_content_element\" >\n\t\t<div class=\"wpb_wrapper\">\n\t\t\t<p>Certaines situations de perte de donn\u00e9es et certains clients n\u00e9cessitent des proc\u00e9dures de s\u00e9curit\u00e9 suppl\u00e9mentaires.<\/p>\n<p>Notre service de s\u00e9curit\u00e9 haute s\u00e9curit\u00e9 peut \u00eatre combin\u00e9 avec nos plans de service standard et prioritaire. Notre directeur de la s\u00e9curit\u00e9 de l'information (CISO) est disponible pour discuter de vos besoins et personnaliser les niveaux de s\u00e9curit\u00e9 au-del\u00e0 de ceux que nous fournissons habituellement.<\/p>\n<p>En plus de l'environnement de r\u00e9cup\u00e9ration de donn\u00e9es le plus s\u00e9curis\u00e9 disponible, DriveSavers prend les pr\u00e9cautions suivantes pour ceux qui n\u00e9cessitent un service de s\u00e9curit\u00e9 haute s\u00e9curit\u00e9 :<\/p>\n\n\t\t<\/div>\n\t<\/div>\n<div class=\"vcex-spacing wpex-w-100 wpex-clear\"><\/div><div class=\"vcex-module vcex-bullets vcex-bullets--vertical vcex-bullets-red\">\n<ul role=\"list\">\n<li>Les supports sont conserv\u00e9s dans un coffre-fort Mosler de Classe 5 pendant les heures non ouvr\u00e9es ; ce coffre r\u00e9siste \u00e0 toutes les formes d'attaque des intrus, ainsi qu'aux incendies, inondations et tremblements de terre<\/li>\n<li>Aucune copie de vos donn\u00e9es n'est conserv\u00e9e sur place une fois la r\u00e9cup\u00e9ration termin\u00e9e.<\/li>\n<li>Deux copies distinctes de vos donn\u00e9es r\u00e9cup\u00e9r\u00e9es vous sont envoy\u00e9es par deux services de messagerie diff\u00e9rents.<\/li>\n<li>Votre r\u00e9cup\u00e9ration re\u00e7oit la priorit\u00e9 absolue tout au long du processus<\/li>\n<li>Toutes les proc\u00e9dures sont document\u00e9es et respect\u00e9es pour le traitement des donn\u00e9es sensibles ou crypt\u00e9es.<\/li>\n<li>Les protocoles de cha\u00eene de conservation garantissent l'int\u00e9grit\u00e9 et la s\u00e9curit\u00e9 des donn\u00e9es depuis le point de r\u00e9ception jusqu'au point de d\u00e9part<\/li>\n<li>Un accord de confidentialit\u00e9 est sign\u00e9 si n\u00e9cessaire<\/li>\n<\/ul>\n<\/div><\/div><\/div><\/div><\/div><\/div><div class=\"vc_section wpex-relative\"><\/div><div class=\"vc_section wpex-relative\"><div class=\"vc_row wpb_row vc_row-fluid vc_column-gap-35 vc_row-o-equal-height vc_row-o-content-middle vc_row-flex wpex-relative tablet-fullwidth-columns\"><div class=\"wpb_column vc_column_container vc_col-sm-12\"><div class=\"vc_column-inner\"><div class=\"wpb_wrapper\"><h2 class=\"vcex-heading vcex-heading-plain vcex-module wpex-heading wpex-text-2xl wpex-h2\"><span class=\"vcex-heading-inner wpex-inline-block\">Form\u00e9 au cryptage<\/span><\/h2><div class=\"vcex-module vcex-divider vcex-divider-solid vcex-divider-left wpex-mr-auto wpex-max-w-100 wpex-block wpex-h-0 wpex-border-b wpex-border-solid wpex-border-main\" style=\"width:30%;margin-block-start:25px;margin-block-end:10px;border-bottom-width:6px;border-color:#ec0912;\"><\/div>\n\t<div class=\"wpb_text_column wpb_content_element\" >\n\t\t<div class=\"wpb_wrapper\">\n\t\t\t<p>Les ing\u00e9nieurs de DriveSavers sont form\u00e9s et certifi\u00e9s pour r\u00e9cup\u00e9rer correctement et en toute s\u00e9curit\u00e9 les donn\u00e9es perdues sur tous les disques durs, p\u00e9riph\u00e9riques et logiciels crypt\u00e9s.<\/p>\n\n\t\t<\/div>\n\t<\/div>\n<div class=\"vcex-spacing wpex-w-100 wpex-clear\"><\/div><div class=\"vcex-module vcex-bullets vcex-bullets--vertical vcex-bullets-red\">\n<ul role=\"list\">\n<li>Soutient les exigences de la DAR.<\/li>\n<li>Solutions personnalis\u00e9es pour le traitement des fichiers et des lecteurs crypt\u00e9s.<br \/>\n1.  Les donn\u00e9es peuvent \u00eatre restaur\u00e9es sous forme d'image uniquement ; le disque est renvoy\u00e9 avec le cryptage d'origine toujours intact.<br \/>\n2.  Les donn\u00e9es peuvent \u00eatre d\u00e9crypt\u00e9es dans nos locaux afin d'en v\u00e9rifier l'int\u00e9grit\u00e9 (cette option n\u00e9cessite votre cl\u00e9 de cryptage).<\/li>\n<\/ul>\n<\/div><\/div><\/div><\/div><\/div><\/div><div class=\"vc_section wpex-relative\"><div class=\"vc_row wpb_row vc_row-fluid vc_column-gap-35 vc_row-o-equal-height vc_row-o-content-middle vc_row-flex wpex-relative tablet-fullwidth-columns\"><div class=\"wpb_column vc_column_container vc_col-sm-12\"><div class=\"vc_column-inner\"><div class=\"wpb_wrapper\"><h2 class=\"vcex-heading vcex-heading-plain vcex-module wpex-heading wpex-text-2xl wpex-h2 translation-block\"><span class=\"vcex-heading-inner wpex-inline-block\">R\u00e9cup\u00e9ration de donn\u00e9es<br><br>certifi\u00e9e s\u00e9curis\u00e9e<\/span><\/h2><div class=\"vcex-module vcex-divider vcex-divider-solid vcex-divider-left wpex-mr-auto wpex-max-w-100 wpex-block wpex-h-0 wpex-border-b wpex-border-solid wpex-border-main\" style=\"width:30%;margin-block-start:25px;margin-block-end:10px;border-bottom-width:6px;border-color:#ec0912;\"><\/div>\n\t<div class=\"wpb_text_column wpb_content_element\" >\n\t\t<div class=\"wpb_wrapper\">\n\t\t\t<p>DriveSavers est la seule entreprise de r\u00e9cup\u00e9ration de donn\u00e9es dans l'industrie \u00e0 publier la preuve d'un audit annuel de s\u00e9curit\u00e9 SOC 2 Type II effectu\u00e9 sur nos syst\u00e8mes de contr\u00f4le de l'h\u00e9bergement et du traitement des donn\u00e9es.<\/p>\n<p>Un audit annuel SOC 2 Type II v\u00e9rifie nos qualifications pour g\u00e9rer des r\u00e9cup\u00e9rations de donn\u00e9es de niveau entreprise et soutenir les clients qui doivent maintenir leur conformit\u00e9 avec les r\u00e9glementations sur la confidentialit\u00e9 des donn\u00e9es et la s\u00e9curit\u00e9 des donn\u00e9es telles que :<\/p>\n\n\t\t<\/div>\n\t<\/div>\n<div class=\"vcex-spacing wpex-w-100 wpex-clear\"><\/div><\/div><\/div><\/div><\/div><\/div><div class=\"vc_section wpex-relative\"><div class=\"vc_row wpb_row vc_row-fluid vc_column-gap-35 vc_row-o-equal-height vc_row-o-content-middle vc_row-flex wpex-relative tablet-fullwidth-columns\"><div class=\"wpb_column vc_column_container vc_col-sm-12\"><div class=\"vc_column-inner\"><div class=\"wpb_wrapper\"><h2 class=\"vcex-heading vcex-heading-plain vcex-module wpex-heading wpex-text-2xl wpex-h2\"><span class=\"vcex-heading-inner wpex-inline-block\">Service de r\u00e9cup\u00e9ration de donn\u00e9es rapide, fiable et professionnel<\/span><\/h2><div class=\"vcex-module vcex-divider vcex-divider-solid vcex-divider-left wpex-mr-auto wpex-max-w-100 wpex-block wpex-h-0 wpex-border-b wpex-border-solid wpex-border-main\" style=\"width:30%;margin-block-start:25px;margin-block-end:10px;border-bottom-width:6px;border-color:#ec0912;\"><\/div><div class=\"vcex-spacing wpex-w-100 wpex-clear\"><\/div><div class=\"vcex-module vcex-bullets vcex-bullets--vertical vcex-bullets-red\">\n<ul role=\"list\">\n<li>D\u00e9lai d'ex\u00e9cution standard : 24 \u00e0 48 heures<\/li>\n<li>Des conseillers bas\u00e9s aux \u00c9tats-Unis r\u00e9pondent \u00e0 votre appel<\/li>\n<li>Taux de r\u00e9ussite de la r\u00e9cup\u00e9ration des donn\u00e9es le plus \u00e9lev\u00e9 du secteur<\/li>\n<li>Tous les syst\u00e8mes d'exploitation, tous les supports, tous les types de \"disk-asters\"<\/li>\n<\/ul>\n<\/div><div class=\"vcex-spacing wpex-w-100 wpex-clear\"><\/div>\n\t<div class=\"wpb_text_column wpb_content_element\" >\n\t\t<div class=\"wpb_wrapper\">\n\t\t\t<p>Pour plus d'informations, appelez le <a href=\"tel:(800) 440-1904\">(800) 440-1904<\/a> et demandez \u00e0 parler \u00e0 notre responsable de la s\u00e9curit\u00e9 de l'information.<\/p>\n\n\t\t<\/div>\n\t<\/div>\n<\/div><\/div><\/div><\/div><\/div>\n<\/div>","protected":false},"excerpt":{"rendered":"High Security Data Recovery Service Certain customers and data loss situations require extra security procedures. Our High Security Service can be combined with our Standard and Priority Service Plans. Our Chief Information Security Officer (CISO) is available to discuss your needs and customize security levels beyond those we routinely provide. In addition to the safest&hellip;","protected":false},"author":30,"featured_media":993,"parent":876,"menu_order":0,"comment_status":"closed","ping_status":"closed","template":"","meta":{"_acf_changed":false,"inline_featured_image":false,"footnotes":""},"class_list":["post-978","page","type-page","status-publish","has-post-thumbnail","hentry","entry","has-media"],"acf":[],"yoast_head":"<!-- This site is optimized with the Yoast SEO Premium plugin v26.9 (Yoast SEO v27.3) - https:\/\/yoast.com\/product\/yoast-seo-premium-wordpress\/ -->\n<title>High Security Data Recovery - DriveSavers<\/title>\n<meta name=\"description\" content=\"DriveSavers Data Recovery Services provides high security data recovery services to all clients. Click here to learn more about our security protocls.\" \/>\n<meta name=\"robots\" content=\"index, follow, max-snippet:-1, max-image-preview:large, max-video-preview:-1\" \/>\n<link rel=\"canonical\" href=\"https:\/\/drivesaversdatarecovery.com\/fr-fr\/pourquoi-nous\/recuperation-de-donnees-securisee-et-certifiee\/recuperation-de-donnees-de-haute-securite\/\" \/>\n<meta property=\"og:locale\" content=\"fr_FR\" \/>\n<meta property=\"og:type\" content=\"article\" \/>\n<meta property=\"og:title\" content=\"High Security Data Recovery\" \/>\n<meta property=\"og:url\" content=\"https:\/\/drivesaversdatarecovery.com\/fr-fr\/pourquoi-nous\/recuperation-de-donnees-securisee-et-certifiee\/recuperation-de-donnees-de-haute-securite\/\" \/>\n<meta property=\"og:site_name\" content=\"DriveSavers Data Recovery Services\" \/>\n<meta property=\"article:publisher\" content=\"https:\/\/www.facebook.com\/DriveSavers\" \/>\n<meta property=\"article:modified_time\" content=\"2024-11-21T20:31:56+00:00\" \/>\n<meta property=\"og:image\" content=\"https:\/\/drivesaversdatarecovery.com\/wp-content\/uploads\/2018\/08\/header-secure4-scaled-e1699263029627.jpg\" \/>\n\t<meta property=\"og:image:width\" content=\"2000\" \/>\n\t<meta property=\"og:image:height\" content=\"1046\" \/>\n\t<meta property=\"og:image:type\" content=\"image\/jpeg\" \/>\n<meta name=\"twitter:card\" content=\"summary_large_image\" \/>\n<meta name=\"twitter:site\" content=\"@drivesavers\" \/>\n<meta name=\"twitter:label1\" content=\"Dur\u00e9e de lecture estim\u00e9e\" \/>\n\t<meta name=\"twitter:data1\" content=\"3 minutes\" \/>\n<script type=\"application\/ld+json\" class=\"yoast-schema-graph\">{\"@context\":\"https:\\\/\\\/schema.org\",\"@graph\":[{\"@type\":\"TechArticle\",\"@id\":\"https:\\\/\\\/drivesaversdatarecovery.com\\\/en-gb\\\/why-us\\\/certified-secure-data-recovery\\\/high-security-data-recovery\\\/#article\",\"isPartOf\":{\"@id\":\"https:\\\/\\\/drivesaversdatarecovery.com\\\/en-gb\\\/why-us\\\/certified-secure-data-recovery\\\/high-security-data-recovery\\\/\"},\"author\":{\"name\":\"Michelle West\",\"@id\":\"https:\\\/\\\/drivesaversdatarecovery.com\\\/#\\\/schema\\\/person\\\/8319da503f7e4ddd51903b6d8295be1c\"},\"headline\":\"High Security Data Recovery\",\"datePublished\":\"2018-08-04T02:51:50+00:00\",\"dateModified\":\"2024-11-21T20:31:56+00:00\",\"mainEntityOfPage\":{\"@id\":\"https:\\\/\\\/drivesaversdatarecovery.com\\\/en-gb\\\/why-us\\\/certified-secure-data-recovery\\\/high-security-data-recovery\\\/\"},\"wordCount\":760,\"publisher\":{\"@id\":\"https:\\\/\\\/drivesaversdatarecovery.com\\\/#organization\"},\"image\":{\"@id\":\"https:\\\/\\\/drivesaversdatarecovery.com\\\/en-gb\\\/why-us\\\/certified-secure-data-recovery\\\/high-security-data-recovery\\\/#primaryimage\"},\"thumbnailUrl\":\"https:\\\/\\\/drivesaversdatarecovery.com\\\/wp-content\\\/uploads\\\/2018\\\/08\\\/header-secure4-scaled-e1699263029627.jpg\",\"inLanguage\":\"fr-FR\"},{\"@type\":\"WebPage\",\"@id\":\"https:\\\/\\\/drivesaversdatarecovery.com\\\/en-gb\\\/why-us\\\/certified-secure-data-recovery\\\/high-security-data-recovery\\\/\",\"url\":\"https:\\\/\\\/drivesaversdatarecovery.com\\\/en-gb\\\/why-us\\\/certified-secure-data-recovery\\\/high-security-data-recovery\\\/\",\"name\":\"High Security Data Recovery - DriveSavers\",\"isPartOf\":{\"@id\":\"https:\\\/\\\/drivesaversdatarecovery.com\\\/#website\"},\"primaryImageOfPage\":{\"@id\":\"https:\\\/\\\/drivesaversdatarecovery.com\\\/en-gb\\\/why-us\\\/certified-secure-data-recovery\\\/high-security-data-recovery\\\/#primaryimage\"},\"image\":{\"@id\":\"https:\\\/\\\/drivesaversdatarecovery.com\\\/en-gb\\\/why-us\\\/certified-secure-data-recovery\\\/high-security-data-recovery\\\/#primaryimage\"},\"thumbnailUrl\":\"https:\\\/\\\/drivesaversdatarecovery.com\\\/wp-content\\\/uploads\\\/2018\\\/08\\\/header-secure4-scaled-e1699263029627.jpg\",\"datePublished\":\"2018-08-04T02:51:50+00:00\",\"dateModified\":\"2024-11-21T20:31:56+00:00\",\"description\":\"DriveSavers Data Recovery Services provides high security data recovery services to all clients. Click here to learn more about our security protocls.\",\"breadcrumb\":{\"@id\":\"https:\\\/\\\/drivesaversdatarecovery.com\\\/en-gb\\\/why-us\\\/certified-secure-data-recovery\\\/high-security-data-recovery\\\/#breadcrumb\"},\"inLanguage\":\"fr-FR\",\"potentialAction\":[{\"@type\":\"ReadAction\",\"target\":[\"https:\\\/\\\/drivesaversdatarecovery.com\\\/en-gb\\\/why-us\\\/certified-secure-data-recovery\\\/high-security-data-recovery\\\/\"]}]},{\"@type\":\"ImageObject\",\"inLanguage\":\"fr-FR\",\"@id\":\"https:\\\/\\\/drivesaversdatarecovery.com\\\/en-gb\\\/why-us\\\/certified-secure-data-recovery\\\/high-security-data-recovery\\\/#primaryimage\",\"url\":\"https:\\\/\\\/drivesaversdatarecovery.com\\\/wp-content\\\/uploads\\\/2018\\\/08\\\/header-secure4-scaled-e1699263029627.jpg\",\"contentUrl\":\"https:\\\/\\\/drivesaversdatarecovery.com\\\/wp-content\\\/uploads\\\/2018\\\/08\\\/header-secure4-scaled-e1699263029627.jpg\",\"width\":2000,\"height\":1046},{\"@type\":\"BreadcrumbList\",\"@id\":\"https:\\\/\\\/drivesaversdatarecovery.com\\\/en-gb\\\/why-us\\\/certified-secure-data-recovery\\\/high-security-data-recovery\\\/#breadcrumb\",\"itemListElement\":[{\"@type\":\"ListItem\",\"position\":1,\"name\":\"Home\",\"item\":\"https:\\\/\\\/drivesaversdatarecovery.com\\\/\"},{\"@type\":\"ListItem\",\"position\":2,\"name\":\"Why DriveSavers\",\"item\":\"https:\\\/\\\/drivesaversdatarecovery.com\\\/why-us\\\/\"},{\"@type\":\"ListItem\",\"position\":3,\"name\":\"Certified Secure\",\"item\":\"https:\\\/\\\/drivesaversdatarecovery.com\\\/why-us\\\/certified-secure-data-recovery\\\/\"},{\"@type\":\"ListItem\",\"position\":4,\"name\":\"High Security Data Recovery\"}]},{\"@type\":\"WebSite\",\"@id\":\"https:\\\/\\\/drivesaversdatarecovery.com\\\/#website\",\"url\":\"https:\\\/\\\/drivesaversdatarecovery.com\\\/\",\"name\":\"DriveSavers Data Recovery Services\",\"description\":\"The Worldwide Leader in Data Recovery\",\"publisher\":{\"@id\":\"https:\\\/\\\/drivesaversdatarecovery.com\\\/#organization\"},\"potentialAction\":[{\"@type\":\"SearchAction\",\"target\":{\"@type\":\"EntryPoint\",\"urlTemplate\":\"https:\\\/\\\/drivesaversdatarecovery.com\\\/?s={search_term_string}\"},\"query-input\":{\"@type\":\"PropertyValueSpecification\",\"valueRequired\":true,\"valueName\":\"search_term_string\"}}],\"inLanguage\":\"fr-FR\"},{\"@type\":\"Organization\",\"@id\":\"https:\\\/\\\/drivesaversdatarecovery.com\\\/#organization\",\"name\":\"DriveSavers Data Recovery\",\"url\":\"https:\\\/\\\/drivesaversdatarecovery.com\\\/\",\"logo\":{\"@type\":\"ImageObject\",\"inLanguage\":\"fr-FR\",\"@id\":\"https:\\\/\\\/drivesaversdatarecovery.com\\\/#\\\/schema\\\/logo\\\/image\\\/\",\"url\":\"https:\\\/\\\/drivesaversdatarecovery.com\\\/wp-content\\\/uploads\\\/2021\\\/08\\\/Logo-01.png\",\"contentUrl\":\"https:\\\/\\\/drivesaversdatarecovery.com\\\/wp-content\\\/uploads\\\/2021\\\/08\\\/Logo-01.png\",\"width\":1092,\"height\":1087,\"caption\":\"DriveSavers Data Recovery\"},\"image\":{\"@id\":\"https:\\\/\\\/drivesaversdatarecovery.com\\\/#\\\/schema\\\/logo\\\/image\\\/\"},\"sameAs\":[\"https:\\\/\\\/www.facebook.com\\\/DriveSavers\",\"https:\\\/\\\/x.com\\\/drivesavers\",\"https:\\\/\\\/www.instagram.com\\\/drivesavers\\\/\",\"https:\\\/\\\/www.linkedin.com\\\/company\\\/drivesavers-data-recovery\\\/\",\"https:\\\/\\\/www.pinterest.com\\\/drivesavers\\\/\",\"https:\\\/\\\/www.youtube.com\\\/channel\\\/UCBlynLMdFWQgid-Gwm0zJ1A\",\"https:\\\/\\\/en.wikipedia.org\\\/wiki\\\/DriveSavers\"]},{\"@type\":\"Person\",\"@id\":\"https:\\\/\\\/drivesaversdatarecovery.com\\\/#\\\/schema\\\/person\\\/8319da503f7e4ddd51903b6d8295be1c\",\"name\":\"Michelle West\",\"image\":{\"@type\":\"ImageObject\",\"inLanguage\":\"fr-FR\",\"@id\":\"https:\\\/\\\/secure.gravatar.com\\\/avatar\\\/c820e118da73c12bbab9f3e84e4787eeda260d6c5c486643e5f474153469c728?s=96&d=blank&r=g\",\"url\":\"https:\\\/\\\/secure.gravatar.com\\\/avatar\\\/c820e118da73c12bbab9f3e84e4787eeda260d6c5c486643e5f474153469c728?s=96&d=blank&r=g\",\"contentUrl\":\"https:\\\/\\\/secure.gravatar.com\\\/avatar\\\/c820e118da73c12bbab9f3e84e4787eeda260d6c5c486643e5f474153469c728?s=96&d=blank&r=g\",\"caption\":\"Michelle West\"},\"description\":\"DriveSavers Senior Marketing Manager Writing about DriveSavers, data recovery, or another technology-related topic? Contact us.\",\"sameAs\":[\"https:\\\/\\\/www.linkedin.com\\\/in\\\/west-michelle\\\/\"],\"url\":\"https:\\\/\\\/drivesaversdatarecovery.com\\\/fr-fr\\\/author\\\/michelle\\\/\"}]}<\/script>\n<!-- \/ Yoast SEO Premium plugin. -->","yoast_head_json":{"title":"R\u00e9cup\u00e9ration de donn\u00e9es haute s\u00e9curit\u00e9 - DriveSavers","description":"DriveSavers Data Recovery Services fournit des services de r\u00e9cup\u00e9ration de donn\u00e9es de haute s\u00e9curit\u00e9 \u00e0 tous ses clients. Cliquez ici pour en savoir plus sur nos protocoles de s\u00e9curit\u00e9.","robots":{"index":"index","follow":"follow","max-snippet":"max-snippet:-1","max-image-preview":"max-image-preview:large","max-video-preview":"max-video-preview:-1"},"canonical":"https:\/\/drivesaversdatarecovery.com\/fr-fr\/pourquoi-nous\/recuperation-de-donnees-securisee-et-certifiee\/recuperation-de-donnees-de-haute-securite\/","og_locale":"fr_FR","og_type":"article","og_title":"High Security Data Recovery","og_url":"https:\/\/drivesaversdatarecovery.com\/fr-fr\/pourquoi-nous\/recuperation-de-donnees-securisee-et-certifiee\/recuperation-de-donnees-de-haute-securite\/","og_site_name":"DriveSavers Data Recovery Services","article_publisher":"https:\/\/www.facebook.com\/DriveSavers","article_modified_time":"2024-11-21T20:31:56+00:00","og_image":[{"width":2000,"height":1046,"url":"https:\/\/drivesaversdatarecovery.com\/wp-content\/uploads\/2018\/08\/header-secure4-scaled-e1699263029627.jpg","type":"image\/jpeg"}],"twitter_card":"summary_large_image","twitter_site":"@drivesavers","twitter_misc":{"Dur\u00e9e de lecture estim\u00e9e":"3 minutes"},"schema":{"@context":"https:\/\/schema.org","@graph":[{"@type":"TechArticle","@id":"https:\/\/drivesaversdatarecovery.com\/en-gb\/why-us\/certified-secure-data-recovery\/high-security-data-recovery\/#article","isPartOf":{"@id":"https:\/\/drivesaversdatarecovery.com\/en-gb\/why-us\/certified-secure-data-recovery\/high-security-data-recovery\/"},"author":{"name":"Michelle West","@id":"https:\/\/drivesaversdatarecovery.com\/#\/schema\/person\/8319da503f7e4ddd51903b6d8295be1c"},"headline":"High Security Data Recovery","datePublished":"2018-08-04T02:51:50+00:00","dateModified":"2024-11-21T20:31:56+00:00","mainEntityOfPage":{"@id":"https:\/\/drivesaversdatarecovery.com\/en-gb\/why-us\/certified-secure-data-recovery\/high-security-data-recovery\/"},"wordCount":760,"publisher":{"@id":"https:\/\/drivesaversdatarecovery.com\/#organization"},"image":{"@id":"https:\/\/drivesaversdatarecovery.com\/en-gb\/why-us\/certified-secure-data-recovery\/high-security-data-recovery\/#primaryimage"},"thumbnailUrl":"https:\/\/drivesaversdatarecovery.com\/wp-content\/uploads\/2018\/08\/header-secure4-scaled-e1699263029627.jpg","inLanguage":"fr-FR"},{"@type":"WebPage","@id":"https:\/\/drivesaversdatarecovery.com\/en-gb\/why-us\/certified-secure-data-recovery\/high-security-data-recovery\/","url":"https:\/\/drivesaversdatarecovery.com\/en-gb\/why-us\/certified-secure-data-recovery\/high-security-data-recovery\/","name":"R\u00e9cup\u00e9ration de donn\u00e9es haute s\u00e9curit\u00e9 - DriveSavers","isPartOf":{"@id":"https:\/\/drivesaversdatarecovery.com\/#website"},"primaryImageOfPage":{"@id":"https:\/\/drivesaversdatarecovery.com\/en-gb\/why-us\/certified-secure-data-recovery\/high-security-data-recovery\/#primaryimage"},"image":{"@id":"https:\/\/drivesaversdatarecovery.com\/en-gb\/why-us\/certified-secure-data-recovery\/high-security-data-recovery\/#primaryimage"},"thumbnailUrl":"https:\/\/drivesaversdatarecovery.com\/wp-content\/uploads\/2018\/08\/header-secure4-scaled-e1699263029627.jpg","datePublished":"2018-08-04T02:51:50+00:00","dateModified":"2024-11-21T20:31:56+00:00","description":"DriveSavers Data Recovery Services fournit des services de r\u00e9cup\u00e9ration de donn\u00e9es de haute s\u00e9curit\u00e9 \u00e0 tous ses clients. Cliquez ici pour en savoir plus sur nos protocoles de s\u00e9curit\u00e9.","breadcrumb":{"@id":"https:\/\/drivesaversdatarecovery.com\/en-gb\/why-us\/certified-secure-data-recovery\/high-security-data-recovery\/#breadcrumb"},"inLanguage":"fr-FR","potentialAction":[{"@type":"ReadAction","target":["https:\/\/drivesaversdatarecovery.com\/en-gb\/why-us\/certified-secure-data-recovery\/high-security-data-recovery\/"]}]},{"@type":"ImageObject","inLanguage":"fr-FR","@id":"https:\/\/drivesaversdatarecovery.com\/en-gb\/why-us\/certified-secure-data-recovery\/high-security-data-recovery\/#primaryimage","url":"https:\/\/drivesaversdatarecovery.com\/wp-content\/uploads\/2018\/08\/header-secure4-scaled-e1699263029627.jpg","contentUrl":"https:\/\/drivesaversdatarecovery.com\/wp-content\/uploads\/2018\/08\/header-secure4-scaled-e1699263029627.jpg","width":2000,"height":1046},{"@type":"BreadcrumbList","@id":"https:\/\/drivesaversdatarecovery.com\/en-gb\/why-us\/certified-secure-data-recovery\/high-security-data-recovery\/#breadcrumb","itemListElement":[{"@type":"ListItem","position":1,"name":"Home","item":"https:\/\/drivesaversdatarecovery.com\/"},{"@type":"ListItem","position":2,"name":"Why DriveSavers","item":"https:\/\/drivesaversdatarecovery.com\/why-us\/"},{"@type":"ListItem","position":3,"name":"Certified Secure","item":"https:\/\/drivesaversdatarecovery.com\/why-us\/certified-secure-data-recovery\/"},{"@type":"ListItem","position":4,"name":"High Security Data Recovery"}]},{"@type":"WebSite","@id":"https:\/\/drivesaversdatarecovery.com\/#website","url":"https:\/\/drivesaversdatarecovery.com\/","name":"Services de r\u00e9cup\u00e9ration de donn\u00e9es DriveSavers","description":"Le leader mondial de la r\u00e9cup\u00e9ration de donn\u00e9es","publisher":{"@id":"https:\/\/drivesaversdatarecovery.com\/#organization"},"potentialAction":[{"@type":"SearchAction","target":{"@type":"EntryPoint","urlTemplate":"https:\/\/drivesaversdatarecovery.com\/?s={search_term_string}"},"query-input":{"@type":"PropertyValueSpecification","valueRequired":true,"valueName":"search_term_string"}}],"inLanguage":"fr-FR"},{"@type":"Organization","@id":"https:\/\/drivesaversdatarecovery.com\/#organization","name":"DriveSavers Data Recovery","url":"https:\/\/drivesaversdatarecovery.com\/","logo":{"@type":"ImageObject","inLanguage":"fr-FR","@id":"https:\/\/drivesaversdatarecovery.com\/#\/schema\/logo\/image\/","url":"https:\/\/drivesaversdatarecovery.com\/wp-content\/uploads\/2021\/08\/Logo-01.png","contentUrl":"https:\/\/drivesaversdatarecovery.com\/wp-content\/uploads\/2021\/08\/Logo-01.png","width":1092,"height":1087,"caption":"DriveSavers Data Recovery"},"image":{"@id":"https:\/\/drivesaversdatarecovery.com\/#\/schema\/logo\/image\/"},"sameAs":["https:\/\/www.facebook.com\/DriveSavers","https:\/\/x.com\/drivesavers","https:\/\/www.instagram.com\/drivesavers\/","https:\/\/www.linkedin.com\/company\/drivesavers-data-recovery\/","https:\/\/www.pinterest.com\/drivesavers\/","https:\/\/www.youtube.com\/channel\/UCBlynLMdFWQgid-Gwm0zJ1A","https:\/\/en.wikipedia.org\/wiki\/DriveSavers"]},{"@type":"Person","@id":"https:\/\/drivesaversdatarecovery.com\/#\/schema\/person\/8319da503f7e4ddd51903b6d8295be1c","name":"Michelle West","image":{"@type":"ImageObject","inLanguage":"fr-FR","@id":"https:\/\/secure.gravatar.com\/avatar\/c820e118da73c12bbab9f3e84e4787eeda260d6c5c486643e5f474153469c728?s=96&d=blank&r=g","url":"https:\/\/secure.gravatar.com\/avatar\/c820e118da73c12bbab9f3e84e4787eeda260d6c5c486643e5f474153469c728?s=96&d=blank&r=g","contentUrl":"https:\/\/secure.gravatar.com\/avatar\/c820e118da73c12bbab9f3e84e4787eeda260d6c5c486643e5f474153469c728?s=96&d=blank&r=g","caption":"Michelle West"},"description":"DriveSavers Senior Marketing Manager Ecrire sur DriveSavers, la r\u00e9cup\u00e9ration de donn\u00e9es, ou un autre sujet li\u00e9 \u00e0 la technologie ? Contactez nous.","sameAs":["https:\/\/www.linkedin.com\/in\/west-michelle\/"],"url":"https:\/\/drivesaversdatarecovery.com\/fr-fr\/author\/michelle\/"}]}},"_links":{"self":[{"href":"https:\/\/drivesaversdatarecovery.com\/fr-fr\/wp-json\/wp\/v2\/pages\/978","targetHints":{"allow":["GET"]}}],"collection":[{"href":"https:\/\/drivesaversdatarecovery.com\/fr-fr\/wp-json\/wp\/v2\/pages"}],"about":[{"href":"https:\/\/drivesaversdatarecovery.com\/fr-fr\/wp-json\/wp\/v2\/types\/page"}],"author":[{"embeddable":true,"href":"https:\/\/drivesaversdatarecovery.com\/fr-fr\/wp-json\/wp\/v2\/users\/30"}],"replies":[{"embeddable":true,"href":"https:\/\/drivesaversdatarecovery.com\/fr-fr\/wp-json\/wp\/v2\/comments?post=978"}],"version-history":[{"count":0,"href":"https:\/\/drivesaversdatarecovery.com\/fr-fr\/wp-json\/wp\/v2\/pages\/978\/revisions"}],"up":[{"embeddable":true,"href":"https:\/\/drivesaversdatarecovery.com\/fr-fr\/wp-json\/wp\/v2\/pages\/876"}],"wp:featuredmedia":[{"embeddable":true,"href":"https:\/\/drivesaversdatarecovery.com\/fr-fr\/wp-json\/wp\/v2\/media\/993"}],"wp:attachment":[{"href":"https:\/\/drivesaversdatarecovery.com\/fr-fr\/wp-json\/wp\/v2\/media?parent=978"}],"curies":[{"name":"wp","href":"https:\/\/api.w.org\/{rel}","templated":true}]}}