{"id":53173,"date":"2020-07-29T10:22:24","date_gmt":"2020-07-29T17:22:24","guid":{"rendered":"https:drivesaversdatarecovery.com\/\/?page_id=53173"},"modified":"2026-01-14T01:28:23","modified_gmt":"2026-01-14T09:28:23","slug":"toshiba-partner-portal-english","status":"publish","type":"page","link":"https:\/\/drivesaversdatarecovery.com\/fr-fr\/welcome\/toshiba-partner-portal-english\/","title":{"rendered":"Toshiba autorise DriveSavers \u00e0 r\u00e9cup\u00e9rer vos donn\u00e9es"},"content":{"rendered":"<div class=\"wpb-content-wrapper\"><div data-vc-parallax-image=\"https:\/\/drivesaversdatarecovery.com\/wp-content\/uploads\/2019\/04\/section-hdd1.jpg\" class=\"vc_row wpb_row vc_row-fluid vc_row-o-full-height vc_row-o-columns-middle vc_row-o-equal-height vc_row-flex wpex-vc-full-width-row wpex-relative wpex-vc_row-has-fill wpex-vc-reset-negative-margin wpex-has-overlay wpex-has-overlay--69d55d992fe14 wpex-parallax-bg-wrap\"><div class=\"wpex-parallax-bg wpex-absolute wpex-inset-0 wpex-bg-fixed wpex-bg-left-top wpex-bg-cover not-mobile\" data-direction=\"up\" data-velocity=\"-0.2\" data-fixed=\"false\" style=\"background-image:url(https:\/\/drivesaversdatarecovery.com\/wp-content\/uploads\/2019\/04\/section-hdd1.jpg);\"><\/div><div class=\"wpex-bg-overlay-wrap wpex-absolute wpex-inset-0 wpex-rounded-inherit\"><style class=\"wpex-bg-overlay-css\">.wpex-has-overlay--69d55d992fe14 > .wpex-bg-overlay-wrap .wpex-bg-overlay{background-color:#000000;opacity:.8;}<\/style><span class=\"wpex-bg-overlay dark wpex-absolute wpex-inset-0 wpex-rounded-inherit wpex-duration-500 wpex-opacity-60 wpex-bg-black\"><\/span><\/div><div class=\"wpb_column vc_column_container vc_col-sm-2\"><div class=\"vc_column-inner\"><div class=\"wpb_wrapper\"><\/div><\/div><\/div><div class=\"wpb_column home_cta vc_column_container vc_col-sm-8\"><div class=\"vc_column-inner\"><div class=\"wpb_wrapper\"><div class=\"vc_row wpb_row vc_inner vc_row-fluid home_cta vc_row-o-equal-height vc_row-o-content-middle vc_row-flex wpex-relative\"><div class=\"wpb_column vc_column_container vc_col-sm-2\"><div class=\"vc_column-inner\"><div class=\"wpb_wrapper\">\n\t<div  class=\"wpb_single_image wpb_content_element vc_align_center wpb_content_element\">\n\t\t\n\t\t<figure class=\"wpb_wrapper vc_figure\">\n\t\t\t<div class=\"vc_single_image-wrapper   vc_box_border_grey\"><img width=\"160\" height=\"160\" src=\"https:\/\/drivesaversdatarecovery.com\/wp-content\/uploads\/2018\/07\/ds-logo-ret2x.png\" class=\"vc_single_image-img attachment-full\" alt=\"DriveSavers Data Recovery\" title=\"ds-logo-ret2x\" srcset=\"https:\/\/drivesaversdatarecovery.com\/wp-content\/uploads\/2018\/07\/ds-logo-ret2x.png 160w, https:\/\/drivesaversdatarecovery.com\/wp-content\/uploads\/2018\/07\/ds-logo-ret2x-150x150.png 150w\" sizes=\"(max-width: 160px) 100vw, 160px\" \/><\/div>\n\t\t<\/figure>\n\t<\/div>\n<\/div><\/div><\/div><div class=\"wpb_column vc_column_container vc_col-sm-8\"><div class=\"vc_column-inner\"><div class=\"wpb_wrapper\"><style>.vcex-heading.vcex_69d55d993142e{color:#ffffff;}<\/style><h1 class=\"vcex-heading vcex-heading-plain vcex-module wpex-heading wpex-text-2xl wpex-h1 vcex_69d55d993142e\"><span class=\"vcex-heading-inner wpex-inline-block\">DriveSavers Recovers Data on Toshiba Drives<\/span><\/h1><\/div><\/div><\/div><\/div><div class=\"vc_row wpb_row vc_inner vc_row-fluid home_cta vc_row-o-equal-height vc_row-o-content-middle vc_row-flex wpex-relative\"><div class=\"wpb_column vc_column_container vc_col-sm-2\"><div class=\"vc_column-inner\"><div class=\"wpb_wrapper\"><\/div><\/div><\/div><div class=\"wpb_column vc_column_container vc_col-sm-6\"><div class=\"vc_column-inner\"><div class=\"wpb_wrapper\"><p style=\"font-size: 16px;color: #ffffff;text-align: left;font-family:Open Sans;font-weight:400;font-style:normal\" class=\"vc_custom_heading vc_do_custom_heading home_cta\" >DriveSavers is an authorized hard disk data recovery service provider for Toshiba Electronic Devices &amp; Storage Corporation.<\/p><p style=\"font-size: 16px;color: #ffffff;text-align: left;font-family:Open Sans;font-weight:400;font-style:normal\" class=\"vc_custom_heading vc_do_custom_heading home_cta\" >If you have lost critical data, the first recovery attempt offers your best opportunity for success. DriveSavers has the technology, security and experience required to get your data back.<\/p>\n\t<div style=\"color:#ffffff;font-size:1.2em;\" class=\"wpb_text_column has-custom-color wpex-child-inherit-color wpb_content_element\" >\n\t\t<div class=\"wpb_wrapper\">\n\t\t\t<p><strong>Call our US toll-free number<\/strong> now so we can answer all your questions, or submit a request online. <strong>Get 10% off with Discount Code DS85100.<\/strong><\/p>\n\n\t\t<\/div>\n\t<\/div>\n\n\t<div style=\"color:#ffffff;\" class=\"wpb_text_column has-custom-color wpex-child-inherit-color wpb_content_element\" >\n\t\t<div class=\"wpb_wrapper\">\n\t\t\t<ul>\n<li>24\/7 Customer Service<\/li>\n<li>Free Evaluation<\/li>\n<li>Free Shipping<\/li>\n<li>No Data \u2014 No Charge<\/li>\n<li>Certified Secure<\/li>\n<\/ul>\n\n\t\t<\/div>\n\t<\/div>\n<\/div><\/div><\/div><\/div><div class=\"vc_row wpb_row vc_inner vc_row-fluid vc_row-o-equal-height vc_row-o-content-middle vc_row-flex wpex-relative\"><div class=\"wpb_column vc_column_container vc_col-sm-2\"><div class=\"vc_column-inner\"><div class=\"wpb_wrapper\"><\/div><\/div><\/div><div class=\"wpb_column vc_column_container vc_col-sm-8\"><div class=\"vc_column-inner\"><div class=\"wpb_wrapper\"><div class=\"wpex-template-shortcode\"><div class=\"vc_row wpb_row vc_row-fluid vc_row-o-content-middle vc_row-flex wpex-relative\"><div class=\"wpb_column vc_column_container vc_col-sm-6\"><div class=\"vc_column-inner\"><div class=\"wpb_wrapper\"><div class=\"vc_empty_space\"   style=\"height: 11px\"><span class=\"vc_empty_space_inner\"><\/span><\/div>\n\t<div class=\"wpb_raw_code wpb_raw_js\" >\n\t\t<div class=\"wpb_wrapper\">\n\t\t\t<style>\n\/* ------------------------------------------------\n   FIX: Force full opacity for button + text\n   (works in Templatera)\n   ------------------------------------------------ *\/\n\n\/* Button itself (main text color \/ RGBA fix) *\/\n.button.button-left-oct042025 {\n  opacity: 1 !important;\n  color: #ffffff !important;\n  -webkit-text-fill-color: #ffffff !important;\n}\n\n\/* Main + secondary text *\/\n.button.button-left-oct042025 .button-text,\n.button.button-left-oct042025 .button-text *,\n.button.button-left-oct042025 .button-numbers,\n.button.button-left-oct042025 .button-numbers * {\n  opacity: 1 !important;\n  color: #ffffff !important;\n  -webkit-text-fill-color: #ffffff !important;\n}\n<\/style>\n\n<script src=\"https:\/\/unpkg.com\/@lottiefiles\/lottie-player@latest\/dist\/lottie-player.js\"><\/script>\n\n<a href=\"\/contact-drivesavers-b2b\/\" target=\"_blank\" class=\"button button-left-oct042025\">\n<rect x=\"2\" y=\"2\" width=\"20\" height=\"20\" rx=\"5\" ry=\"5\"><\/rect><path d=\"M16 11.37A4 4 0 1 1 12.63 8 4 4 0 0 1 16 11.37z\"><\/path><line x1=\"17.5\" y1=\"6.5\" x2=\"17.51\" y2=\"6.5\"><\/line><\/svg>\n <lottie-player src=\"https:\/\/lottie.host\/fed1aa36-08e6-481b-9b69-89537ecb98af\/1BGjuUkO3X.json\" background=\"transparent\" speed=\"1\" style=\"width: 100px; height: 100px; margin: -50px -20px -55px -50px\" loop autoplay><\/lottie-player>\n\n  <span class=\"button-text\">\n    <span style=\"font-size: 17px;\">Request an Evaluation<\/span>\n    <span class=\"button-numbers\">\n      <span id=\"button-count\"><\/span>\n      \n\nTel: +44 20 3048 5486\n\n\n\n\n\n\n\n\n\n\n\n\n\n\n\n\n\n\n\n    <\/span> \n  <\/span>\n<\/a>\n\n\n<sub style=\"font-weight: 700;color: #fff; font-size: 12px; top: 0em;\" >Remarque : les appels se feront en anglais.<\/sub>\n\n\n\n\n\n\n\n\n\n\n\n\n\n\n\n\n\n\n\n\n\t\t<\/div>\n\t<\/div>\n<\/div><\/div><\/div><div class=\"wpb_column elfsight-remove-keep-header vc_column_container vc_col-sm-6\"><div class=\"vc_column-inner\"><div class=\"wpb_wrapper\">\n\t<div class=\"wpb_raw_code wpb_raw_js\" >\n\t\t<div class=\"wpb_wrapper\">\n\t\t\t<div class=\"embedsocial-hashtag\" data-ref=\"2de41494b363757a163f148b7a5a7a958b978d04\"><\/div> <script> (function(d, s, id) { var js; if (d.getElementById(id)) {return;} js = d.createElement(s); js.id = id; js.src = \"https:\/\/embedsocial.com\/cdn\/ht.js\"; d.getElementsByTagName(\"head\")[0].appendChild(js); }(document, \"script\", \"EmbedSocialHashtagScript\")); <\/script>\n\t\t<\/div>\n\t<\/div>\n<\/div><\/div><\/div><\/div>\n<\/div><\/div><\/div><\/div><\/div><\/div><\/div><\/div><div class=\"wpb_column vc_column_container vc_col-sm-2\"><div class=\"vc_column-inner\"><div class=\"wpb_wrapper\"><\/div><\/div><\/div><\/div>\n<\/div>","protected":false},"excerpt":{"rendered":"DriveSavers Recovers Data on Toshiba DrivesDriveSavers is an authorized hard disk data recovery service provider for Toshiba Electronic Devices &amp; Storage Corporation.If you have lost critical data, the first recovery attempt offers your best opportunity for success. DriveSavers has the technology, security and experience required to get your data back. Call our US toll-free number&hellip;","protected":false},"author":23,"featured_media":47353,"parent":2190,"menu_order":0,"comment_status":"closed","ping_status":"closed","template":"","meta":{"_acf_changed":false,"inline_featured_image":false,"footnotes":""},"class_list":["post-53173","page","type-page","status-publish","has-post-thumbnail","hentry","entry","has-media"],"acf":[],"yoast_head":"<!-- This site is optimized with the Yoast SEO Premium plugin v26.9 (Yoast SEO v27.3) - https:\/\/yoast.com\/product\/yoast-seo-premium-wordpress\/ -->\n<title>Toshiba Authorizes DriveSavers To Recover Your Data - DriveSavers<\/title>\n<meta name=\"robots\" content=\"noindex, follow\" \/>\n<meta property=\"og:locale\" content=\"fr_FR\" \/>\n<meta property=\"og:type\" content=\"article\" \/>\n<meta property=\"og:title\" content=\"Toshiba Authorizes DriveSavers To Recover Your Data\" \/>\n<meta property=\"og:url\" content=\"https:\/\/drivesaversdatarecovery.com\/fr-fr\/bienvenue\/toshiba-partner-portal-english\/\" \/>\n<meta property=\"og:site_name\" content=\"DriveSavers Data Recovery Services\" \/>\n<meta property=\"article:publisher\" content=\"https:\/\/www.facebook.com\/DriveSavers\" \/>\n<meta property=\"article:modified_time\" content=\"2026-01-14T09:28:23+00:00\" \/>\n<meta property=\"og:image\" content=\"https:\/\/drivesaversdatarecovery.com\/wp-content\/uploads\/2019\/04\/section-cleanroom1.jpg\" \/>\n\t<meta property=\"og:image:width\" content=\"800\" \/>\n\t<meta property=\"og:image:height\" content=\"533\" \/>\n\t<meta property=\"og:image:type\" content=\"image\/jpeg\" \/>\n<meta name=\"twitter:card\" content=\"summary_large_image\" \/>\n<meta name=\"twitter:site\" content=\"@drivesavers\" \/>\n<meta name=\"twitter:label1\" content=\"Dur\u00e9e de lecture estim\u00e9e\" \/>\n\t<meta name=\"twitter:data1\" content=\"1 minute\" \/>\n<script type=\"application\/ld+json\" class=\"yoast-schema-graph\">{\"@context\":\"https:\\\/\\\/schema.org\",\"@graph\":[{\"@type\":\"TechArticle\",\"@id\":\"https:\\\/\\\/drivesaversdatarecovery.com\\\/welcome\\\/toshiba-partner-portal-english\\\/#article\",\"isPartOf\":{\"@id\":\"https:\\\/\\\/drivesaversdatarecovery.com\\\/welcome\\\/toshiba-partner-portal-english\\\/\"},\"author\":{\"name\":\"Gera Yeremin\",\"@id\":\"https:\\\/\\\/drivesaversdatarecovery.com\\\/#\\\/schema\\\/person\\\/4ed8cc478b27069a951480401f62c6e7\"},\"headline\":\"Toshiba Authorizes DriveSavers To Recover Your Data\",\"datePublished\":\"2020-07-29T17:22:24+00:00\",\"dateModified\":\"2026-01-14T09:28:23+00:00\",\"mainEntityOfPage\":{\"@id\":\"https:\\\/\\\/drivesaversdatarecovery.com\\\/welcome\\\/toshiba-partner-portal-english\\\/\"},\"wordCount\":370,\"publisher\":{\"@id\":\"https:\\\/\\\/drivesaversdatarecovery.com\\\/#organization\"},\"image\":{\"@id\":\"https:\\\/\\\/drivesaversdatarecovery.com\\\/welcome\\\/toshiba-partner-portal-english\\\/#primaryimage\"},\"thumbnailUrl\":\"https:\\\/\\\/drivesaversdatarecovery.com\\\/wp-content\\\/uploads\\\/2019\\\/04\\\/section-cleanroom1.jpg\",\"inLanguage\":\"fr-FR\"},{\"@type\":\"WebPage\",\"@id\":\"https:\\\/\\\/drivesaversdatarecovery.com\\\/welcome\\\/toshiba-partner-portal-english\\\/\",\"url\":\"https:\\\/\\\/drivesaversdatarecovery.com\\\/welcome\\\/toshiba-partner-portal-english\\\/\",\"name\":\"Toshiba Authorizes DriveSavers To Recover Your Data - DriveSavers\",\"isPartOf\":{\"@id\":\"https:\\\/\\\/drivesaversdatarecovery.com\\\/#website\"},\"primaryImageOfPage\":{\"@id\":\"https:\\\/\\\/drivesaversdatarecovery.com\\\/welcome\\\/toshiba-partner-portal-english\\\/#primaryimage\"},\"image\":{\"@id\":\"https:\\\/\\\/drivesaversdatarecovery.com\\\/welcome\\\/toshiba-partner-portal-english\\\/#primaryimage\"},\"thumbnailUrl\":\"https:\\\/\\\/drivesaversdatarecovery.com\\\/wp-content\\\/uploads\\\/2019\\\/04\\\/section-cleanroom1.jpg\",\"datePublished\":\"2020-07-29T17:22:24+00:00\",\"dateModified\":\"2026-01-14T09:28:23+00:00\",\"breadcrumb\":{\"@id\":\"https:\\\/\\\/drivesaversdatarecovery.com\\\/welcome\\\/toshiba-partner-portal-english\\\/#breadcrumb\"},\"inLanguage\":\"fr-FR\",\"potentialAction\":[{\"@type\":\"ReadAction\",\"target\":[\"https:\\\/\\\/drivesaversdatarecovery.com\\\/welcome\\\/toshiba-partner-portal-english\\\/\"]}]},{\"@type\":\"ImageObject\",\"inLanguage\":\"fr-FR\",\"@id\":\"https:\\\/\\\/drivesaversdatarecovery.com\\\/welcome\\\/toshiba-partner-portal-english\\\/#primaryimage\",\"url\":\"https:\\\/\\\/drivesaversdatarecovery.com\\\/wp-content\\\/uploads\\\/2019\\\/04\\\/section-cleanroom1.jpg\",\"contentUrl\":\"https:\\\/\\\/drivesaversdatarecovery.com\\\/wp-content\\\/uploads\\\/2019\\\/04\\\/section-cleanroom1.jpg\",\"width\":800,\"height\":533,\"caption\":\"Data Recovery Services\"},{\"@type\":\"BreadcrumbList\",\"@id\":\"https:\\\/\\\/drivesaversdatarecovery.com\\\/welcome\\\/toshiba-partner-portal-english\\\/#breadcrumb\",\"itemListElement\":[{\"@type\":\"ListItem\",\"position\":1,\"name\":\"Home\",\"item\":\"https:\\\/\\\/drivesaversdatarecovery.com\\\/\"},{\"@type\":\"ListItem\",\"position\":2,\"name\":\"Welcome\",\"item\":\"https:\\\/\\\/drivesaversdatarecovery.com\\\/sv-se\\\/welcome\\\/\"},{\"@type\":\"ListItem\",\"position\":3,\"name\":\"Toshiba Authorizes DriveSavers To Recover Your Data\"}]},{\"@type\":\"WebSite\",\"@id\":\"https:\\\/\\\/drivesaversdatarecovery.com\\\/#website\",\"url\":\"https:\\\/\\\/drivesaversdatarecovery.com\\\/\",\"name\":\"DriveSavers Data Recovery Services\",\"description\":\"The Worldwide Leader in Data Recovery\",\"publisher\":{\"@id\":\"https:\\\/\\\/drivesaversdatarecovery.com\\\/#organization\"},\"potentialAction\":[{\"@type\":\"SearchAction\",\"target\":{\"@type\":\"EntryPoint\",\"urlTemplate\":\"https:\\\/\\\/drivesaversdatarecovery.com\\\/?s={search_term_string}\"},\"query-input\":{\"@type\":\"PropertyValueSpecification\",\"valueRequired\":true,\"valueName\":\"search_term_string\"}}],\"inLanguage\":\"fr-FR\"},{\"@type\":\"Organization\",\"@id\":\"https:\\\/\\\/drivesaversdatarecovery.com\\\/#organization\",\"name\":\"DriveSavers Data Recovery\",\"url\":\"https:\\\/\\\/drivesaversdatarecovery.com\\\/\",\"logo\":{\"@type\":\"ImageObject\",\"inLanguage\":\"fr-FR\",\"@id\":\"https:\\\/\\\/drivesaversdatarecovery.com\\\/#\\\/schema\\\/logo\\\/image\\\/\",\"url\":\"https:\\\/\\\/drivesaversdatarecovery.com\\\/wp-content\\\/uploads\\\/2021\\\/08\\\/Logo-01.png\",\"contentUrl\":\"https:\\\/\\\/drivesaversdatarecovery.com\\\/wp-content\\\/uploads\\\/2021\\\/08\\\/Logo-01.png\",\"width\":1092,\"height\":1087,\"caption\":\"DriveSavers Data Recovery\"},\"image\":{\"@id\":\"https:\\\/\\\/drivesaversdatarecovery.com\\\/#\\\/schema\\\/logo\\\/image\\\/\"},\"sameAs\":[\"https:\\\/\\\/www.facebook.com\\\/DriveSavers\",\"https:\\\/\\\/x.com\\\/drivesavers\",\"https:\\\/\\\/www.instagram.com\\\/drivesavers\\\/\",\"https:\\\/\\\/www.linkedin.com\\\/company\\\/drivesavers-data-recovery\\\/\",\"https:\\\/\\\/www.pinterest.com\\\/drivesavers\\\/\",\"https:\\\/\\\/www.youtube.com\\\/channel\\\/UCBlynLMdFWQgid-Gwm0zJ1A\",\"https:\\\/\\\/en.wikipedia.org\\\/wiki\\\/DriveSavers\"]},{\"@type\":\"Person\",\"@id\":\"https:\\\/\\\/drivesaversdatarecovery.com\\\/#\\\/schema\\\/person\\\/4ed8cc478b27069a951480401f62c6e7\",\"name\":\"Gera Yeremin\",\"image\":{\"@type\":\"ImageObject\",\"inLanguage\":\"fr-FR\",\"@id\":\"https:\\\/\\\/secure.gravatar.com\\\/avatar\\\/0ee5fa5be2e661bb516648ff577f1b44265797dc2d8632d7f152a620ee57a396?s=96&d=blank&r=g\",\"url\":\"https:\\\/\\\/secure.gravatar.com\\\/avatar\\\/0ee5fa5be2e661bb516648ff577f1b44265797dc2d8632d7f152a620ee57a396?s=96&d=blank&r=g\",\"contentUrl\":\"https:\\\/\\\/secure.gravatar.com\\\/avatar\\\/0ee5fa5be2e661bb516648ff577f1b44265797dc2d8632d7f152a620ee57a396?s=96&d=blank&r=g\",\"caption\":\"Gera Yeremin\"},\"url\":\"https:\\\/\\\/drivesaversdatarecovery.com\\\/fr-fr\\\/author\\\/gerayeremin\\\/\"}]}<\/script>\n<!-- \/ Yoast SEO Premium plugin. -->","yoast_head_json":{"title":"Toshiba autorise DriveSavers \u00e0 r\u00e9cup\u00e9rer vos donn\u00e9es - DriveSavers","robots":{"index":"noindex","follow":"follow"},"og_locale":"fr_FR","og_type":"article","og_title":"Toshiba Authorizes DriveSavers To Recover Your Data","og_url":"https:\/\/drivesaversdatarecovery.com\/fr-fr\/bienvenue\/toshiba-partner-portal-english\/","og_site_name":"DriveSavers Data Recovery Services","article_publisher":"https:\/\/www.facebook.com\/DriveSavers","article_modified_time":"2026-01-14T09:28:23+00:00","og_image":[{"width":800,"height":533,"url":"https:\/\/drivesaversdatarecovery.com\/wp-content\/uploads\/2019\/04\/section-cleanroom1.jpg","type":"image\/jpeg"}],"twitter_card":"summary_large_image","twitter_site":"@drivesavers","twitter_misc":{"Dur\u00e9e de lecture estim\u00e9e":"1 minute"},"schema":{"@context":"https:\/\/schema.org","@graph":[{"@type":"TechArticle","@id":"https:\/\/drivesaversdatarecovery.com\/welcome\/toshiba-partner-portal-english\/#article","isPartOf":{"@id":"https:\/\/drivesaversdatarecovery.com\/welcome\/toshiba-partner-portal-english\/"},"author":{"name":"Gera Yeremin","@id":"https:\/\/drivesaversdatarecovery.com\/#\/schema\/person\/4ed8cc478b27069a951480401f62c6e7"},"headline":"Toshiba Authorizes DriveSavers To Recover Your Data","datePublished":"2020-07-29T17:22:24+00:00","dateModified":"2026-01-14T09:28:23+00:00","mainEntityOfPage":{"@id":"https:\/\/drivesaversdatarecovery.com\/welcome\/toshiba-partner-portal-english\/"},"wordCount":370,"publisher":{"@id":"https:\/\/drivesaversdatarecovery.com\/#organization"},"image":{"@id":"https:\/\/drivesaversdatarecovery.com\/welcome\/toshiba-partner-portal-english\/#primaryimage"},"thumbnailUrl":"https:\/\/drivesaversdatarecovery.com\/wp-content\/uploads\/2019\/04\/section-cleanroom1.jpg","inLanguage":"fr-FR"},{"@type":"WebPage","@id":"https:\/\/drivesaversdatarecovery.com\/welcome\/toshiba-partner-portal-english\/","url":"https:\/\/drivesaversdatarecovery.com\/welcome\/toshiba-partner-portal-english\/","name":"Toshiba autorise DriveSavers \u00e0 r\u00e9cup\u00e9rer vos donn\u00e9es - DriveSavers","isPartOf":{"@id":"https:\/\/drivesaversdatarecovery.com\/#website"},"primaryImageOfPage":{"@id":"https:\/\/drivesaversdatarecovery.com\/welcome\/toshiba-partner-portal-english\/#primaryimage"},"image":{"@id":"https:\/\/drivesaversdatarecovery.com\/welcome\/toshiba-partner-portal-english\/#primaryimage"},"thumbnailUrl":"https:\/\/drivesaversdatarecovery.com\/wp-content\/uploads\/2019\/04\/section-cleanroom1.jpg","datePublished":"2020-07-29T17:22:24+00:00","dateModified":"2026-01-14T09:28:23+00:00","breadcrumb":{"@id":"https:\/\/drivesaversdatarecovery.com\/welcome\/toshiba-partner-portal-english\/#breadcrumb"},"inLanguage":"fr-FR","potentialAction":[{"@type":"ReadAction","target":["https:\/\/drivesaversdatarecovery.com\/welcome\/toshiba-partner-portal-english\/"]}]},{"@type":"ImageObject","inLanguage":"fr-FR","@id":"https:\/\/drivesaversdatarecovery.com\/welcome\/toshiba-partner-portal-english\/#primaryimage","url":"https:\/\/drivesaversdatarecovery.com\/wp-content\/uploads\/2019\/04\/section-cleanroom1.jpg","contentUrl":"https:\/\/drivesaversdatarecovery.com\/wp-content\/uploads\/2019\/04\/section-cleanroom1.jpg","width":800,"height":533,"caption":"Data Recovery Services"},{"@type":"BreadcrumbList","@id":"https:\/\/drivesaversdatarecovery.com\/welcome\/toshiba-partner-portal-english\/#breadcrumb","itemListElement":[{"@type":"ListItem","position":1,"name":"Home","item":"https:\/\/drivesaversdatarecovery.com\/"},{"@type":"ListItem","position":2,"name":"Welcome","item":"https:\/\/drivesaversdatarecovery.com\/sv-se\/welcome\/"},{"@type":"ListItem","position":3,"name":"Toshiba Authorizes DriveSavers To Recover Your Data"}]},{"@type":"WebSite","@id":"https:\/\/drivesaversdatarecovery.com\/#website","url":"https:\/\/drivesaversdatarecovery.com\/","name":"Services de r\u00e9cup\u00e9ration de donn\u00e9es DriveSavers","description":"Le leader mondial de la r\u00e9cup\u00e9ration de donn\u00e9es","publisher":{"@id":"https:\/\/drivesaversdatarecovery.com\/#organization"},"potentialAction":[{"@type":"SearchAction","target":{"@type":"EntryPoint","urlTemplate":"https:\/\/drivesaversdatarecovery.com\/?s={search_term_string}"},"query-input":{"@type":"PropertyValueSpecification","valueRequired":true,"valueName":"search_term_string"}}],"inLanguage":"fr-FR"},{"@type":"Organization","@id":"https:\/\/drivesaversdatarecovery.com\/#organization","name":"DriveSavers Data Recovery","url":"https:\/\/drivesaversdatarecovery.com\/","logo":{"@type":"ImageObject","inLanguage":"fr-FR","@id":"https:\/\/drivesaversdatarecovery.com\/#\/schema\/logo\/image\/","url":"https:\/\/drivesaversdatarecovery.com\/wp-content\/uploads\/2021\/08\/Logo-01.png","contentUrl":"https:\/\/drivesaversdatarecovery.com\/wp-content\/uploads\/2021\/08\/Logo-01.png","width":1092,"height":1087,"caption":"DriveSavers Data Recovery"},"image":{"@id":"https:\/\/drivesaversdatarecovery.com\/#\/schema\/logo\/image\/"},"sameAs":["https:\/\/www.facebook.com\/DriveSavers","https:\/\/x.com\/drivesavers","https:\/\/www.instagram.com\/drivesavers\/","https:\/\/www.linkedin.com\/company\/drivesavers-data-recovery\/","https:\/\/www.pinterest.com\/drivesavers\/","https:\/\/www.youtube.com\/channel\/UCBlynLMdFWQgid-Gwm0zJ1A","https:\/\/en.wikipedia.org\/wiki\/DriveSavers"]},{"@type":"Person","@id":"https:\/\/drivesaversdatarecovery.com\/#\/schema\/person\/4ed8cc478b27069a951480401f62c6e7","name":"Gera Yeremin","image":{"@type":"ImageObject","inLanguage":"fr-FR","@id":"https:\/\/secure.gravatar.com\/avatar\/0ee5fa5be2e661bb516648ff577f1b44265797dc2d8632d7f152a620ee57a396?s=96&d=blank&r=g","url":"https:\/\/secure.gravatar.com\/avatar\/0ee5fa5be2e661bb516648ff577f1b44265797dc2d8632d7f152a620ee57a396?s=96&d=blank&r=g","contentUrl":"https:\/\/secure.gravatar.com\/avatar\/0ee5fa5be2e661bb516648ff577f1b44265797dc2d8632d7f152a620ee57a396?s=96&d=blank&r=g","caption":"Gera Yeremin"},"url":"https:\/\/drivesaversdatarecovery.com\/fr-fr\/author\/gerayeremin\/"}]}},"_links":{"self":[{"href":"https:\/\/drivesaversdatarecovery.com\/fr-fr\/wp-json\/wp\/v2\/pages\/53173","targetHints":{"allow":["GET"]}}],"collection":[{"href":"https:\/\/drivesaversdatarecovery.com\/fr-fr\/wp-json\/wp\/v2\/pages"}],"about":[{"href":"https:\/\/drivesaversdatarecovery.com\/fr-fr\/wp-json\/wp\/v2\/types\/page"}],"author":[{"embeddable":true,"href":"https:\/\/drivesaversdatarecovery.com\/fr-fr\/wp-json\/wp\/v2\/users\/23"}],"replies":[{"embeddable":true,"href":"https:\/\/drivesaversdatarecovery.com\/fr-fr\/wp-json\/wp\/v2\/comments?post=53173"}],"version-history":[{"count":0,"href":"https:\/\/drivesaversdatarecovery.com\/fr-fr\/wp-json\/wp\/v2\/pages\/53173\/revisions"}],"up":[{"embeddable":true,"href":"https:\/\/drivesaversdatarecovery.com\/fr-fr\/wp-json\/wp\/v2\/pages\/2190"}],"wp:featuredmedia":[{"embeddable":true,"href":"https:\/\/drivesaversdatarecovery.com\/fr-fr\/wp-json\/wp\/v2\/media\/47353"}],"wp:attachment":[{"href":"https:\/\/drivesaversdatarecovery.com\/fr-fr\/wp-json\/wp\/v2\/media?parent=53173"}],"curies":[{"name":"wp","href":"https:\/\/api.w.org\/{rel}","templated":true}]}}