{"id":53011,"date":"2020-07-23T10:40:23","date_gmt":"2020-07-23T17:40:23","guid":{"rendered":"https:drivesaversdatarecovery.com\/\/?page_id=53011"},"modified":"2026-01-20T10:00:41","modified_gmt":"2026-01-20T18:00:41","slug":"application-web-drivesavers","status":"publish","type":"page","link":"https:\/\/drivesaversdatarecovery.com\/fr-fr\/reseller-resource-center-orig\/drivesavers-web-app\/","title":{"rendered":"Application Web DriveSavers"},"content":{"rendered":"<div class=\"wpb-content-wrapper\"><div class=\"vc_section wpex-relative hidden-desktop\"><div class=\"vc_row wpb_row vc_row-fluid vc_custom_1538611454089 vc_column-gap-35 vc_row-o-equal-height vc_row-o-content-middle vc_row-flex wpex-relative tablet-fullwidth-columns\"><div class=\"wpb_column vc_column_container vc_col-sm-12\"><div class=\"vc_column-inner\"><div class=\"wpb_wrapper\"><nav class=\"vcex-navbar vcex-navbar--expanded vcex-module hidden-desktop\"><div class=\"vcex-navbar-inner wpex-clr\"><a href=\"https:\/\/drivesaversdatarecovery.com\/fr-fr\/reseller-resource-center-orig\/\" class=\"vcex-navbar-link vcex-navbar-link--1656 wpex-block wpex-float-left wpex-mb-5 theme-button expanded vc_custom_1538600545523\"><span class=\"vcex-navbar-link-text\">Accueil des ressources pour les revendeurs<\/span><\/a><a href=\"https:\/\/drivesaversdatarecovery.com\/fr-fr\/reseller-resource-center-orig\/promotional-tools\/\" class=\"vcex-navbar-link vcex-navbar-link--1748 wpex-block wpex-float-left wpex-mb-5 theme-button expanded vc_custom_1538600545523\"><span class=\"vcex-navbar-link-text\">Outils marketing \/ promotionnels gratuits<\/span><\/a><a href=\"https:\/\/drivesaversdatarecovery.com\/fr-fr\/reviewpoint\/\" class=\"vcex-navbar-link vcex-navbar-link--74011 wpex-block wpex-float-left wpex-mb-5 theme-button expanded vc_custom_1538600545523\"><span class=\"vcex-navbar-link-text\">ReviewPoint \/ Essai de 14 jours<\/span><\/a><a href=\"https:\/\/drivesaversdatarecovery.com\/fr-fr\/reseller-resource-center-orig\/banner-advertising\/\" class=\"vcex-navbar-link vcex-navbar-link--1692 wpex-block wpex-float-left wpex-mb-5 theme-button expanded vc_custom_1538600545523\"><span class=\"vcex-navbar-link-text\">Banni\u00e8res web<\/span><\/a><a href=\"https:\/\/drivesaversdatarecovery.com\/fr-fr\/reseller-resource-center-orig\/virtual-video-tours\/\" class=\"vcex-navbar-link vcex-navbar-link--1713 wpex-block wpex-float-left wpex-mb-5 theme-button expanded vc_custom_1538600545523\"><span class=\"vcex-navbar-link-text\">Visites vid\u00e9o virtuelles<\/span><\/a><a href=\"https:\/\/drivesaversdatarecovery.com\/fr-fr\/reseller-resource-center-orig\/google-my-business\/\" class=\"vcex-navbar-link vcex-navbar-link--1673 wpex-block wpex-float-left wpex-mb-5 theme-button expanded vc_custom_1538600545523\"><span class=\"vcex-navbar-link-text\">Google My Business<\/span><\/a><a href=\"https:\/\/drivesaversdatarecovery.com\/fr-fr\/reseller-resource-center-orig\/hard-drive-simulator\/\" class=\"vcex-navbar-link vcex-navbar-link--1704 wpex-block wpex-float-left wpex-mb-5 theme-button expanded vc_custom_1538600545523\"><span class=\"vcex-navbar-link-text\">Simulateur de disque dur<\/span><\/a><a href=\"https:\/\/drivesaversdatarecovery.com\/fr-fr\/reseller-resource-center-orig\/how-to-redeem-your-amazon-gift-card\/\" class=\"vcex-navbar-link vcex-navbar-link--50731 wpex-block wpex-float-left wpex-mb-5 theme-button expanded vc_custom_1538600545523\"><span class=\"vcex-navbar-link-text\">\u00c9changez votre carte-cadeau Amazon<\/span><\/a><\/div><\/nav><\/div><\/div><\/div><\/div><\/div><div class=\"vc_section wpex-relative\"><div class=\"vc_row wpb_row vc_row-fluid vc_custom_1535596080782 vc_column-gap-35 vc_row-o-equal-height vc_row-o-content-middle vc_row-flex wpex-relative tablet-fullwidth-columns\"><div class=\"wpb_column vc_column_container vc_col-sm-12\"><div class=\"vc_column-inner\"><div class=\"wpb_wrapper\"><style>.vcex-heading.vcex_69d000fe794bc{font-size:2.5em;font-family:Teko;line-height:.5;}@media (max-width:1024px){.vcex-heading.vcex_69d000fe794bc{font-size:2.0em;}}@media (max-width:959px){.vcex-heading.vcex_69d000fe794bc{font-size:2.0em;}}@media (max-width:767px){.vcex-heading.vcex_69d000fe794bc{font-size:2.0em;}}@media (max-width:479px){.vcex-heading.vcex_69d000fe794bc{font-size:1.5em;}}<\/style><h2 class=\"vcex-heading vcex-heading-plain vcex-module wpex-heading wpex-text-2xl wpex-h2 vcex_69d000fe794bc\"><span class=\"vcex-heading-inner wpex-inline-block\">NOUVELLE application Web Drivesavers<\/span><\/h2><div class=\"vcex-module vcex-divider vcex-divider-solid vcex-divider-left wpex-mr-auto wpex-max-w-100 wpex-block wpex-h-0 wpex-border-b wpex-border-solid wpex-border-main\" style=\"width:30%;margin-block-start:25px;margin-block-end:10px;border-bottom-width:6px;border-color:#ec0912;\"><\/div>\n\t<div class=\"wpb_text_column wpb_content_element\" >\n\t\t<div class=\"wpb_wrapper\">\n\t\t\t<p>Le nouveau PWA de DriveSavers a \u00e9t\u00e9 con\u00e7u sp\u00e9cifiquement par DriveSavers pour \u00eatre un outil complet permettant d'augmenter l'engagement des utilisateurs sur votre site web. Cliquez n'importe o\u00f9 dans le menu pour en savoir plus sur les dispositifs de stockage de donn\u00e9es, les d\u00e9faillances courantes des disques, les calculs RAID et la technologie de r\u00e9cup\u00e9ration des donn\u00e9es.<\/p>\n\n\t\t<\/div>\n\t<\/div>\n<\/div><\/div><\/div><\/div><div class=\"vc_row wpb_row vc_row-fluid vc_column-gap-35 vc_row-o-equal-height vc_row-o-content-middle vc_row-flex wpex-relative tablet-fullwidth-columns\"><div class=\"wpb_column vc_column_container vc_col-sm-12\"><div class=\"vc_column-inner\"><div class=\"wpb_wrapper\">\n\t<div style=\"color:#dd3333;font-size:1.25em;\" class=\"wpb_text_column has-custom-color wpex-child-inherit-color wpb_content_element\" >\n\t\t<div class=\"wpb_wrapper\">\n\t\t\t<p style=\"text-align: center;\"><strong>L'application web Drivesavers sera bient\u00f4t de retour. Nous travaillons \u00e0 l'am\u00e9lioration des fonctionnalit\u00e9s pour une meilleure exp\u00e9rience client.<\/strong><\/p>\n\n\t\t<\/div>\n\t<\/div>\n<\/div><\/div><\/div><\/div><\/div>\n<\/div>","protected":false},"excerpt":{"rendered":"Reseller Resource HomeFree Marketing \/ Promotional ToolsReviewPoint \/ 14-day trialWeb BannersVirtual Video ToursGoogle My BusinessHard Drive SimulatorRedeem Your Amazon Gift CardNEW Drivesavers Web App The new DriveSavers PWA was built specifically by DriveSavers to be an all-encompassing tool to increase user engagement on your website. Click anywhere on the menu features to learn more about&hellip;","protected":false},"author":30,"featured_media":50533,"parent":1656,"menu_order":0,"comment_status":"closed","ping_status":"closed","template":"","meta":{"_acf_changed":false,"inline_featured_image":false,"footnotes":""},"class_list":["post-53011","page","type-page","status-publish","has-post-thumbnail","hentry","entry","has-media"],"acf":[],"yoast_head":"<!-- This site is optimized with the Yoast SEO Premium plugin v26.9 (Yoast SEO v27.3) - https:\/\/yoast.com\/product\/yoast-seo-premium-wordpress\/ -->\n<title>DriveSavers Web App - DriveSavers<\/title>\n<meta name=\"robots\" content=\"noindex, follow\" \/>\n<meta property=\"og:locale\" content=\"fr_FR\" \/>\n<meta property=\"og:type\" content=\"article\" \/>\n<meta property=\"og:title\" content=\"DriveSavers Web App\" \/>\n<meta property=\"og:url\" content=\"https:\/\/drivesaversdatarecovery.com\/fr-fr\/reseller-resource-center-orig\/application-web-drivesavers\/\" \/>\n<meta property=\"og:site_name\" content=\"DriveSavers Data Recovery Services\" \/>\n<meta property=\"article:publisher\" content=\"https:\/\/www.facebook.com\/DriveSavers\" \/>\n<meta property=\"article:modified_time\" content=\"2026-01-20T18:00:41+00:00\" \/>\n<meta property=\"og:image\" content=\"https:\/\/drivesaversdatarecovery.com\/wp-content\/uploads\/2019\/12\/header-reseller-sub2a.jpg\" \/>\n\t<meta property=\"og:image:width\" content=\"1920\" \/>\n\t<meta property=\"og:image:height\" content=\"660\" \/>\n\t<meta property=\"og:image:type\" content=\"image\/jpeg\" \/>\n<meta name=\"twitter:card\" content=\"summary_large_image\" \/>\n<meta name=\"twitter:site\" content=\"@drivesavers\" \/>\n<meta name=\"twitter:label1\" content=\"Dur\u00e9e de lecture estim\u00e9e\" \/>\n\t<meta name=\"twitter:data1\" content=\"3 minutes\" \/>\n<script type=\"application\/ld+json\" class=\"yoast-schema-graph\">{\"@context\":\"https:\\\/\\\/schema.org\",\"@graph\":[{\"@type\":\"TechArticle\",\"@id\":\"https:\\\/\\\/drivesaversdatarecovery.com\\\/fr-ca\\\/reseller-resource-center-orig\\\/drivesavers-web-app\\\/#article\",\"isPartOf\":{\"@id\":\"https:\\\/\\\/drivesaversdatarecovery.com\\\/fr-ca\\\/reseller-resource-center-orig\\\/drivesavers-web-app\\\/\"},\"author\":{\"name\":\"Michelle West\",\"@id\":\"https:\\\/\\\/drivesaversdatarecovery.com\\\/#\\\/schema\\\/person\\\/8319da503f7e4ddd51903b6d8295be1c\"},\"headline\":\"DriveSavers Web App\",\"datePublished\":\"2020-07-23T17:40:23+00:00\",\"dateModified\":\"2026-01-20T18:00:41+00:00\",\"mainEntityOfPage\":{\"@id\":\"https:\\\/\\\/drivesaversdatarecovery.com\\\/fr-ca\\\/reseller-resource-center-orig\\\/drivesavers-web-app\\\/\"},\"wordCount\":907,\"publisher\":{\"@id\":\"https:\\\/\\\/drivesaversdatarecovery.com\\\/#organization\"},\"image\":{\"@id\":\"https:\\\/\\\/drivesaversdatarecovery.com\\\/fr-ca\\\/reseller-resource-center-orig\\\/drivesavers-web-app\\\/#primaryimage\"},\"thumbnailUrl\":\"https:\\\/\\\/drivesaversdatarecovery.com\\\/wp-content\\\/uploads\\\/2019\\\/12\\\/header-reseller-sub2a.jpg\",\"inLanguage\":\"fr-FR\"},{\"@type\":\"WebPage\",\"@id\":\"https:\\\/\\\/drivesaversdatarecovery.com\\\/fr-ca\\\/reseller-resource-center-orig\\\/drivesavers-web-app\\\/\",\"url\":\"https:\\\/\\\/drivesaversdatarecovery.com\\\/fr-ca\\\/reseller-resource-center-orig\\\/drivesavers-web-app\\\/\",\"name\":\"DriveSavers Web App - DriveSavers\",\"isPartOf\":{\"@id\":\"https:\\\/\\\/drivesaversdatarecovery.com\\\/#website\"},\"primaryImageOfPage\":{\"@id\":\"https:\\\/\\\/drivesaversdatarecovery.com\\\/fr-ca\\\/reseller-resource-center-orig\\\/drivesavers-web-app\\\/#primaryimage\"},\"image\":{\"@id\":\"https:\\\/\\\/drivesaversdatarecovery.com\\\/fr-ca\\\/reseller-resource-center-orig\\\/drivesavers-web-app\\\/#primaryimage\"},\"thumbnailUrl\":\"https:\\\/\\\/drivesaversdatarecovery.com\\\/wp-content\\\/uploads\\\/2019\\\/12\\\/header-reseller-sub2a.jpg\",\"datePublished\":\"2020-07-23T17:40:23+00:00\",\"dateModified\":\"2026-01-20T18:00:41+00:00\",\"breadcrumb\":{\"@id\":\"https:\\\/\\\/drivesaversdatarecovery.com\\\/fr-ca\\\/reseller-resource-center-orig\\\/drivesavers-web-app\\\/#breadcrumb\"},\"inLanguage\":\"fr-FR\",\"potentialAction\":[{\"@type\":\"ReadAction\",\"target\":[\"https:\\\/\\\/drivesaversdatarecovery.com\\\/fr-ca\\\/reseller-resource-center-orig\\\/drivesavers-web-app\\\/\"]}]},{\"@type\":\"ImageObject\",\"inLanguage\":\"fr-FR\",\"@id\":\"https:\\\/\\\/drivesaversdatarecovery.com\\\/fr-ca\\\/reseller-resource-center-orig\\\/drivesavers-web-app\\\/#primaryimage\",\"url\":\"https:\\\/\\\/drivesaversdatarecovery.com\\\/wp-content\\\/uploads\\\/2019\\\/12\\\/header-reseller-sub2a.jpg\",\"contentUrl\":\"https:\\\/\\\/drivesaversdatarecovery.com\\\/wp-content\\\/uploads\\\/2019\\\/12\\\/header-reseller-sub2a.jpg\",\"width\":1920,\"height\":660},{\"@type\":\"BreadcrumbList\",\"@id\":\"https:\\\/\\\/drivesaversdatarecovery.com\\\/fr-ca\\\/reseller-resource-center-orig\\\/drivesavers-web-app\\\/#breadcrumb\",\"itemListElement\":[{\"@type\":\"ListItem\",\"position\":1,\"name\":\"Home\",\"item\":\"https:\\\/\\\/drivesaversdatarecovery.com\\\/\"},{\"@type\":\"ListItem\",\"position\":2,\"name\":\"Reseller Resource Center\",\"item\":\"https:\\\/\\\/drivesaversdatarecovery.com\\\/es-es\\\/reseller-resource-center-orig\\\/\"},{\"@type\":\"ListItem\",\"position\":3,\"name\":\"DriveSavers Web App\"}]},{\"@type\":\"WebSite\",\"@id\":\"https:\\\/\\\/drivesaversdatarecovery.com\\\/#website\",\"url\":\"https:\\\/\\\/drivesaversdatarecovery.com\\\/\",\"name\":\"DriveSavers Data Recovery Services\",\"description\":\"The Worldwide Leader in Data Recovery\",\"publisher\":{\"@id\":\"https:\\\/\\\/drivesaversdatarecovery.com\\\/#organization\"},\"potentialAction\":[{\"@type\":\"SearchAction\",\"target\":{\"@type\":\"EntryPoint\",\"urlTemplate\":\"https:\\\/\\\/drivesaversdatarecovery.com\\\/?s={search_term_string}\"},\"query-input\":{\"@type\":\"PropertyValueSpecification\",\"valueRequired\":true,\"valueName\":\"search_term_string\"}}],\"inLanguage\":\"fr-FR\"},{\"@type\":\"Organization\",\"@id\":\"https:\\\/\\\/drivesaversdatarecovery.com\\\/#organization\",\"name\":\"DriveSavers Data Recovery\",\"url\":\"https:\\\/\\\/drivesaversdatarecovery.com\\\/\",\"logo\":{\"@type\":\"ImageObject\",\"inLanguage\":\"fr-FR\",\"@id\":\"https:\\\/\\\/drivesaversdatarecovery.com\\\/#\\\/schema\\\/logo\\\/image\\\/\",\"url\":\"https:\\\/\\\/drivesaversdatarecovery.com\\\/wp-content\\\/uploads\\\/2021\\\/08\\\/Logo-01.png\",\"contentUrl\":\"https:\\\/\\\/drivesaversdatarecovery.com\\\/wp-content\\\/uploads\\\/2021\\\/08\\\/Logo-01.png\",\"width\":1092,\"height\":1087,\"caption\":\"DriveSavers Data Recovery\"},\"image\":{\"@id\":\"https:\\\/\\\/drivesaversdatarecovery.com\\\/#\\\/schema\\\/logo\\\/image\\\/\"},\"sameAs\":[\"https:\\\/\\\/www.facebook.com\\\/DriveSavers\",\"https:\\\/\\\/x.com\\\/drivesavers\",\"https:\\\/\\\/www.instagram.com\\\/drivesavers\\\/\",\"https:\\\/\\\/www.linkedin.com\\\/company\\\/drivesavers-data-recovery\\\/\",\"https:\\\/\\\/www.pinterest.com\\\/drivesavers\\\/\",\"https:\\\/\\\/www.youtube.com\\\/channel\\\/UCBlynLMdFWQgid-Gwm0zJ1A\",\"https:\\\/\\\/en.wikipedia.org\\\/wiki\\\/DriveSavers\"]},{\"@type\":\"Person\",\"@id\":\"https:\\\/\\\/drivesaversdatarecovery.com\\\/#\\\/schema\\\/person\\\/8319da503f7e4ddd51903b6d8295be1c\",\"name\":\"Michelle West\",\"image\":{\"@type\":\"ImageObject\",\"inLanguage\":\"fr-FR\",\"@id\":\"https:\\\/\\\/secure.gravatar.com\\\/avatar\\\/c820e118da73c12bbab9f3e84e4787eeda260d6c5c486643e5f474153469c728?s=96&d=blank&r=g\",\"url\":\"https:\\\/\\\/secure.gravatar.com\\\/avatar\\\/c820e118da73c12bbab9f3e84e4787eeda260d6c5c486643e5f474153469c728?s=96&d=blank&r=g\",\"contentUrl\":\"https:\\\/\\\/secure.gravatar.com\\\/avatar\\\/c820e118da73c12bbab9f3e84e4787eeda260d6c5c486643e5f474153469c728?s=96&d=blank&r=g\",\"caption\":\"Michelle West\"},\"description\":\"DriveSavers Senior Marketing Manager Writing about DriveSavers, data recovery, or another technology-related topic? Contact us.\",\"sameAs\":[\"https:\\\/\\\/www.linkedin.com\\\/in\\\/west-michelle\\\/\"],\"url\":\"https:\\\/\\\/drivesaversdatarecovery.com\\\/fr-fr\\\/author\\\/michelle\\\/\"}]}<\/script>\n<!-- \/ Yoast SEO Premium plugin. -->","yoast_head_json":{"title":"DriveSavers Web App - DriveSavers","robots":{"index":"noindex","follow":"follow"},"og_locale":"fr_FR","og_type":"article","og_title":"DriveSavers Web App","og_url":"https:\/\/drivesaversdatarecovery.com\/fr-fr\/reseller-resource-center-orig\/application-web-drivesavers\/","og_site_name":"DriveSavers Data Recovery Services","article_publisher":"https:\/\/www.facebook.com\/DriveSavers","article_modified_time":"2026-01-20T18:00:41+00:00","og_image":[{"width":1920,"height":660,"url":"https:\/\/drivesaversdatarecovery.com\/wp-content\/uploads\/2019\/12\/header-reseller-sub2a.jpg","type":"image\/jpeg"}],"twitter_card":"summary_large_image","twitter_site":"@drivesavers","twitter_misc":{"Dur\u00e9e de lecture estim\u00e9e":"3 minutes"},"schema":{"@context":"https:\/\/schema.org","@graph":[{"@type":"TechArticle","@id":"https:\/\/drivesaversdatarecovery.com\/fr-ca\/reseller-resource-center-orig\/drivesavers-web-app\/#article","isPartOf":{"@id":"https:\/\/drivesaversdatarecovery.com\/fr-ca\/reseller-resource-center-orig\/drivesavers-web-app\/"},"author":{"name":"Michelle West","@id":"https:\/\/drivesaversdatarecovery.com\/#\/schema\/person\/8319da503f7e4ddd51903b6d8295be1c"},"headline":"DriveSavers Web App","datePublished":"2020-07-23T17:40:23+00:00","dateModified":"2026-01-20T18:00:41+00:00","mainEntityOfPage":{"@id":"https:\/\/drivesaversdatarecovery.com\/fr-ca\/reseller-resource-center-orig\/drivesavers-web-app\/"},"wordCount":907,"publisher":{"@id":"https:\/\/drivesaversdatarecovery.com\/#organization"},"image":{"@id":"https:\/\/drivesaversdatarecovery.com\/fr-ca\/reseller-resource-center-orig\/drivesavers-web-app\/#primaryimage"},"thumbnailUrl":"https:\/\/drivesaversdatarecovery.com\/wp-content\/uploads\/2019\/12\/header-reseller-sub2a.jpg","inLanguage":"fr-FR"},{"@type":"WebPage","@id":"https:\/\/drivesaversdatarecovery.com\/fr-ca\/reseller-resource-center-orig\/drivesavers-web-app\/","url":"https:\/\/drivesaversdatarecovery.com\/fr-ca\/reseller-resource-center-orig\/drivesavers-web-app\/","name":"DriveSavers Web App - DriveSavers","isPartOf":{"@id":"https:\/\/drivesaversdatarecovery.com\/#website"},"primaryImageOfPage":{"@id":"https:\/\/drivesaversdatarecovery.com\/fr-ca\/reseller-resource-center-orig\/drivesavers-web-app\/#primaryimage"},"image":{"@id":"https:\/\/drivesaversdatarecovery.com\/fr-ca\/reseller-resource-center-orig\/drivesavers-web-app\/#primaryimage"},"thumbnailUrl":"https:\/\/drivesaversdatarecovery.com\/wp-content\/uploads\/2019\/12\/header-reseller-sub2a.jpg","datePublished":"2020-07-23T17:40:23+00:00","dateModified":"2026-01-20T18:00:41+00:00","breadcrumb":{"@id":"https:\/\/drivesaversdatarecovery.com\/fr-ca\/reseller-resource-center-orig\/drivesavers-web-app\/#breadcrumb"},"inLanguage":"fr-FR","potentialAction":[{"@type":"ReadAction","target":["https:\/\/drivesaversdatarecovery.com\/fr-ca\/reseller-resource-center-orig\/drivesavers-web-app\/"]}]},{"@type":"ImageObject","inLanguage":"fr-FR","@id":"https:\/\/drivesaversdatarecovery.com\/fr-ca\/reseller-resource-center-orig\/drivesavers-web-app\/#primaryimage","url":"https:\/\/drivesaversdatarecovery.com\/wp-content\/uploads\/2019\/12\/header-reseller-sub2a.jpg","contentUrl":"https:\/\/drivesaversdatarecovery.com\/wp-content\/uploads\/2019\/12\/header-reseller-sub2a.jpg","width":1920,"height":660},{"@type":"BreadcrumbList","@id":"https:\/\/drivesaversdatarecovery.com\/fr-ca\/reseller-resource-center-orig\/drivesavers-web-app\/#breadcrumb","itemListElement":[{"@type":"ListItem","position":1,"name":"Home","item":"https:\/\/drivesaversdatarecovery.com\/"},{"@type":"ListItem","position":2,"name":"Reseller Resource Center","item":"https:\/\/drivesaversdatarecovery.com\/es-es\/reseller-resource-center-orig\/"},{"@type":"ListItem","position":3,"name":"DriveSavers Web App"}]},{"@type":"WebSite","@id":"https:\/\/drivesaversdatarecovery.com\/#website","url":"https:\/\/drivesaversdatarecovery.com\/","name":"Services de r\u00e9cup\u00e9ration de donn\u00e9es DriveSavers","description":"Le leader mondial de la r\u00e9cup\u00e9ration de donn\u00e9es","publisher":{"@id":"https:\/\/drivesaversdatarecovery.com\/#organization"},"potentialAction":[{"@type":"SearchAction","target":{"@type":"EntryPoint","urlTemplate":"https:\/\/drivesaversdatarecovery.com\/?s={search_term_string}"},"query-input":{"@type":"PropertyValueSpecification","valueRequired":true,"valueName":"search_term_string"}}],"inLanguage":"fr-FR"},{"@type":"Organization","@id":"https:\/\/drivesaversdatarecovery.com\/#organization","name":"DriveSavers Data Recovery","url":"https:\/\/drivesaversdatarecovery.com\/","logo":{"@type":"ImageObject","inLanguage":"fr-FR","@id":"https:\/\/drivesaversdatarecovery.com\/#\/schema\/logo\/image\/","url":"https:\/\/drivesaversdatarecovery.com\/wp-content\/uploads\/2021\/08\/Logo-01.png","contentUrl":"https:\/\/drivesaversdatarecovery.com\/wp-content\/uploads\/2021\/08\/Logo-01.png","width":1092,"height":1087,"caption":"DriveSavers Data Recovery"},"image":{"@id":"https:\/\/drivesaversdatarecovery.com\/#\/schema\/logo\/image\/"},"sameAs":["https:\/\/www.facebook.com\/DriveSavers","https:\/\/x.com\/drivesavers","https:\/\/www.instagram.com\/drivesavers\/","https:\/\/www.linkedin.com\/company\/drivesavers-data-recovery\/","https:\/\/www.pinterest.com\/drivesavers\/","https:\/\/www.youtube.com\/channel\/UCBlynLMdFWQgid-Gwm0zJ1A","https:\/\/en.wikipedia.org\/wiki\/DriveSavers"]},{"@type":"Person","@id":"https:\/\/drivesaversdatarecovery.com\/#\/schema\/person\/8319da503f7e4ddd51903b6d8295be1c","name":"Michelle West","image":{"@type":"ImageObject","inLanguage":"fr-FR","@id":"https:\/\/secure.gravatar.com\/avatar\/c820e118da73c12bbab9f3e84e4787eeda260d6c5c486643e5f474153469c728?s=96&d=blank&r=g","url":"https:\/\/secure.gravatar.com\/avatar\/c820e118da73c12bbab9f3e84e4787eeda260d6c5c486643e5f474153469c728?s=96&d=blank&r=g","contentUrl":"https:\/\/secure.gravatar.com\/avatar\/c820e118da73c12bbab9f3e84e4787eeda260d6c5c486643e5f474153469c728?s=96&d=blank&r=g","caption":"Michelle West"},"description":"DriveSavers Senior Marketing Manager Ecrire sur DriveSavers, la r\u00e9cup\u00e9ration de donn\u00e9es, ou un autre sujet li\u00e9 \u00e0 la technologie ? Contactez nous.","sameAs":["https:\/\/www.linkedin.com\/in\/west-michelle\/"],"url":"https:\/\/drivesaversdatarecovery.com\/fr-fr\/author\/michelle\/"}]}},"_links":{"self":[{"href":"https:\/\/drivesaversdatarecovery.com\/fr-fr\/wp-json\/wp\/v2\/pages\/53011","targetHints":{"allow":["GET"]}}],"collection":[{"href":"https:\/\/drivesaversdatarecovery.com\/fr-fr\/wp-json\/wp\/v2\/pages"}],"about":[{"href":"https:\/\/drivesaversdatarecovery.com\/fr-fr\/wp-json\/wp\/v2\/types\/page"}],"author":[{"embeddable":true,"href":"https:\/\/drivesaversdatarecovery.com\/fr-fr\/wp-json\/wp\/v2\/users\/30"}],"replies":[{"embeddable":true,"href":"https:\/\/drivesaversdatarecovery.com\/fr-fr\/wp-json\/wp\/v2\/comments?post=53011"}],"version-history":[{"count":1,"href":"https:\/\/drivesaversdatarecovery.com\/fr-fr\/wp-json\/wp\/v2\/pages\/53011\/revisions"}],"predecessor-version":[{"id":81952,"href":"https:\/\/drivesaversdatarecovery.com\/fr-fr\/wp-json\/wp\/v2\/pages\/53011\/revisions\/81952"}],"up":[{"embeddable":true,"href":"https:\/\/drivesaversdatarecovery.com\/fr-fr\/wp-json\/wp\/v2\/pages\/1656"}],"wp:featuredmedia":[{"embeddable":true,"href":"https:\/\/drivesaversdatarecovery.com\/fr-fr\/wp-json\/wp\/v2\/media\/50533"}],"wp:attachment":[{"href":"https:\/\/drivesaversdatarecovery.com\/fr-fr\/wp-json\/wp\/v2\/media?parent=53011"}],"curies":[{"name":"wp","href":"https:\/\/api.w.org\/{rel}","templated":true}]}}