{"id":2657,"date":"2018-09-05T20:06:31","date_gmt":"2018-09-06T01:06:31","guid":{"rendered":"https:\/\/test.drivesaversdatarecovery.com\/?page_id=2657"},"modified":"2024-10-31T16:32:42","modified_gmt":"2024-10-31T23:32:42","slug":"certification-dun-reseau-securise-de-defense-en-profondeur","status":"publish","type":"page","link":"https:\/\/drivesaversdatarecovery.com\/fr-fr\/why-us\/certified-secure-data-recovery\/certified-secure-defense-in-depth-network-proof\/","title":{"rendered":"D\u00e9fense Preuve approfondie du r\u00e9seau"},"content":{"rendered":"<div class=\"wpb-content-wrapper\"><div class=\"vc_section wpex-relative\"><div class=\"vc_row wpb_row vc_row-fluid vc_custom_1730417556401 vc_row-o-equal-height vc_row-o-content-middle vc_row-flex wpex-relative add-overlay-header-offset\"><div class=\"overlay-header-offset-div wpex-w-100\"  style=\"height:var(--wpex-site-header-height, 100px);\"><\/div><div class=\"wpb_column vc_column_container vc_col-sm-3\"><div class=\"vc_column-inner\"><div class=\"wpb_wrapper\"><figure class=\"vcex-image vcex-module\"><div class=\"vcex-image-inner wpex-relative wpex-inline-block\"><a href=\"https:\/\/drivesaversdatarecovery.com\/wp-content\/uploads\/2024\/10\/WSI-SRA-DSI-Q1-Ext-SecAudit-EPS-2024-Final.pdf\" class=\"wpex-lightbox\"><img width=\"1198\" height=\"1570\" src=\"https:\/\/drivesaversdatarecovery.com\/wp-content\/uploads\/2024\/10\/security.png\" class=\"vcex-image-img wpex-align-middle\" alt=\"A cover page titled &quot;Executive Partner Summary Q1 - 2024&quot; for WIRED Security Inc. features a blue and purple digital network design. It&#039;s prepared for DriveSavers Data Recovery and includes a circular logo at the bottom.\" decoding=\"async\" srcset=\"https:\/\/drivesaversdatarecovery.com\/wp-content\/uploads\/2024\/10\/security.png 1198w, https:\/\/drivesaversdatarecovery.com\/wp-content\/uploads\/2024\/10\/security-229x300.png 229w, https:\/\/drivesaversdatarecovery.com\/wp-content\/uploads\/2024\/10\/security-781x1024.png 781w, https:\/\/drivesaversdatarecovery.com\/wp-content\/uploads\/2024\/10\/security-768x1006.png 768w, https:\/\/drivesaversdatarecovery.com\/wp-content\/uploads\/2024\/10\/security-1172x1536.png 1172w, https:\/\/drivesaversdatarecovery.com\/wp-content\/uploads\/2024\/10\/security-9x12.png 9w\" sizes=\"(max-width: 1198px) 100vw, 1198px\" \/><\/a><\/div><\/figure><\/div><\/div><\/div><div class=\"wpb_column vc_column_container vc_col-sm-9\"><div class=\"vc_column-inner\"><div class=\"wpb_wrapper\"><h1 class=\"vcex-heading vcex-heading-plain vcex-module wpex-heading wpex-text-2xl wpex-h1\"><span class=\"vcex-heading-inner wpex-inline-block\">\u00c0 propos de l'audit de s\u00e9curit\u00e9 du r\u00e9seau de WIRED Security Inc.<\/span><\/h1><\/div><\/div><\/div><\/div><div class=\"vc_row wpb_row vc_row-fluid vc_row-o-content-middle vc_row-flex wpex-relative\"><div class=\"wpb_column vc_column_container vc_col-sm-12\"><div class=\"vc_column-inner\"><div class=\"wpb_wrapper\">\n\t<div class=\"wpb_text_column wpb_content_element\" >\n\t\t<div class=\"wpb_wrapper\">\n\t\t\t<p>DriveSavers subit des audits de s\u00e9curit\u00e9 annuels sur ses syst\u00e8mes p\u00e9riph\u00e9riques et r\u00e9seaux. Ces audits sont r\u00e9alis\u00e9s par une \u00e9quipe de consultants ind\u00e9pendants en s\u00e9curit\u00e9 de l'information et en technologie de WIRED Security, Inc., afin de garantir que des contr\u00f4les et des mesures de s\u00e9curit\u00e9 appropri\u00e9s sont en place pour h\u00e9berger en toute s\u00e9curit\u00e9 les donn\u00e9es de nos clients. Un examen approfondi de notre Plan de Continuit\u00e9 des Activit\u00e9s, de notre Politique de S\u00e9curit\u00e9 de l'Information et de la documentation r\u00e9cemment compl\u00e9t\u00e9e de l'audit SOC 2 Type II est \u00e9galement effectu\u00e9.<\/p>\n<p>DriveSavers a d\u00e9ploy\u00e9 un r\u00e9seau complet \"Defense-in-Depth\". Tout le mat\u00e9riel et le logiciel utilis\u00e9s par DriveSavers poss\u00e8dent plusieurs certifications industrielles, y compris, mais sans s'y limiter, NIST, NEBS niveau 3, ICSA, NSS et FIPS. L'environnement informatique du r\u00e9seau de r\u00e9cup\u00e9ration de donn\u00e9es de DriveSavers (tel qu'il a \u00e9t\u00e9 test\u00e9) pr\u00e9sente une excellente capacit\u00e9 \u00e0 \u00e9viter les violations de la s\u00e9curit\u00e9 de l'information.<\/p>\n<p>DriveSavers subit ces audits chaque ann\u00e9e. Les r\u00e9sultats de nos audits les plus r\u00e9cents et \u00e0 jour peuvent \u00eatre trouv\u00e9s <a href=\"https:\/\/drivesaversdatarecovery.com\/fr-fr\/pourquoi-nous\/choisir-judicieusement-une-societe-de-recuperation-de-donnees\/\">ici<\/a>.<\/p>\n\n\t\t<\/div>\n\t<\/div>\n<div class=\"vcex-spacing wpex-w-100 wpex-clear\"><\/div><style>.vcex-button.vcex_69d2a8da60460{text-transform:uppercase;}<\/style><a href=\"https:\/\/drivesaversdatarecovery.com\/wp-content\/uploads\/2024\/10\/WSI-SRA-DSI-Q1-Ext-SecAudit-EPS-2024-Final.pdf\" class=\"vcex-button theme-button inline vcex_69d2a8da60460\" target=\"_blank\" rel=\"noopener noreferrer\"><span class=\"vcex-button-inner theme-button-inner wpex-flex wpex-flex-wrap wpex-items-center wpex-justify-center\">Voir l'audit de s\u00e9curit\u00e9 du r\u00e9seau de WIRED Security Inc.<\/span><\/a> <\/div><\/div><\/div><\/div><\/div><div class=\"vc_section wpex-relative\"><div class=\"vc_row wpb_row vc_row-fluid vc_custom_1730417094102 vc_column-gap-35 vc_row-o-equal-height vc_row-o-content-middle vc_row-flex wpex-relative no-bottom-margins tablet-fullwidth-columns\"><div class=\"wpb_column vc_column_container vc_col-sm-12\"><div class=\"vc_column-inner vc_custom_1533347707333\"><div class=\"wpb_wrapper\">\n\t<div class=\"wpb_text_column wpb_content_element vc_custom_1730417086600\" >\n\t\t<div class=\"wpb_wrapper\">\n\t\t\t<blockquote>\n<p>&nbsp;<\/p>\n<h3>Au c\u0153ur de notre environnement s\u00e9curis\u00e9 de r\u00e9cup\u00e9ration de donn\u00e9es certifi\u00e9 se trouve un r\u00e9seau de \"d\u00e9fense en profondeur\", dont le processus d'audit SOC 2 Type II a v\u00e9rifi\u00e9 qu'il constituait \"une formidable d\u00e9fense\" pour les informations et les donn\u00e9es qu'il h\u00e9berge.<\/h3>\n<p>&nbsp;<\/p>\n<\/blockquote>\n<p style=\"text-align: right;\">-Michael Hall, RSSI, DriveSavers<\/p>\n\n\t\t<\/div>\n\t<\/div>\n<\/div><\/div><\/div><\/div><div class=\"vc_row wpb_row vc_row-fluid vc_column-gap-35 vc_row-o-equal-height vc_row-o-content-middle vc_row-flex wpex-relative tablet-fullwidth-columns\"><div class=\"wpb_column vc_column_container vc_col-sm-12\"><div class=\"vc_column-inner\"><div class=\"wpb_wrapper\"><h2 class=\"vcex-heading vcex-heading-plain vcex-module wpex-heading wpex-text-2xl wpex-h2\"><span class=\"vcex-heading-inner wpex-inline-block\">Avantages de travailler avec un prestataire de services de r\u00e9cup\u00e9ration de donn\u00e9es audit\u00e9 SOC 2 Type II<\/span><\/h2>\n\t<div class=\"wpb_text_column wpb_content_element\" >\n\t\t<div class=\"wpb_wrapper\">\n\t\t\t<p>En publiant la preuve que DriveSavers subit un audit annuel \u00e0 l'\u00e9chelle de l'entreprise, elle se distingue de tous les autres prestataires de services de r\u00e9cup\u00e9ration de donn\u00e9es dans l'industrie actuelle. Cet audit v\u00e9rifie nos qualifications pour g\u00e9rer des r\u00e9cup\u00e9rations de classe entreprise et soutenir les clients qui doivent respecter les r\u00e9glementations sur la confidentialit\u00e9 et la s\u00e9curit\u00e9 des donn\u00e9es, telles que :<\/p>\n\n\t\t<\/div>\n\t<\/div>\n<div class=\"vcex-spacing wpex-w-100 wpex-clear\"><\/div><div class=\"vcex-spacing wpex-w-100 wpex-clear\"><\/div>\n\t<div class=\"wpb_text_column wpb_content_element\" >\n\t\t<div class=\"wpb_wrapper\">\n\t\t\t<p>Un audit annuel garantit \u00e0 nos clients et partenaires que seuls des ing\u00e9nieurs de r\u00e9cup\u00e9ration de donn\u00e9es autoris\u00e9s ont acc\u00e8s \u00e0 leurs donn\u00e9es personnelles et confidentielles. Une fois le processus de r\u00e9cup\u00e9ration termin\u00e9, les donn\u00e9es sont stock\u00e9es sur notre r\u00e9seau s\u00e9curis\u00e9 jusqu'\u00e0 ce que l'int\u00e9grit\u00e9 des donn\u00e9es r\u00e9cup\u00e9r\u00e9es soit v\u00e9rifi\u00e9e. Des solutions personnalis\u00e9es sont propos\u00e9es pour les r\u00e9cup\u00e9rations de fichiers et de disques crypt\u00e9s. Les donn\u00e9es sont prot\u00e9g\u00e9es pendant leur transport vers et depuis notre installation. Si un acc\u00e8s instantan\u00e9 aux donn\u00e9es r\u00e9cup\u00e9r\u00e9es est requis, celles-ci sont transmises via un site FTP s\u00e9curis\u00e9. La destruction s\u00e9curis\u00e9e et permanente des donn\u00e9es est disponible sur demande.<\/p>\n\n\t\t<\/div>\n\t<\/div>\n<\/div><\/div><\/div><\/div><div class=\"vc_row wpb_row vc_row-fluid wpex-relative\"><div class=\"wpb_column vc_column_container vc_col-sm-12\"><div class=\"vc_column-inner\"><div class=\"wpb_wrapper\"><\/div><\/div><\/div><\/div><\/div>\n<\/div>","protected":false},"excerpt":{"rendered":"About WIRED Security Inc.\u2019s Network Security Audit DriveSavers undergoes annual security audits on its perimeter and network systems. These audits are conducted by a team of independent information security and technology consultants from WIRED Security, Inc., to ensure that adequate controls and safeguards are in place for safely hosting data belonging to our customers. A&hellip;","protected":false},"author":30,"featured_media":2660,"parent":876,"menu_order":0,"comment_status":"closed","ping_status":"closed","template":"","meta":{"_acf_changed":false,"inline_featured_image":false,"footnotes":""},"class_list":["post-2657","page","type-page","status-publish","has-post-thumbnail","hentry","entry","has-media"],"acf":[],"yoast_head":"<!-- This site is optimized with the Yoast SEO Premium plugin v26.9 (Yoast SEO v27.3) - https:\/\/yoast.com\/product\/yoast-seo-premium-wordpress\/ -->\n<title>Defense In-Depth Network Proof - DriveSavers<\/title>\n<meta name=\"robots\" content=\"index, follow, max-snippet:-1, max-image-preview:large, max-video-preview:-1\" \/>\n<link rel=\"canonical\" href=\"https:\/\/drivesaversdatarecovery.com\/fr-fr\/pourquoi-nous\/recuperation-de-donnees-securisee-et-certifiee\/certification-dun-reseau-securise-de-defense-en-profondeur\/\" \/>\n<meta property=\"og:locale\" content=\"fr_FR\" \/>\n<meta property=\"og:type\" content=\"article\" \/>\n<meta property=\"og:title\" content=\"Defense In-Depth Network Proof\" \/>\n<meta property=\"og:url\" content=\"https:\/\/drivesaversdatarecovery.com\/fr-fr\/pourquoi-nous\/recuperation-de-donnees-securisee-et-certifiee\/certification-dun-reseau-securise-de-defense-en-profondeur\/\" \/>\n<meta property=\"og:site_name\" content=\"DriveSavers Data Recovery Services\" \/>\n<meta property=\"article:publisher\" content=\"https:\/\/www.facebook.com\/DriveSavers\" \/>\n<meta property=\"article:modified_time\" content=\"2024-10-31T23:32:42+00:00\" \/>\n<meta property=\"og:image\" content=\"https:\/\/drivesaversdatarecovery.com\/wp-content\/uploads\/2018\/09\/header-defense-certified.jpg\" \/>\n\t<meta property=\"og:image:width\" content=\"1920\" \/>\n\t<meta property=\"og:image:height\" content=\"660\" \/>\n\t<meta property=\"og:image:type\" content=\"image\/jpeg\" \/>\n<meta name=\"twitter:card\" content=\"summary_large_image\" \/>\n<meta name=\"twitter:site\" content=\"@drivesavers\" \/>\n<meta name=\"twitter:label1\" content=\"Dur\u00e9e de lecture estim\u00e9e\" \/>\n\t<meta name=\"twitter:data1\" content=\"3 minutes\" \/>\n<script type=\"application\/ld+json\" class=\"yoast-schema-graph\">{\"@context\":\"https:\\\/\\\/schema.org\",\"@graph\":[{\"@type\":\"TechArticle\",\"@id\":\"https:\\\/\\\/drivesaversdatarecovery.com\\\/why-us\\\/certified-secure-data-recovery\\\/certified-secure-defense-in-depth-network-proof\\\/#article\",\"isPartOf\":{\"@id\":\"https:\\\/\\\/drivesaversdatarecovery.com\\\/why-us\\\/certified-secure-data-recovery\\\/certified-secure-defense-in-depth-network-proof\\\/\"},\"author\":{\"name\":\"Michelle West\",\"@id\":\"https:\\\/\\\/drivesaversdatarecovery.com\\\/#\\\/schema\\\/person\\\/8319da503f7e4ddd51903b6d8295be1c\"},\"headline\":\"Defense In-Depth Network Proof\",\"datePublished\":\"2018-09-06T01:06:31+00:00\",\"dateModified\":\"2024-10-31T23:32:42+00:00\",\"mainEntityOfPage\":{\"@id\":\"https:\\\/\\\/drivesaversdatarecovery.com\\\/why-us\\\/certified-secure-data-recovery\\\/certified-secure-defense-in-depth-network-proof\\\/\"},\"wordCount\":741,\"publisher\":{\"@id\":\"https:\\\/\\\/drivesaversdatarecovery.com\\\/#organization\"},\"image\":{\"@id\":\"https:\\\/\\\/drivesaversdatarecovery.com\\\/why-us\\\/certified-secure-data-recovery\\\/certified-secure-defense-in-depth-network-proof\\\/#primaryimage\"},\"thumbnailUrl\":\"https:\\\/\\\/drivesaversdatarecovery.com\\\/wp-content\\\/uploads\\\/2018\\\/09\\\/header-defense-certified.jpg\",\"inLanguage\":\"fr-FR\"},{\"@type\":\"WebPage\",\"@id\":\"https:\\\/\\\/drivesaversdatarecovery.com\\\/why-us\\\/certified-secure-data-recovery\\\/certified-secure-defense-in-depth-network-proof\\\/\",\"url\":\"https:\\\/\\\/drivesaversdatarecovery.com\\\/why-us\\\/certified-secure-data-recovery\\\/certified-secure-defense-in-depth-network-proof\\\/\",\"name\":\"Defense In-Depth Network Proof - DriveSavers\",\"isPartOf\":{\"@id\":\"https:\\\/\\\/drivesaversdatarecovery.com\\\/#website\"},\"primaryImageOfPage\":{\"@id\":\"https:\\\/\\\/drivesaversdatarecovery.com\\\/why-us\\\/certified-secure-data-recovery\\\/certified-secure-defense-in-depth-network-proof\\\/#primaryimage\"},\"image\":{\"@id\":\"https:\\\/\\\/drivesaversdatarecovery.com\\\/why-us\\\/certified-secure-data-recovery\\\/certified-secure-defense-in-depth-network-proof\\\/#primaryimage\"},\"thumbnailUrl\":\"https:\\\/\\\/drivesaversdatarecovery.com\\\/wp-content\\\/uploads\\\/2018\\\/09\\\/header-defense-certified.jpg\",\"datePublished\":\"2018-09-06T01:06:31+00:00\",\"dateModified\":\"2024-10-31T23:32:42+00:00\",\"breadcrumb\":{\"@id\":\"https:\\\/\\\/drivesaversdatarecovery.com\\\/why-us\\\/certified-secure-data-recovery\\\/certified-secure-defense-in-depth-network-proof\\\/#breadcrumb\"},\"inLanguage\":\"fr-FR\",\"potentialAction\":[{\"@type\":\"ReadAction\",\"target\":[\"https:\\\/\\\/drivesaversdatarecovery.com\\\/why-us\\\/certified-secure-data-recovery\\\/certified-secure-defense-in-depth-network-proof\\\/\"]}]},{\"@type\":\"ImageObject\",\"inLanguage\":\"fr-FR\",\"@id\":\"https:\\\/\\\/drivesaversdatarecovery.com\\\/why-us\\\/certified-secure-data-recovery\\\/certified-secure-defense-in-depth-network-proof\\\/#primaryimage\",\"url\":\"https:\\\/\\\/drivesaversdatarecovery.com\\\/wp-content\\\/uploads\\\/2018\\\/09\\\/header-defense-certified.jpg\",\"contentUrl\":\"https:\\\/\\\/drivesaversdatarecovery.com\\\/wp-content\\\/uploads\\\/2018\\\/09\\\/header-defense-certified.jpg\",\"width\":1920,\"height\":660},{\"@type\":\"BreadcrumbList\",\"@id\":\"https:\\\/\\\/drivesaversdatarecovery.com\\\/why-us\\\/certified-secure-data-recovery\\\/certified-secure-defense-in-depth-network-proof\\\/#breadcrumb\",\"itemListElement\":[{\"@type\":\"ListItem\",\"position\":1,\"name\":\"Home\",\"item\":\"https:\\\/\\\/drivesaversdatarecovery.com\\\/\"},{\"@type\":\"ListItem\",\"position\":2,\"name\":\"Why DriveSavers\",\"item\":\"https:\\\/\\\/drivesaversdatarecovery.com\\\/why-us\\\/\"},{\"@type\":\"ListItem\",\"position\":3,\"name\":\"Certified Secure\",\"item\":\"https:\\\/\\\/drivesaversdatarecovery.com\\\/why-us\\\/certified-secure-data-recovery\\\/\"},{\"@type\":\"ListItem\",\"position\":4,\"name\":\"Defense In-Depth Network Proof\"}]},{\"@type\":\"WebSite\",\"@id\":\"https:\\\/\\\/drivesaversdatarecovery.com\\\/#website\",\"url\":\"https:\\\/\\\/drivesaversdatarecovery.com\\\/\",\"name\":\"DriveSavers Data Recovery Services\",\"description\":\"The Worldwide Leader in Data Recovery\",\"publisher\":{\"@id\":\"https:\\\/\\\/drivesaversdatarecovery.com\\\/#organization\"},\"potentialAction\":[{\"@type\":\"SearchAction\",\"target\":{\"@type\":\"EntryPoint\",\"urlTemplate\":\"https:\\\/\\\/drivesaversdatarecovery.com\\\/?s={search_term_string}\"},\"query-input\":{\"@type\":\"PropertyValueSpecification\",\"valueRequired\":true,\"valueName\":\"search_term_string\"}}],\"inLanguage\":\"fr-FR\"},{\"@type\":\"Organization\",\"@id\":\"https:\\\/\\\/drivesaversdatarecovery.com\\\/#organization\",\"name\":\"DriveSavers Data Recovery\",\"url\":\"https:\\\/\\\/drivesaversdatarecovery.com\\\/\",\"logo\":{\"@type\":\"ImageObject\",\"inLanguage\":\"fr-FR\",\"@id\":\"https:\\\/\\\/drivesaversdatarecovery.com\\\/#\\\/schema\\\/logo\\\/image\\\/\",\"url\":\"https:\\\/\\\/drivesaversdatarecovery.com\\\/wp-content\\\/uploads\\\/2021\\\/08\\\/Logo-01.png\",\"contentUrl\":\"https:\\\/\\\/drivesaversdatarecovery.com\\\/wp-content\\\/uploads\\\/2021\\\/08\\\/Logo-01.png\",\"width\":1092,\"height\":1087,\"caption\":\"DriveSavers Data Recovery\"},\"image\":{\"@id\":\"https:\\\/\\\/drivesaversdatarecovery.com\\\/#\\\/schema\\\/logo\\\/image\\\/\"},\"sameAs\":[\"https:\\\/\\\/www.facebook.com\\\/DriveSavers\",\"https:\\\/\\\/x.com\\\/drivesavers\",\"https:\\\/\\\/www.instagram.com\\\/drivesavers\\\/\",\"https:\\\/\\\/www.linkedin.com\\\/company\\\/drivesavers-data-recovery\\\/\",\"https:\\\/\\\/www.pinterest.com\\\/drivesavers\\\/\",\"https:\\\/\\\/www.youtube.com\\\/channel\\\/UCBlynLMdFWQgid-Gwm0zJ1A\",\"https:\\\/\\\/en.wikipedia.org\\\/wiki\\\/DriveSavers\"]},{\"@type\":\"Person\",\"@id\":\"https:\\\/\\\/drivesaversdatarecovery.com\\\/#\\\/schema\\\/person\\\/8319da503f7e4ddd51903b6d8295be1c\",\"name\":\"Michelle West\",\"image\":{\"@type\":\"ImageObject\",\"inLanguage\":\"fr-FR\",\"@id\":\"https:\\\/\\\/secure.gravatar.com\\\/avatar\\\/c820e118da73c12bbab9f3e84e4787eeda260d6c5c486643e5f474153469c728?s=96&d=blank&r=g\",\"url\":\"https:\\\/\\\/secure.gravatar.com\\\/avatar\\\/c820e118da73c12bbab9f3e84e4787eeda260d6c5c486643e5f474153469c728?s=96&d=blank&r=g\",\"contentUrl\":\"https:\\\/\\\/secure.gravatar.com\\\/avatar\\\/c820e118da73c12bbab9f3e84e4787eeda260d6c5c486643e5f474153469c728?s=96&d=blank&r=g\",\"caption\":\"Michelle West\"},\"description\":\"DriveSavers Senior Marketing Manager Writing about DriveSavers, data recovery, or another technology-related topic? Contact us.\",\"sameAs\":[\"https:\\\/\\\/www.linkedin.com\\\/in\\\/west-michelle\\\/\"],\"url\":\"https:\\\/\\\/drivesaversdatarecovery.com\\\/fr-fr\\\/author\\\/michelle\\\/\"}]}<\/script>\n<!-- \/ Yoast SEO Premium plugin. -->","yoast_head_json":{"title":"Preuve de d\u00e9fense en profondeur du r\u00e9seau - DriveSavers","robots":{"index":"index","follow":"follow","max-snippet":"max-snippet:-1","max-image-preview":"max-image-preview:large","max-video-preview":"max-video-preview:-1"},"canonical":"https:\/\/drivesaversdatarecovery.com\/fr-fr\/pourquoi-nous\/recuperation-de-donnees-securisee-et-certifiee\/certification-dun-reseau-securise-de-defense-en-profondeur\/","og_locale":"fr_FR","og_type":"article","og_title":"Defense In-Depth Network Proof","og_url":"https:\/\/drivesaversdatarecovery.com\/fr-fr\/pourquoi-nous\/recuperation-de-donnees-securisee-et-certifiee\/certification-dun-reseau-securise-de-defense-en-profondeur\/","og_site_name":"DriveSavers Data Recovery Services","article_publisher":"https:\/\/www.facebook.com\/DriveSavers","article_modified_time":"2024-10-31T23:32:42+00:00","og_image":[{"width":1920,"height":660,"url":"https:\/\/drivesaversdatarecovery.com\/wp-content\/uploads\/2018\/09\/header-defense-certified.jpg","type":"image\/jpeg"}],"twitter_card":"summary_large_image","twitter_site":"@drivesavers","twitter_misc":{"Dur\u00e9e de lecture estim\u00e9e":"3 minutes"},"schema":{"@context":"https:\/\/schema.org","@graph":[{"@type":"TechArticle","@id":"https:\/\/drivesaversdatarecovery.com\/why-us\/certified-secure-data-recovery\/certified-secure-defense-in-depth-network-proof\/#article","isPartOf":{"@id":"https:\/\/drivesaversdatarecovery.com\/why-us\/certified-secure-data-recovery\/certified-secure-defense-in-depth-network-proof\/"},"author":{"name":"Michelle West","@id":"https:\/\/drivesaversdatarecovery.com\/#\/schema\/person\/8319da503f7e4ddd51903b6d8295be1c"},"headline":"Defense In-Depth Network Proof","datePublished":"2018-09-06T01:06:31+00:00","dateModified":"2024-10-31T23:32:42+00:00","mainEntityOfPage":{"@id":"https:\/\/drivesaversdatarecovery.com\/why-us\/certified-secure-data-recovery\/certified-secure-defense-in-depth-network-proof\/"},"wordCount":741,"publisher":{"@id":"https:\/\/drivesaversdatarecovery.com\/#organization"},"image":{"@id":"https:\/\/drivesaversdatarecovery.com\/why-us\/certified-secure-data-recovery\/certified-secure-defense-in-depth-network-proof\/#primaryimage"},"thumbnailUrl":"https:\/\/drivesaversdatarecovery.com\/wp-content\/uploads\/2018\/09\/header-defense-certified.jpg","inLanguage":"fr-FR"},{"@type":"WebPage","@id":"https:\/\/drivesaversdatarecovery.com\/why-us\/certified-secure-data-recovery\/certified-secure-defense-in-depth-network-proof\/","url":"https:\/\/drivesaversdatarecovery.com\/why-us\/certified-secure-data-recovery\/certified-secure-defense-in-depth-network-proof\/","name":"Preuve de d\u00e9fense en profondeur du r\u00e9seau - DriveSavers","isPartOf":{"@id":"https:\/\/drivesaversdatarecovery.com\/#website"},"primaryImageOfPage":{"@id":"https:\/\/drivesaversdatarecovery.com\/why-us\/certified-secure-data-recovery\/certified-secure-defense-in-depth-network-proof\/#primaryimage"},"image":{"@id":"https:\/\/drivesaversdatarecovery.com\/why-us\/certified-secure-data-recovery\/certified-secure-defense-in-depth-network-proof\/#primaryimage"},"thumbnailUrl":"https:\/\/drivesaversdatarecovery.com\/wp-content\/uploads\/2018\/09\/header-defense-certified.jpg","datePublished":"2018-09-06T01:06:31+00:00","dateModified":"2024-10-31T23:32:42+00:00","breadcrumb":{"@id":"https:\/\/drivesaversdatarecovery.com\/why-us\/certified-secure-data-recovery\/certified-secure-defense-in-depth-network-proof\/#breadcrumb"},"inLanguage":"fr-FR","potentialAction":[{"@type":"ReadAction","target":["https:\/\/drivesaversdatarecovery.com\/why-us\/certified-secure-data-recovery\/certified-secure-defense-in-depth-network-proof\/"]}]},{"@type":"ImageObject","inLanguage":"fr-FR","@id":"https:\/\/drivesaversdatarecovery.com\/why-us\/certified-secure-data-recovery\/certified-secure-defense-in-depth-network-proof\/#primaryimage","url":"https:\/\/drivesaversdatarecovery.com\/wp-content\/uploads\/2018\/09\/header-defense-certified.jpg","contentUrl":"https:\/\/drivesaversdatarecovery.com\/wp-content\/uploads\/2018\/09\/header-defense-certified.jpg","width":1920,"height":660},{"@type":"BreadcrumbList","@id":"https:\/\/drivesaversdatarecovery.com\/why-us\/certified-secure-data-recovery\/certified-secure-defense-in-depth-network-proof\/#breadcrumb","itemListElement":[{"@type":"ListItem","position":1,"name":"Home","item":"https:\/\/drivesaversdatarecovery.com\/"},{"@type":"ListItem","position":2,"name":"Why DriveSavers","item":"https:\/\/drivesaversdatarecovery.com\/why-us\/"},{"@type":"ListItem","position":3,"name":"Certified Secure","item":"https:\/\/drivesaversdatarecovery.com\/why-us\/certified-secure-data-recovery\/"},{"@type":"ListItem","position":4,"name":"Defense In-Depth Network Proof"}]},{"@type":"WebSite","@id":"https:\/\/drivesaversdatarecovery.com\/#website","url":"https:\/\/drivesaversdatarecovery.com\/","name":"Services de r\u00e9cup\u00e9ration de donn\u00e9es DriveSavers","description":"Le leader mondial de la r\u00e9cup\u00e9ration de donn\u00e9es","publisher":{"@id":"https:\/\/drivesaversdatarecovery.com\/#organization"},"potentialAction":[{"@type":"SearchAction","target":{"@type":"EntryPoint","urlTemplate":"https:\/\/drivesaversdatarecovery.com\/?s={search_term_string}"},"query-input":{"@type":"PropertyValueSpecification","valueRequired":true,"valueName":"search_term_string"}}],"inLanguage":"fr-FR"},{"@type":"Organization","@id":"https:\/\/drivesaversdatarecovery.com\/#organization","name":"DriveSavers Data Recovery","url":"https:\/\/drivesaversdatarecovery.com\/","logo":{"@type":"ImageObject","inLanguage":"fr-FR","@id":"https:\/\/drivesaversdatarecovery.com\/#\/schema\/logo\/image\/","url":"https:\/\/drivesaversdatarecovery.com\/wp-content\/uploads\/2021\/08\/Logo-01.png","contentUrl":"https:\/\/drivesaversdatarecovery.com\/wp-content\/uploads\/2021\/08\/Logo-01.png","width":1092,"height":1087,"caption":"DriveSavers Data Recovery"},"image":{"@id":"https:\/\/drivesaversdatarecovery.com\/#\/schema\/logo\/image\/"},"sameAs":["https:\/\/www.facebook.com\/DriveSavers","https:\/\/x.com\/drivesavers","https:\/\/www.instagram.com\/drivesavers\/","https:\/\/www.linkedin.com\/company\/drivesavers-data-recovery\/","https:\/\/www.pinterest.com\/drivesavers\/","https:\/\/www.youtube.com\/channel\/UCBlynLMdFWQgid-Gwm0zJ1A","https:\/\/en.wikipedia.org\/wiki\/DriveSavers"]},{"@type":"Person","@id":"https:\/\/drivesaversdatarecovery.com\/#\/schema\/person\/8319da503f7e4ddd51903b6d8295be1c","name":"Michelle West","image":{"@type":"ImageObject","inLanguage":"fr-FR","@id":"https:\/\/secure.gravatar.com\/avatar\/c820e118da73c12bbab9f3e84e4787eeda260d6c5c486643e5f474153469c728?s=96&d=blank&r=g","url":"https:\/\/secure.gravatar.com\/avatar\/c820e118da73c12bbab9f3e84e4787eeda260d6c5c486643e5f474153469c728?s=96&d=blank&r=g","contentUrl":"https:\/\/secure.gravatar.com\/avatar\/c820e118da73c12bbab9f3e84e4787eeda260d6c5c486643e5f474153469c728?s=96&d=blank&r=g","caption":"Michelle West"},"description":"DriveSavers Senior Marketing Manager Ecrire sur DriveSavers, la r\u00e9cup\u00e9ration de donn\u00e9es, ou un autre sujet li\u00e9 \u00e0 la technologie ? Contactez nous.","sameAs":["https:\/\/www.linkedin.com\/in\/west-michelle\/"],"url":"https:\/\/drivesaversdatarecovery.com\/fr-fr\/author\/michelle\/"}]}},"_links":{"self":[{"href":"https:\/\/drivesaversdatarecovery.com\/fr-fr\/wp-json\/wp\/v2\/pages\/2657","targetHints":{"allow":["GET"]}}],"collection":[{"href":"https:\/\/drivesaversdatarecovery.com\/fr-fr\/wp-json\/wp\/v2\/pages"}],"about":[{"href":"https:\/\/drivesaversdatarecovery.com\/fr-fr\/wp-json\/wp\/v2\/types\/page"}],"author":[{"embeddable":true,"href":"https:\/\/drivesaversdatarecovery.com\/fr-fr\/wp-json\/wp\/v2\/users\/30"}],"replies":[{"embeddable":true,"href":"https:\/\/drivesaversdatarecovery.com\/fr-fr\/wp-json\/wp\/v2\/comments?post=2657"}],"version-history":[{"count":0,"href":"https:\/\/drivesaversdatarecovery.com\/fr-fr\/wp-json\/wp\/v2\/pages\/2657\/revisions"}],"up":[{"embeddable":true,"href":"https:\/\/drivesaversdatarecovery.com\/fr-fr\/wp-json\/wp\/v2\/pages\/876"}],"wp:featuredmedia":[{"embeddable":true,"href":"https:\/\/drivesaversdatarecovery.com\/fr-fr\/wp-json\/wp\/v2\/media\/2660"}],"wp:attachment":[{"href":"https:\/\/drivesaversdatarecovery.com\/fr-fr\/wp-json\/wp\/v2\/media?parent=2657"}],"curies":[{"name":"wp","href":"https:\/\/api.w.org\/{rel}","templated":true}]}}