{"id":1673,"date":"2018-08-11T16:23:51","date_gmt":"2018-08-11T21:23:51","guid":{"rendered":"https:\/\/test.drivesaversdatarecovery.com\/?page_id=1673"},"modified":"2026-01-14T01:19:20","modified_gmt":"2026-01-14T09:19:20","slug":"google-my-business","status":"publish","type":"page","link":"https:\/\/drivesaversdatarecovery.com\/fr-ca\/reseller-resource-center-orig\/google-my-business\/","title":{"rendered":"Google Profil d'entreprise"},"content":{"rendered":"<div class=\"wpb-content-wrapper\"><div class=\"vc_section wpex-relative hidden-desktop\"><div class=\"vc_row wpb_row vc_row-fluid vc_custom_1538611454089 vc_column-gap-35 vc_row-o-equal-height vc_row-o-content-middle vc_row-flex wpex-relative tablet-fullwidth-columns\"><div class=\"wpb_column vc_column_container vc_col-sm-12\"><div class=\"vc_column-inner\"><div class=\"wpb_wrapper\"><nav class=\"vcex-navbar vcex-navbar--expanded vcex-module hidden-desktop\"><div class=\"vcex-navbar-inner wpex-clr\"><a href=\"https:\/\/drivesaversdatarecovery.com\/fr-ca\/reseller-resource-center-orig\/\" class=\"vcex-navbar-link vcex-navbar-link--1656 wpex-block wpex-float-left wpex-mb-5 theme-button expanded vc_custom_1538600545523\"><span class=\"vcex-navbar-link-text\">Accueil des ressources pour les revendeurs<\/span><\/a><a href=\"https:\/\/drivesaversdatarecovery.com\/fr-ca\/reseller-resource-center-orig\/promotional-tools\/\" class=\"vcex-navbar-link vcex-navbar-link--1748 wpex-block wpex-float-left wpex-mb-5 theme-button expanded vc_custom_1538600545523\"><span class=\"vcex-navbar-link-text\">Outils marketing \/ promotionnels gratuits<\/span><\/a><a href=\"https:\/\/drivesaversdatarecovery.com\/fr-ca\/reviewpoint\/\" class=\"vcex-navbar-link vcex-navbar-link--74011 wpex-block wpex-float-left wpex-mb-5 theme-button expanded vc_custom_1538600545523\"><span class=\"vcex-navbar-link-text\">ReviewPoint \/ Essai de 14 jours<\/span><\/a><a href=\"https:\/\/drivesaversdatarecovery.com\/fr-ca\/reseller-resource-center-orig\/banner-advertising\/\" class=\"vcex-navbar-link vcex-navbar-link--1692 wpex-block wpex-float-left wpex-mb-5 theme-button expanded vc_custom_1538600545523\"><span class=\"vcex-navbar-link-text\">Banni\u00e8res web<\/span><\/a><a href=\"https:\/\/drivesaversdatarecovery.com\/fr-ca\/reseller-resource-center-orig\/virtual-video-tours\/\" class=\"vcex-navbar-link vcex-navbar-link--1713 wpex-block wpex-float-left wpex-mb-5 theme-button expanded vc_custom_1538600545523\"><span class=\"vcex-navbar-link-text\">Visites vid\u00e9o virtuelles<\/span><\/a><a href=\"https:\/\/drivesaversdatarecovery.com\/fr-ca\/reseller-resource-center-orig\/google-my-business\/\" class=\"vcex-navbar-link vcex-navbar-link--1673 wpex-block wpex-float-left wpex-mb-5 theme-button expanded vc_custom_1538600545523\"><span class=\"vcex-navbar-link-text\">Google Profil d'entreprise<\/span><\/a><a href=\"https:\/\/drivesaversdatarecovery.com\/fr-ca\/reseller-resource-center-orig\/hard-drive-simulator\/\" class=\"vcex-navbar-link vcex-navbar-link--1704 wpex-block wpex-float-left wpex-mb-5 theme-button expanded vc_custom_1538600545523\"><span class=\"vcex-navbar-link-text\">Simulateur de disque dur<\/span><\/a><a href=\"https:\/\/drivesaversdatarecovery.com\/fr-ca\/reseller-resource-center-orig\/how-to-redeem-your-amazon-gift-card\/\" class=\"vcex-navbar-link vcex-navbar-link--50731 wpex-block wpex-float-left wpex-mb-5 theme-button expanded vc_custom_1538600545523\"><span class=\"vcex-navbar-link-text\">\u00c9changez votre carte-cadeau Amazon<\/span><\/a><\/div><\/nav><\/div><\/div><\/div><\/div><\/div><div class=\"vc_section wpex-relative\"><div class=\"vc_row wpb_row vc_row-fluid vc_custom_1533348215671 vc_column-gap-35 vc_row-o-equal-height vc_row-o-content-middle vc_row-flex wpex-relative tablet-fullwidth-columns\"><div class=\"wpb_column vc_column_container vc_col-sm-12\"><div class=\"vc_column-inner\"><div class=\"wpb_wrapper\"><style>.vcex-heading.vcex_69d44fb5a3259{line-height:.9;}<\/style><h2 class=\"vcex-heading vcex-heading-plain vcex-module wpex-heading wpex-text-2xl wpex-h2 vcex_69d44fb5a3259\"><span class=\"vcex-heading-inner wpex-inline-block\">Am\u00e9liorez vos r\u00e9sultats de recherche Google et attirez plus de clients !<\/span><\/h2>\n\t<div class=\"wpb_text_column wpb_content_element\" >\n\t\t<div class=\"wpb_wrapper\">\n\t\t\t<p><strong>Google Profil d'entreprise<\/strong>\u00a0est un excellent outil gratuit pour aider votre entreprise \u00e0 se d\u00e9marquer sur le Web. Il vous permet d'attribuer des termes de recherche sp\u00e9cifiques au nom de votre entreprise afin que les clients locaux qui ont besoin de vos services puissent vous trouver et vous appeler plus facilement.<\/p>\n<p>Ajoutez \u00ab Service de r\u00e9cup\u00e9ration de donn\u00e9es \u00bb aux informations de votre entreprise sur <strong>Google Profil d'entreprise<\/strong>\u00a0pour que votre entreprise soit mise en avant dans les r\u00e9sultats de recherche.<\/p>\n<p>Pour ajouter une cat\u00e9gorie d'entreprise, cliquez ici :<a href=\"https:\/\/www.google.com\/business\/\" target=\"_blank\" rel=\"noopener noreferrer\">\u00a0www.google.com\/business\/<\/a>.<\/p>\n<p><strong><span style=\"color: #000000;\">1) Cliquez sur \u00ab CONNEXION \u00bb si vous disposez d\u00e9j\u00e0 d'un compte Google Profil d'entreprise<\/span><\/strong><\/p>\n<p>Si vous n'avez pas de compte configur\u00e9, cliquez sur \u00ab G\u00c9RER MAINTENANT \u00bb, suivez les instructions, puis revenez \u00e0 cette page.<\/p>\n<p><strong><span style=\"color: #000000;\">2) Cliquez sur le bouton \u00ab Modifier le profil \u00bb pour ajouter les nouvelles cat\u00e9gories.<\/span><\/strong><\/p>\n<p><strong><span style=\"color: #000000;\"><img loading=\"lazy\" decoding=\"async\" class=\"alignnone size-large wp-image-68877\" src=\"https:\/\/drivesaversdatarecovery.com\/wp-content\/uploads\/2024\/01\/GoogleMyBusiness1-1024x431.webp\" alt=\"\" width=\"980\" height=\"412\" \/><\/span><\/strong><\/p>\n<p>3) Sous le nom de votre entreprise, passez la souris sur Cat\u00e9gorie d'entreprise, puis cliquez sur l'ic\u00f4ne en forme de crayon.<\/p>\n<p><strong><span style=\"color: #000000;\"><img loading=\"lazy\" decoding=\"async\" class=\"alignnone size-medium wp-image-68878\" src=\"https:\/\/drivesaversdatarecovery.com\/wp-content\/uploads\/2024\/01\/GoogleMyBusiness2-300x239.webp\" alt=\"\" width=\"300\" height=\"239\" \/><\/span><\/strong><\/p>\n<p><strong><span style=\"color: #000000;\">4) S\u00e9lectionnez \u00ab Cat\u00e9gorie suppl\u00e9mentaire \u00bb et ajoutez :<\/span><\/strong><\/p>\n<ul>\n<li>Service de r\u00e9cup\u00e9ration des donn\u00e9es<\/li>\n<\/ul>\n<p>&nbsp;<\/p>\n<p><strong><span style=\"color: #000000;\"><img loading=\"lazy\" decoding=\"async\" class=\"alignnone size-medium wp-image-68879\" src=\"https:\/\/drivesaversdatarecovery.com\/wp-content\/uploads\/2024\/01\/GoogleMyBusiness3-240x300.webp\" alt=\"\" width=\"240\" height=\"300\" \/><\/span><\/strong><\/p>\n<p><strong><span style=\"color: #000000;\">5) Une fois termin\u00e9, s\u00e9lectionnez \u00ab ENREGISTRER \u00bb<\/span><\/strong><\/p>\n<p>Google examinera votre fiche et, dans quelques jours, les nouvelles cat\u00e9gories de votre entreprise seront ajout\u00e9es aux r\u00e9sultats de recherche universels de Google, Google Maps. Cela ajoutera \u00e9galement automatiquement \u00ab<span style=\"font-size: 1em;\">Data Recovery Service\u201d dans la liste des services offerts.<\/span><\/p>\n\n\t\t<\/div>\n\t<\/div>\n<\/div><\/div><\/div><\/div><\/div>\n<\/div>","protected":false},"excerpt":{"rendered":"Reseller Resource HomeFree Marketing \/ Promotional ToolsReviewPoint \/ 14-day trialWeb BannersVirtual Video ToursGoogle My BusinessHard Drive SimulatorRedeem Your Amazon Gift CardImprove your Google Search results and attract more customers! Google My Business\u00a0is a great free tool to help your company stand out on the web. It allows you to assign specific search terms to your&hellip;","protected":false},"author":30,"featured_media":47411,"parent":1656,"menu_order":0,"comment_status":"closed","ping_status":"closed","template":"","meta":{"_acf_changed":false,"inline_featured_image":false,"footnotes":""},"class_list":["post-1673","page","type-page","status-publish","has-post-thumbnail","hentry","entry","has-media"],"acf":[],"yoast_head":"<!-- This site is optimized with the Yoast SEO Premium plugin v26.9 (Yoast SEO v27.3) - https:\/\/yoast.com\/product\/yoast-seo-premium-wordpress\/ -->\n<title>Google My Business - DriveSavers<\/title>\n<meta name=\"robots\" content=\"noindex, nofollow\" \/>\n<meta property=\"og:locale\" content=\"fr_CA\" \/>\n<meta property=\"og:type\" content=\"article\" \/>\n<meta property=\"og:title\" content=\"Google My Business\" \/>\n<meta property=\"og:url\" content=\"https:\/\/drivesaversdatarecovery.com\/fr-ca\/reseller-resource-center-orig\/google-my-business\/\" \/>\n<meta property=\"og:site_name\" content=\"DriveSavers Data Recovery Services\" \/>\n<meta property=\"article:publisher\" content=\"https:\/\/www.facebook.com\/DriveSavers\" \/>\n<meta property=\"article:modified_time\" content=\"2026-01-14T09:19:20+00:00\" \/>\n<meta property=\"og:image\" content=\"https:\/\/drivesaversdatarecovery.com\/wp-content\/uploads\/2019\/04\/header-reseller-2.jpg\" \/>\n\t<meta property=\"og:image:width\" content=\"1920\" \/>\n\t<meta property=\"og:image:height\" content=\"660\" \/>\n\t<meta property=\"og:image:type\" content=\"image\/jpeg\" \/>\n<meta name=\"twitter:card\" content=\"summary_large_image\" \/>\n<meta name=\"twitter:site\" content=\"@drivesavers\" \/>\n<meta name=\"twitter:label1\" content=\"Estimation du temps de lecture\" \/>\n\t<meta name=\"twitter:data1\" content=\"2 minutes\" \/>\n<script type=\"application\/ld+json\" class=\"yoast-schema-graph\">{\"@context\":\"https:\\\/\\\/schema.org\",\"@graph\":[{\"@type\":\"TechArticle\",\"@id\":\"https:\\\/\\\/drivesaversdatarecovery.com\\\/pl-pl\\\/reseller-resource-center-orig\\\/google-my-business\\\/#article\",\"isPartOf\":{\"@id\":\"https:\\\/\\\/drivesaversdatarecovery.com\\\/pl-pl\\\/reseller-resource-center-orig\\\/google-my-business\\\/\"},\"author\":{\"name\":\"Michelle West\",\"@id\":\"https:\\\/\\\/drivesaversdatarecovery.com\\\/#\\\/schema\\\/person\\\/8319da503f7e4ddd51903b6d8295be1c\"},\"headline\":\"Google My Business\",\"datePublished\":\"2018-08-11T21:23:51+00:00\",\"dateModified\":\"2026-01-14T09:19:20+00:00\",\"mainEntityOfPage\":{\"@id\":\"https:\\\/\\\/drivesaversdatarecovery.com\\\/pl-pl\\\/reseller-resource-center-orig\\\/google-my-business\\\/\"},\"wordCount\":295,\"publisher\":{\"@id\":\"https:\\\/\\\/drivesaversdatarecovery.com\\\/#organization\"},\"image\":{\"@id\":\"https:\\\/\\\/drivesaversdatarecovery.com\\\/pl-pl\\\/reseller-resource-center-orig\\\/google-my-business\\\/#primaryimage\"},\"thumbnailUrl\":\"https:\\\/\\\/drivesaversdatarecovery.com\\\/wp-content\\\/uploads\\\/2019\\\/04\\\/header-reseller-2.jpg\",\"inLanguage\":\"fr-CA\"},{\"@type\":\"WebPage\",\"@id\":\"https:\\\/\\\/drivesaversdatarecovery.com\\\/pl-pl\\\/reseller-resource-center-orig\\\/google-my-business\\\/\",\"url\":\"https:\\\/\\\/drivesaversdatarecovery.com\\\/pl-pl\\\/reseller-resource-center-orig\\\/google-my-business\\\/\",\"name\":\"Google My Business - DriveSavers\",\"isPartOf\":{\"@id\":\"https:\\\/\\\/drivesaversdatarecovery.com\\\/#website\"},\"primaryImageOfPage\":{\"@id\":\"https:\\\/\\\/drivesaversdatarecovery.com\\\/pl-pl\\\/reseller-resource-center-orig\\\/google-my-business\\\/#primaryimage\"},\"image\":{\"@id\":\"https:\\\/\\\/drivesaversdatarecovery.com\\\/pl-pl\\\/reseller-resource-center-orig\\\/google-my-business\\\/#primaryimage\"},\"thumbnailUrl\":\"https:\\\/\\\/drivesaversdatarecovery.com\\\/wp-content\\\/uploads\\\/2019\\\/04\\\/header-reseller-2.jpg\",\"datePublished\":\"2018-08-11T21:23:51+00:00\",\"dateModified\":\"2026-01-14T09:19:20+00:00\",\"breadcrumb\":{\"@id\":\"https:\\\/\\\/drivesaversdatarecovery.com\\\/pl-pl\\\/reseller-resource-center-orig\\\/google-my-business\\\/#breadcrumb\"},\"inLanguage\":\"fr-CA\",\"potentialAction\":[{\"@type\":\"ReadAction\",\"target\":[\"https:\\\/\\\/drivesaversdatarecovery.com\\\/pl-pl\\\/reseller-resource-center-orig\\\/google-my-business\\\/\"]}]},{\"@type\":\"ImageObject\",\"inLanguage\":\"fr-CA\",\"@id\":\"https:\\\/\\\/drivesaversdatarecovery.com\\\/pl-pl\\\/reseller-resource-center-orig\\\/google-my-business\\\/#primaryimage\",\"url\":\"https:\\\/\\\/drivesaversdatarecovery.com\\\/wp-content\\\/uploads\\\/2019\\\/04\\\/header-reseller-2.jpg\",\"contentUrl\":\"https:\\\/\\\/drivesaversdatarecovery.com\\\/wp-content\\\/uploads\\\/2019\\\/04\\\/header-reseller-2.jpg\",\"width\":1920,\"height\":660,\"caption\":\"DriveSavers Reseller Program\"},{\"@type\":\"BreadcrumbList\",\"@id\":\"https:\\\/\\\/drivesaversdatarecovery.com\\\/pl-pl\\\/reseller-resource-center-orig\\\/google-my-business\\\/#breadcrumb\",\"itemListElement\":[{\"@type\":\"ListItem\",\"position\":1,\"name\":\"Home\",\"item\":\"https:\\\/\\\/drivesaversdatarecovery.com\\\/\"},{\"@type\":\"ListItem\",\"position\":2,\"name\":\"Reseller Resource Center\",\"item\":\"https:\\\/\\\/drivesaversdatarecovery.com\\\/es-es\\\/reseller-resource-center-orig\\\/\"},{\"@type\":\"ListItem\",\"position\":3,\"name\":\"Google My Business\"}]},{\"@type\":\"WebSite\",\"@id\":\"https:\\\/\\\/drivesaversdatarecovery.com\\\/#website\",\"url\":\"https:\\\/\\\/drivesaversdatarecovery.com\\\/\",\"name\":\"DriveSavers Data Recovery Services\",\"description\":\"The Worldwide Leader in Data Recovery\",\"publisher\":{\"@id\":\"https:\\\/\\\/drivesaversdatarecovery.com\\\/#organization\"},\"potentialAction\":[{\"@type\":\"SearchAction\",\"target\":{\"@type\":\"EntryPoint\",\"urlTemplate\":\"https:\\\/\\\/drivesaversdatarecovery.com\\\/?s={search_term_string}\"},\"query-input\":{\"@type\":\"PropertyValueSpecification\",\"valueRequired\":true,\"valueName\":\"search_term_string\"}}],\"inLanguage\":\"fr-CA\"},{\"@type\":\"Organization\",\"@id\":\"https:\\\/\\\/drivesaversdatarecovery.com\\\/#organization\",\"name\":\"DriveSavers Data Recovery\",\"url\":\"https:\\\/\\\/drivesaversdatarecovery.com\\\/\",\"logo\":{\"@type\":\"ImageObject\",\"inLanguage\":\"fr-CA\",\"@id\":\"https:\\\/\\\/drivesaversdatarecovery.com\\\/#\\\/schema\\\/logo\\\/image\\\/\",\"url\":\"https:\\\/\\\/drivesaversdatarecovery.com\\\/wp-content\\\/uploads\\\/2021\\\/08\\\/Logo-01.png\",\"contentUrl\":\"https:\\\/\\\/drivesaversdatarecovery.com\\\/wp-content\\\/uploads\\\/2021\\\/08\\\/Logo-01.png\",\"width\":1092,\"height\":1087,\"caption\":\"DriveSavers Data Recovery\"},\"image\":{\"@id\":\"https:\\\/\\\/drivesaversdatarecovery.com\\\/#\\\/schema\\\/logo\\\/image\\\/\"},\"sameAs\":[\"https:\\\/\\\/www.facebook.com\\\/DriveSavers\",\"https:\\\/\\\/x.com\\\/drivesavers\",\"https:\\\/\\\/www.instagram.com\\\/drivesavers\\\/\",\"https:\\\/\\\/www.linkedin.com\\\/company\\\/drivesavers-data-recovery\\\/\",\"https:\\\/\\\/www.pinterest.com\\\/drivesavers\\\/\",\"https:\\\/\\\/www.youtube.com\\\/channel\\\/UCBlynLMdFWQgid-Gwm0zJ1A\",\"https:\\\/\\\/en.wikipedia.org\\\/wiki\\\/DriveSavers\"]},{\"@type\":\"Person\",\"@id\":\"https:\\\/\\\/drivesaversdatarecovery.com\\\/#\\\/schema\\\/person\\\/8319da503f7e4ddd51903b6d8295be1c\",\"name\":\"Michelle West\",\"image\":{\"@type\":\"ImageObject\",\"inLanguage\":\"fr-CA\",\"@id\":\"https:\\\/\\\/secure.gravatar.com\\\/avatar\\\/c820e118da73c12bbab9f3e84e4787eeda260d6c5c486643e5f474153469c728?s=96&d=blank&r=g\",\"url\":\"https:\\\/\\\/secure.gravatar.com\\\/avatar\\\/c820e118da73c12bbab9f3e84e4787eeda260d6c5c486643e5f474153469c728?s=96&d=blank&r=g\",\"contentUrl\":\"https:\\\/\\\/secure.gravatar.com\\\/avatar\\\/c820e118da73c12bbab9f3e84e4787eeda260d6c5c486643e5f474153469c728?s=96&d=blank&r=g\",\"caption\":\"Michelle West\"},\"description\":\"DriveSavers Senior Marketing Manager Writing about DriveSavers, data recovery, or another technology-related topic? Contact us.\",\"sameAs\":[\"https:\\\/\\\/www.linkedin.com\\\/in\\\/west-michelle\\\/\"],\"url\":\"https:\\\/\\\/drivesaversdatarecovery.com\\\/fr-ca\\\/author\\\/michelle\\\/\"}]}<\/script>\n<!-- \/ Yoast SEO Premium plugin. -->","yoast_head_json":{"title":"Google My Business - DriveSavers","robots":{"index":"noindex","follow":"nofollow"},"og_locale":"fr_CA","og_type":"article","og_title":"Google My Business","og_url":"https:\/\/drivesaversdatarecovery.com\/fr-ca\/reseller-resource-center-orig\/google-my-business\/","og_site_name":"DriveSavers Data Recovery Services","article_publisher":"https:\/\/www.facebook.com\/DriveSavers","article_modified_time":"2026-01-14T09:19:20+00:00","og_image":[{"width":1920,"height":660,"url":"https:\/\/drivesaversdatarecovery.com\/wp-content\/uploads\/2019\/04\/header-reseller-2.jpg","type":"image\/jpeg"}],"twitter_card":"summary_large_image","twitter_site":"@drivesavers","twitter_misc":{"Estimation du temps de lecture":"2 minutes"},"schema":{"@context":"https:\/\/schema.org","@graph":[{"@type":"TechArticle","@id":"https:\/\/drivesaversdatarecovery.com\/pl-pl\/reseller-resource-center-orig\/google-my-business\/#article","isPartOf":{"@id":"https:\/\/drivesaversdatarecovery.com\/pl-pl\/reseller-resource-center-orig\/google-my-business\/"},"author":{"name":"Michelle West","@id":"https:\/\/drivesaversdatarecovery.com\/#\/schema\/person\/8319da503f7e4ddd51903b6d8295be1c"},"headline":"Google My Business","datePublished":"2018-08-11T21:23:51+00:00","dateModified":"2026-01-14T09:19:20+00:00","mainEntityOfPage":{"@id":"https:\/\/drivesaversdatarecovery.com\/pl-pl\/reseller-resource-center-orig\/google-my-business\/"},"wordCount":295,"publisher":{"@id":"https:\/\/drivesaversdatarecovery.com\/#organization"},"image":{"@id":"https:\/\/drivesaversdatarecovery.com\/pl-pl\/reseller-resource-center-orig\/google-my-business\/#primaryimage"},"thumbnailUrl":"https:\/\/drivesaversdatarecovery.com\/wp-content\/uploads\/2019\/04\/header-reseller-2.jpg","inLanguage":"fr-CA"},{"@type":"WebPage","@id":"https:\/\/drivesaversdatarecovery.com\/pl-pl\/reseller-resource-center-orig\/google-my-business\/","url":"https:\/\/drivesaversdatarecovery.com\/pl-pl\/reseller-resource-center-orig\/google-my-business\/","name":"Google My Business - DriveSavers","isPartOf":{"@id":"https:\/\/drivesaversdatarecovery.com\/#website"},"primaryImageOfPage":{"@id":"https:\/\/drivesaversdatarecovery.com\/pl-pl\/reseller-resource-center-orig\/google-my-business\/#primaryimage"},"image":{"@id":"https:\/\/drivesaversdatarecovery.com\/pl-pl\/reseller-resource-center-orig\/google-my-business\/#primaryimage"},"thumbnailUrl":"https:\/\/drivesaversdatarecovery.com\/wp-content\/uploads\/2019\/04\/header-reseller-2.jpg","datePublished":"2018-08-11T21:23:51+00:00","dateModified":"2026-01-14T09:19:20+00:00","breadcrumb":{"@id":"https:\/\/drivesaversdatarecovery.com\/pl-pl\/reseller-resource-center-orig\/google-my-business\/#breadcrumb"},"inLanguage":"fr-CA","potentialAction":[{"@type":"ReadAction","target":["https:\/\/drivesaversdatarecovery.com\/pl-pl\/reseller-resource-center-orig\/google-my-business\/"]}]},{"@type":"ImageObject","inLanguage":"fr-CA","@id":"https:\/\/drivesaversdatarecovery.com\/pl-pl\/reseller-resource-center-orig\/google-my-business\/#primaryimage","url":"https:\/\/drivesaversdatarecovery.com\/wp-content\/uploads\/2019\/04\/header-reseller-2.jpg","contentUrl":"https:\/\/drivesaversdatarecovery.com\/wp-content\/uploads\/2019\/04\/header-reseller-2.jpg","width":1920,"height":660,"caption":"DriveSavers Reseller Program"},{"@type":"BreadcrumbList","@id":"https:\/\/drivesaversdatarecovery.com\/pl-pl\/reseller-resource-center-orig\/google-my-business\/#breadcrumb","itemListElement":[{"@type":"ListItem","position":1,"name":"Home","item":"https:\/\/drivesaversdatarecovery.com\/"},{"@type":"ListItem","position":2,"name":"Reseller Resource Center","item":"https:\/\/drivesaversdatarecovery.com\/es-es\/reseller-resource-center-orig\/"},{"@type":"ListItem","position":3,"name":"Google My Business"}]},{"@type":"WebSite","@id":"https:\/\/drivesaversdatarecovery.com\/#website","url":"https:\/\/drivesaversdatarecovery.com\/","name":"DriveSavers Services de r\u00e9cup\u00e9ration de donn\u00e9es","description":"Le leader mondial de la r\u00e9cup\u00e9ration de donn\u00e9es","publisher":{"@id":"https:\/\/drivesaversdatarecovery.com\/#organization"},"potentialAction":[{"@type":"SearchAction","target":{"@type":"EntryPoint","urlTemplate":"https:\/\/drivesaversdatarecovery.com\/?s={search_term_string}"},"query-input":{"@type":"PropertyValueSpecification","valueRequired":true,"valueName":"search_term_string"}}],"inLanguage":"fr-CA"},{"@type":"Organization","@id":"https:\/\/drivesaversdatarecovery.com\/#organization","name":", DriveSavers Data Recovery","url":"https:\/\/drivesaversdatarecovery.com\/","logo":{"@type":"ImageObject","inLanguage":"fr-CA","@id":"https:\/\/drivesaversdatarecovery.com\/#\/schema\/logo\/image\/","url":"https:\/\/drivesaversdatarecovery.com\/wp-content\/uploads\/2021\/08\/Logo-01.png","contentUrl":"https:\/\/drivesaversdatarecovery.com\/wp-content\/uploads\/2021\/08\/Logo-01.png","width":1092,"height":1087,"caption":"DriveSavers Data Recovery"},"image":{"@id":"https:\/\/drivesaversdatarecovery.com\/#\/schema\/logo\/image\/"},"sameAs":["https:\/\/www.facebook.com\/DriveSavers","https:\/\/x.com\/drivesavers","https:\/\/www.instagram.com\/drivesavers\/","https:\/\/www.linkedin.com\/company\/drivesavers-data-recovery\/","https:\/\/www.pinterest.com\/drivesavers\/","https:\/\/www.youtube.com\/channel\/UCBlynLMdFWQgid-Gwm0zJ1A","https:\/\/en.wikipedia.org\/wiki\/DriveSavers"]},{"@type":"Person","@id":"https:\/\/drivesaversdatarecovery.com\/#\/schema\/person\/8319da503f7e4ddd51903b6d8295be1c","name":"Michelle West","image":{"@type":"ImageObject","inLanguage":"fr-CA","@id":"https:\/\/secure.gravatar.com\/avatar\/c820e118da73c12bbab9f3e84e4787eeda260d6c5c486643e5f474153469c728?s=96&d=blank&r=g","url":"https:\/\/secure.gravatar.com\/avatar\/c820e118da73c12bbab9f3e84e4787eeda260d6c5c486643e5f474153469c728?s=96&d=blank&r=g","contentUrl":"https:\/\/secure.gravatar.com\/avatar\/c820e118da73c12bbab9f3e84e4787eeda260d6c5c486643e5f474153469c728?s=96&d=blank&r=g","caption":"Michelle West"},"description":"DriveSavers Senior Marketing Manager Ecrire sur DriveSavers, la r\u00e9cup\u00e9ration de donn\u00e9es, ou un autre sujet li\u00e9 \u00e0 la technologie ? Contactez nous.","sameAs":["https:\/\/www.linkedin.com\/in\/west-michelle\/"],"url":"https:\/\/drivesaversdatarecovery.com\/fr-ca\/author\/michelle\/"}]}},"_links":{"self":[{"href":"https:\/\/drivesaversdatarecovery.com\/fr-ca\/wp-json\/wp\/v2\/pages\/1673","targetHints":{"allow":["GET"]}}],"collection":[{"href":"https:\/\/drivesaversdatarecovery.com\/fr-ca\/wp-json\/wp\/v2\/pages"}],"about":[{"href":"https:\/\/drivesaversdatarecovery.com\/fr-ca\/wp-json\/wp\/v2\/types\/page"}],"author":[{"embeddable":true,"href":"https:\/\/drivesaversdatarecovery.com\/fr-ca\/wp-json\/wp\/v2\/users\/30"}],"replies":[{"embeddable":true,"href":"https:\/\/drivesaversdatarecovery.com\/fr-ca\/wp-json\/wp\/v2\/comments?post=1673"}],"version-history":[{"count":0,"href":"https:\/\/drivesaversdatarecovery.com\/fr-ca\/wp-json\/wp\/v2\/pages\/1673\/revisions"}],"up":[{"embeddable":true,"href":"https:\/\/drivesaversdatarecovery.com\/fr-ca\/wp-json\/wp\/v2\/pages\/1656"}],"wp:featuredmedia":[{"embeddable":true,"href":"https:\/\/drivesaversdatarecovery.com\/fr-ca\/wp-json\/wp\/v2\/media\/47411"}],"wp:attachment":[{"href":"https:\/\/drivesaversdatarecovery.com\/fr-ca\/wp-json\/wp\/v2\/media?parent=1673"}],"curies":[{"name":"wp","href":"https:\/\/api.w.org\/{rel}","templated":true}]}}