{"id":49167,"date":"2019-06-09T08:43:26","date_gmt":"2019-06-09T15:43:26","guid":{"rendered":"https:drivesaversdatarecovery.com\/\/?page_id=49167"},"modified":"2026-03-24T07:54:38","modified_gmt":"2026-03-24T14:54:38","slug":"shipping-packaging-best-practices","status":"publish","type":"page","link":"https:\/\/drivesaversdatarecovery.com\/es-mx\/company\/shipping-packaging-best-practices\/","title":{"rendered":"Shipping &#038; Packaging Best Practices"},"content":{"rendered":"<div class=\"wpb-content-wrapper\"><div class=\"vc_section wpex-vc-full-width-section wpex-vc-full-width-section--centered wpex-relative\"><div class=\"vc_row wpb_row vc_row-fluid vc_row-o-content-middle vc_row-flex wpex-relative tablet-fullwidth-columns add-overlay-header-offset\"><div class=\"overlay-header-offset-div wpex-w-100\"  style=\"height:var(--wpex-site-header-height, 100px);\"><\/div><div class=\"wpb_column vc_column_container vc_col-sm-12\"><div class=\"vc_column-inner\"><div class=\"wpb_wrapper\"><div class=\"vc_empty_space\"   style=\"height: 5px\"><span class=\"vc_empty_space_inner\"><\/span><\/div><\/div><\/div><\/div><\/div><div class=\"vc_row wpb_row vc_row-fluid wpex-relative no-bottom-margins\"><div class=\"wpb_column vc_column_container vc_col-sm-12\"><div class=\"vc_column-inner\"><div class=\"wpb_wrapper\">\n\t<div class=\"wpb_text_column wpb_content_element\" >\n\t\t<div class=\"wpb_wrapper\">\n\t\t\t<h1>Recomendaciones de env\u00edo y embalaje<\/h1>\n\n\t\t<\/div>\n\t<\/div>\n\n\t<div class=\"wpb_text_column wpb_content_element vc_custom_1559335278102\" >\n\t\t<div class=\"wpb_wrapper\">\n\t\t\t<p><strong>Siga estos consejos para empacar de manera segura un disco duro, una unidad de estado s\u00f3lido, una memoria usb, un tel\u00e9fono inteligente o cualquier otro dispositivo digital.<\/strong><\/p>\n\n\t\t<\/div>\n\t<\/div>\n<div class=\"vcex-module vcex-bullets vcex-bullets--vertical vcex-bullets-check\">\n<ol>\n<li>Introduzca su dispositivo en una bolsa antiest\u00e1tica o en una bolsa con cierre tipo ziplock y ci\u00e9rrela.<\/li>\n<li>Envuelva el dispositivo con una cantidad adecuada de pl\u00e1stico de burbujas, aproximadamente de 2 a 5 pulgadas para la mayor\u00eda de los tipos de dispositivos (No utilice virutas de embalaje ni otro tipo de material ligero. Estos tienden a moverse durante el transporte y pueden aumentar el riesgo de da\u00f1os.)<\/li>\n<li>Selle los lados del pl\u00e1stico de burbujas con cinta adhesiva resistente.<\/li>\n<li>Introduzca su dispositivo en una caja de cart\u00f3n resistente y aseg\u00farese de que est\u00e1 bien empaquetado. El dispositivo no debe moverse durante el transporte.<\/li>\n<li>Selle la caja con cinta adhesiva y coloque la etiqueta de env\u00edo express prepagada que recibi\u00f3 con la confirmaci\u00f3n del pedido de servicio en la parte superior de la caja.<\/li>\n<\/ol>\n<\/div><\/div><\/div><\/div><\/div><div class=\"vc_row wpb_row vc_row-fluid wpex-relative\"><div class=\"wpb_column vc_column_container vc_col-sm-12\"><div class=\"vc_column-inner\"><div class=\"wpb_wrapper\"><div class=\"vcex-spacing wpex-w-100 wpex-clear\"><\/div><\/div><\/div><\/div><\/div><\/div><div class=\"vc_row wpb_row vc_row-fluid vc_row-o-equal-height vc_row-o-content-middle vc_row-flex wpex-vc-full-width-row wpex-vc-full-width-row--no-padding wpex-relative tablet-fullwidth-columns\"><div class=\"wpb_column vc_column_container vc_col-sm-12\"><div class=\"vc_column-inner\"><div class=\"wpb_wrapper\"><div class=\"vc_separator wpb_content_element vc_separator_align_center vc_sep_width_100 vc_sep_border_width_10 vc_sep_pos_align_center vc_separator_no_text vc_sep_color_grey wpb_content_element  wpb_content_element\" ><span class=\"vc_sep_holder vc_sep_holder_l\"><span class=\"vc_sep_line\"><\/span><\/span><span class=\"vc_sep_holder vc_sep_holder_r\"><span class=\"vc_sep_line\"><\/span><\/span>\n<\/div><\/div><\/div><\/div><\/div><div class=\"vc_section wpex-vc-full-width-section wpex-vc-full-width-section--centered wpex-relative\"><div class=\"vc_row wpb_row vc_row-fluid wpex-relative\"><div class=\"wpb_column vc_column_container vc_col-sm-12\"><div class=\"vc_column-inner\"><div class=\"wpb_wrapper\"><div class=\"wpex-template-shortcode\"><style type=\"text\/css\" data-type=\"vc_shortcodes-custom-css\">.vc_custom_1695941142592{padding-top: 80px !important;padding-bottom: 80px !important;}.vc_custom_1759520003181{background-color: #F1F1F1 !important;border-radius: 15px !important;}.vc_custom_1758746634571{margin-top: -80px !important;}<\/style><div class=\"vc_row wpb_row vc_row-fluid vc_custom_1695941142592 vc_row-o-equal-height vc_row-o-content-middle vc_row-flex wpex-vc-full-width-row wpex-vc-full-width-row--centered wpex-relative no-bottom-margins\"><div class=\"wpb_column vc_column_container vc_col-sm-12 wpex-vc_col-has-fill\"><div class=\"vc_column-inner vc_custom_1759520003181\"><div class=\"wpb_wrapper\"><style>.vcex-image.vcex_69edd49214f8d .vcex-image-inner{max-width:100px;}.vcex-image.vcex_69edd49214f8d .vcex-image-img{height:100px;object-position:center center;}<\/style><figure class=\"vcex-image vcex-module wpex-text-center vcex_69edd49214f8d\"><div class=\"vcex-image-inner wpex-relative wpex-inline-block vc_custom_1758746634571\"><img width=\"400\" height=\"400\" src=\"https:\/\/drivesaversdatarecovery.com\/wp-content\/uploads\/2023\/09\/john-drivesavers.webp\" class=\"vcex-image-img wpex-align-middle wpex-object-cover\" alt=\"Conoce a John\" decoding=\"async\" srcset=\"https:\/\/drivesaversdatarecovery.com\/wp-content\/uploads\/2023\/09\/john-drivesavers.webp 400w, https:\/\/drivesaversdatarecovery.com\/wp-content\/uploads\/2023\/09\/john-drivesavers-300x300.webp 300w, https:\/\/drivesaversdatarecovery.com\/wp-content\/uploads\/2023\/09\/john-drivesavers-150x150.webp 150w, https:\/\/drivesaversdatarecovery.com\/wp-content\/uploads\/2023\/09\/john-drivesavers-12x12.webp 12w\" sizes=\"(max-width: 400px) 100vw, 400px\" \/><\/div><\/figure><div class=\"vcex-spacing wpex-w-100 wpex-clear\" style=\"height:20px;\"><\/div><style>.vcex-heading.vcex_69edd4921594f{font-size:2.6em;}@media (max-width:479px){.vcex-heading.vcex_69edd4921594f{font-size:1.9em;}}<\/style><h2 class=\"vcex-heading vcex-heading-plain vcex-module wpex-heading wpex-text-2xl wpex-h2 wpex-text-center vcex_69edd4921594f translation-block\"><span class=\"vcex-heading-inner wpex-inline-block\">Llame a DriveSavers <span class=\"wpex-font-semibold\" style=\"color:#E31F26\">de d\u00eda o de noche <\/span><\/span><\/h2><div class=\"vcex-spacing wpex-w-100 wpex-clear\" style=\"height:20px;\"><\/div><style>.vcex_69edd49215e3d{font-size:23px!important;}@media (max-width:479px){.vcex_69edd49215e3d{font-size:20px!important;}}<\/style>\n\t<div style=\"color:#222222;font-weight:500;text-align:center;\" class=\"wpb_text_column vcex_69edd49215e3d has-custom-color wpex-child-inherit-color wpb_content_element wpex-antialiased\" >\n\t\t<div class=\"wpb_wrapper\">\n\t\t\t<p>Te enviaremos por correo electr\u00f3nico una etiqueta de env\u00edo gratuita y luego te llamaremos con los resultados de la evaluaci\u00f3n y el costo de la recuperaci\u00f3n de los datos. Si los datos no se pueden recuperar o decides rechazar la recuperaci\u00f3n, el costo ser\u00e1 de cero d\u00f3lares.<\/p>\n\n\t\t<\/div>\n\t<\/div>\n<div class=\"vcex-spacing wpex-w-100 wpex-clear\" style=\"height:30px;\"><\/div>\n\t<div class=\"wpb_raw_code wpb_raw_js\" >\n\t\t<div class=\"wpb_wrapper\">\n\t\t\t<style>\n\/* FIX: Neutralize Total Theme opacity for secondary text *\/\n.vcex-multi-buttons .button .button-numbers,\n.vcex-multi-buttons .button .button-numbers * {\n  opacity: 1 !important;\n  -webkit-text-fill-color: currentColor !important;\n}\n\n  \/* Right button default: white fill, red border, red text *\/\n  .button-right {\n    background: #fff;\n    color: #e31f26;\n    box-shadow: inset 0 0 0 5px #e31f26;\n    box-sizing: border-box;\n    transition: background .25s ease, color .25s ease, box-shadow .25s ease;\n  }\n\n  \/* Force all inner text to use the correct color *\/\n  .button-right *, .button-right strong {\n    color: #e31f26 !important;\n  }\n\n  \/* Hover: black fill, white text, black border *\/\n  .button-right:hover {\n    background: #000;\n    color: #fff !important;\n    box-shadow: inset 0 0 0 5px #000;\n  }\n  .button-right:hover *, .button-right:hover strong {\n    color: #fff !important;\n  }\n<\/style>\n\n\n<div class=\"vcex-multi-buttons wpex-flex wpex-flex-wrap wpex-items-center wpex-gap-10 wpex-justify-center vcex-small-screen-full-width\">\n\n  <!-- LEFT BUTTON -->\n<a href=\"\/es-mx\/contact\/\" target=\"_self\" class=\"button button-left-oct042025\" style=\"width:340px;\">\n<img src=\"https:\/\/drivesaversdatarecovery.com\/wp-content\/uploads\/2026\/04\/phone_call.gif\" style=\"width: 100px; height: 100px; margin: -50px -20px -55px -57px\" alt=\"Call animation\">\n\n    <span class=\"button-text\">\n      <span style=\"font-size: 20px;\">Llame  24\/7 para evaluaci\u00f3n gratuita<\/span>\n      <span class=\"button-numbers\">\n        <span id=\"button-count\"><\/span>\n        <strong style=\"font-size: 16px;\">\n          \n          \n          \n          \n          \n          \n           +011 52 664 452 0110 \n          \n          \n          \n          \n          \n          \n          \n          \n          \n          \n          \n          \n        <\/strong>\n      <\/span>\n    <\/span>\n  <\/a>\n\n  <!-- RIGHT BUTTON -->\n  <a href=\"\/es-mx\/video-testimonials\/\" target=\"_self\" class=\"button button-right\" style=\"width:340px; padding-left:15px;\">\n    <span class=\"button-text\">\n      <span style=\"font-size:20px;\">Vea por qu\u00e9 nuestros clientes conf\u00edan en nosotros<\/span>\n      <span class=\"button-numbers\">\n        <span id=\"button-count\"><\/span>\n        <strong style=\"font-size:16px;\">Vea testimonios de clientes<\/strong>\n      <\/span>\n    <\/span>\n  <\/a>    \n\n<\/div>\n\n\t\t<\/div>\n\t<\/div>\n\n\t<div class=\"wpb_raw_code wpb_raw_js\" >\n\t\t<div class=\"wpb_wrapper\">\n\t\t\t<style>\n.footer_cta {display: none !important;}\n<\/style>\n\t\t<\/div>\n\t<\/div>\n<div class=\"vcex-spacing wpex-w-100 wpex-clear\" style=\"height:30px;\"><\/div><\/div><\/div><\/div><\/div>\n<\/div><\/div><\/div><\/div><\/div><\/div>\n<\/div>","protected":false},"excerpt":{"rendered":"Shipping &amp; Packaging Best Practices Follow these tips to safely pack a hard disk drive, solid state drive, flash drive, smartphone, or any other digital device. Put your device in an antistatic bag or ziplock bag and seal it. Wrap your device with an adequate amount of bubble wrap, about 2-5 inches for most types&hellip;","protected":false},"author":30,"featured_media":49169,"parent":436,"menu_order":0,"comment_status":"closed","ping_status":"closed","template":"","meta":{"_acf_changed":false,"om_disable_all_campaigns":false,"inline_featured_image":false,"footnotes":""},"class_list":["post-49167","page","type-page","status-publish","has-post-thumbnail","hentry","entry","has-media"],"acf":[],"yoast_head":"<!-- This site is optimized with the Yoast SEO Premium plugin v26.9 (Yoast SEO v27.4) - https:\/\/yoast.com\/product\/yoast-seo-premium-wordpress\/ -->\n<title>Shipping &amp; Packaging Best Practices - DriveSavers<\/title>\n<meta name=\"robots\" content=\"index, follow, max-snippet:-1, max-image-preview:large, max-video-preview:-1\" \/>\n<link rel=\"canonical\" href=\"https:\/\/drivesaversdatarecovery.com\/es-mx\/company\/shipping-packaging-best-practices\/\" \/>\n<meta property=\"og:locale\" content=\"es_MX\" \/>\n<meta property=\"og:type\" content=\"article\" \/>\n<meta property=\"og:title\" content=\"Shipping &amp; Packaging Best Practices\" \/>\n<meta property=\"og:url\" content=\"https:\/\/drivesaversdatarecovery.com\/es-mx\/company\/shipping-packaging-best-practices\/\" \/>\n<meta property=\"og:site_name\" content=\"DriveSavers Data Recovery Services\" \/>\n<meta property=\"article:publisher\" content=\"https:\/\/www.facebook.com\/DriveSavers\" \/>\n<meta property=\"article:modified_time\" content=\"2026-03-24T14:54:38+00:00\" \/>\n<meta property=\"og:image\" content=\"https:\/\/drivesaversdatarecovery.com\/wp-content\/uploads\/2019\/05\/headers-pkg-best-practicecs.jpg\" \/>\n\t<meta property=\"og:image:width\" content=\"1920\" \/>\n\t<meta property=\"og:image:height\" content=\"660\" \/>\n\t<meta property=\"og:image:type\" content=\"image\/jpeg\" \/>\n<meta name=\"twitter:card\" content=\"summary_large_image\" \/>\n<meta name=\"twitter:site\" content=\"@drivesavers\" \/>\n<meta name=\"twitter:label1\" content=\"Tiempo de lectura\" \/>\n\t<meta name=\"twitter:data1\" content=\"2 minutos\" \/>\n<script type=\"application\/ld+json\" class=\"yoast-schema-graph\">{\"@context\":\"https:\\\/\\\/schema.org\",\"@graph\":[{\"@type\":\"TechArticle\",\"@id\":\"https:\\\/\\\/drivesaversdatarecovery.com\\\/company\\\/shipping-packaging-best-practices\\\/#article\",\"isPartOf\":{\"@id\":\"https:\\\/\\\/drivesaversdatarecovery.com\\\/company\\\/shipping-packaging-best-practices\\\/\"},\"author\":{\"name\":\"Michelle West\",\"@id\":\"https:\\\/\\\/drivesaversdatarecovery.com\\\/#\\\/schema\\\/person\\\/8319da503f7e4ddd51903b6d8295be1c\"},\"headline\":\"Shipping &#038; Packaging Best Practices\",\"datePublished\":\"2019-06-09T15:43:26+00:00\",\"dateModified\":\"2026-03-24T14:54:38+00:00\",\"mainEntityOfPage\":{\"@id\":\"https:\\\/\\\/drivesaversdatarecovery.com\\\/company\\\/shipping-packaging-best-practices\\\/\"},\"wordCount\":408,\"publisher\":{\"@id\":\"https:\\\/\\\/drivesaversdatarecovery.com\\\/#organization\"},\"image\":{\"@id\":\"https:\\\/\\\/drivesaversdatarecovery.com\\\/company\\\/shipping-packaging-best-practices\\\/#primaryimage\"},\"thumbnailUrl\":\"https:\\\/\\\/drivesaversdatarecovery.com\\\/wp-content\\\/uploads\\\/2019\\\/05\\\/headers-pkg-best-practicecs.jpg\",\"inLanguage\":\"es\"},{\"@type\":\"WebPage\",\"@id\":\"https:\\\/\\\/drivesaversdatarecovery.com\\\/company\\\/shipping-packaging-best-practices\\\/\",\"url\":\"https:\\\/\\\/drivesaversdatarecovery.com\\\/company\\\/shipping-packaging-best-practices\\\/\",\"name\":\"Shipping & Packaging Best Practices - DriveSavers\",\"isPartOf\":{\"@id\":\"https:\\\/\\\/drivesaversdatarecovery.com\\\/#website\"},\"primaryImageOfPage\":{\"@id\":\"https:\\\/\\\/drivesaversdatarecovery.com\\\/company\\\/shipping-packaging-best-practices\\\/#primaryimage\"},\"image\":{\"@id\":\"https:\\\/\\\/drivesaversdatarecovery.com\\\/company\\\/shipping-packaging-best-practices\\\/#primaryimage\"},\"thumbnailUrl\":\"https:\\\/\\\/drivesaversdatarecovery.com\\\/wp-content\\\/uploads\\\/2019\\\/05\\\/headers-pkg-best-practicecs.jpg\",\"datePublished\":\"2019-06-09T15:43:26+00:00\",\"dateModified\":\"2026-03-24T14:54:38+00:00\",\"breadcrumb\":{\"@id\":\"https:\\\/\\\/drivesaversdatarecovery.com\\\/company\\\/shipping-packaging-best-practices\\\/#breadcrumb\"},\"inLanguage\":\"es\",\"potentialAction\":[{\"@type\":\"ReadAction\",\"target\":[\"https:\\\/\\\/drivesaversdatarecovery.com\\\/company\\\/shipping-packaging-best-practices\\\/\"]}]},{\"@type\":\"ImageObject\",\"inLanguage\":\"es\",\"@id\":\"https:\\\/\\\/drivesaversdatarecovery.com\\\/company\\\/shipping-packaging-best-practices\\\/#primaryimage\",\"url\":\"https:\\\/\\\/drivesaversdatarecovery.com\\\/wp-content\\\/uploads\\\/2019\\\/05\\\/headers-pkg-best-practicecs.jpg\",\"contentUrl\":\"https:\\\/\\\/drivesaversdatarecovery.com\\\/wp-content\\\/uploads\\\/2019\\\/05\\\/headers-pkg-best-practicecs.jpg\",\"width\":1920,\"height\":660},{\"@type\":\"BreadcrumbList\",\"@id\":\"https:\\\/\\\/drivesaversdatarecovery.com\\\/company\\\/shipping-packaging-best-practices\\\/#breadcrumb\",\"itemListElement\":[{\"@type\":\"ListItem\",\"position\":1,\"name\":\"Home\",\"item\":\"https:\\\/\\\/drivesaversdatarecovery.com\\\/\"},{\"@type\":\"ListItem\",\"position\":2,\"name\":\"Company\",\"item\":\"https:\\\/\\\/drivesaversdatarecovery.com\\\/company\\\/\"},{\"@type\":\"ListItem\",\"position\":3,\"name\":\"Shipping &#038; Packaging Best Practices\"}]},{\"@type\":\"WebSite\",\"@id\":\"https:\\\/\\\/drivesaversdatarecovery.com\\\/#website\",\"url\":\"https:\\\/\\\/drivesaversdatarecovery.com\\\/\",\"name\":\"DriveSavers Data Recovery Services\",\"description\":\"The Worldwide Leader in Data Recovery\",\"publisher\":{\"@id\":\"https:\\\/\\\/drivesaversdatarecovery.com\\\/#organization\"},\"potentialAction\":[{\"@type\":\"SearchAction\",\"target\":{\"@type\":\"EntryPoint\",\"urlTemplate\":\"https:\\\/\\\/drivesaversdatarecovery.com\\\/?s={search_term_string}\"},\"query-input\":{\"@type\":\"PropertyValueSpecification\",\"valueRequired\":true,\"valueName\":\"search_term_string\"}}],\"inLanguage\":\"es\"},{\"@type\":\"Organization\",\"@id\":\"https:\\\/\\\/drivesaversdatarecovery.com\\\/#organization\",\"name\":\"DriveSavers Data Recovery\",\"url\":\"https:\\\/\\\/drivesaversdatarecovery.com\\\/\",\"logo\":{\"@type\":\"ImageObject\",\"inLanguage\":\"es\",\"@id\":\"https:\\\/\\\/drivesaversdatarecovery.com\\\/#\\\/schema\\\/logo\\\/image\\\/\",\"url\":\"https:\\\/\\\/drivesaversdatarecovery.com\\\/wp-content\\\/uploads\\\/2021\\\/08\\\/Logo-01.png\",\"contentUrl\":\"https:\\\/\\\/drivesaversdatarecovery.com\\\/wp-content\\\/uploads\\\/2021\\\/08\\\/Logo-01.png\",\"width\":1092,\"height\":1087,\"caption\":\"DriveSavers Data Recovery\"},\"image\":{\"@id\":\"https:\\\/\\\/drivesaversdatarecovery.com\\\/#\\\/schema\\\/logo\\\/image\\\/\"},\"sameAs\":[\"https:\\\/\\\/www.facebook.com\\\/DriveSavers\",\"https:\\\/\\\/x.com\\\/drivesavers\",\"https:\\\/\\\/www.instagram.com\\\/drivesavers\\\/\",\"https:\\\/\\\/www.linkedin.com\\\/company\\\/drivesavers-data-recovery\\\/\",\"https:\\\/\\\/www.pinterest.com\\\/drivesavers\\\/\",\"https:\\\/\\\/www.youtube.com\\\/channel\\\/UCBlynLMdFWQgid-Gwm0zJ1A\",\"https:\\\/\\\/en.wikipedia.org\\\/wiki\\\/DriveSavers\"]},{\"@type\":\"Person\",\"@id\":\"https:\\\/\\\/drivesaversdatarecovery.com\\\/#\\\/schema\\\/person\\\/8319da503f7e4ddd51903b6d8295be1c\",\"name\":\"Michelle West\",\"image\":{\"@type\":\"ImageObject\",\"inLanguage\":\"es\",\"@id\":\"https:\\\/\\\/secure.gravatar.com\\\/avatar\\\/c820e118da73c12bbab9f3e84e4787eeda260d6c5c486643e5f474153469c728?s=96&d=blank&r=g\",\"url\":\"https:\\\/\\\/secure.gravatar.com\\\/avatar\\\/c820e118da73c12bbab9f3e84e4787eeda260d6c5c486643e5f474153469c728?s=96&d=blank&r=g\",\"contentUrl\":\"https:\\\/\\\/secure.gravatar.com\\\/avatar\\\/c820e118da73c12bbab9f3e84e4787eeda260d6c5c486643e5f474153469c728?s=96&d=blank&r=g\",\"caption\":\"Michelle West\"},\"description\":\"DriveSavers Senior Marketing Manager Writing about DriveSavers, data recovery, or another technology-related topic? Contact us.\",\"sameAs\":[\"https:\\\/\\\/www.linkedin.com\\\/in\\\/west-michelle\\\/\"],\"url\":\"https:\\\/\\\/drivesaversdatarecovery.com\\\/es-mx\\\/author\\\/michelle\\\/\"}]}<\/script>\n<!-- \/ Yoast SEO Premium plugin. -->","yoast_head_json":{"title":"Mejores pr\u00e1cticas de env\u00edo y embalaje \u2013 DriveSavers","robots":{"index":"index","follow":"follow","max-snippet":"max-snippet:-1","max-image-preview":"max-image-preview:large","max-video-preview":"max-video-preview:-1"},"canonical":"https:\/\/drivesaversdatarecovery.com\/es-mx\/company\/shipping-packaging-best-practices\/","og_locale":"es_MX","og_type":"article","og_title":"Shipping & Packaging Best Practices","og_url":"https:\/\/drivesaversdatarecovery.com\/es-mx\/company\/shipping-packaging-best-practices\/","og_site_name":"DriveSavers Data Recovery Services","article_publisher":"https:\/\/www.facebook.com\/DriveSavers","article_modified_time":"2026-03-24T14:54:38+00:00","og_image":[{"width":1920,"height":660,"url":"https:\/\/drivesaversdatarecovery.com\/wp-content\/uploads\/2019\/05\/headers-pkg-best-practicecs.jpg","type":"image\/jpeg"}],"twitter_card":"summary_large_image","twitter_site":"@drivesavers","twitter_misc":{"Tiempo de lectura":"2 minutos"},"schema":{"@context":"https:\/\/schema.org","@graph":[{"@type":"TechArticle","@id":"https:\/\/drivesaversdatarecovery.com\/company\/shipping-packaging-best-practices\/#article","isPartOf":{"@id":"https:\/\/drivesaversdatarecovery.com\/company\/shipping-packaging-best-practices\/"},"author":{"name":"Michelle West","@id":"https:\/\/drivesaversdatarecovery.com\/#\/schema\/person\/8319da503f7e4ddd51903b6d8295be1c"},"headline":"Shipping &#038; Packaging Best Practices","datePublished":"2019-06-09T15:43:26+00:00","dateModified":"2026-03-24T14:54:38+00:00","mainEntityOfPage":{"@id":"https:\/\/drivesaversdatarecovery.com\/company\/shipping-packaging-best-practices\/"},"wordCount":408,"publisher":{"@id":"https:\/\/drivesaversdatarecovery.com\/#organization"},"image":{"@id":"https:\/\/drivesaversdatarecovery.com\/company\/shipping-packaging-best-practices\/#primaryimage"},"thumbnailUrl":"https:\/\/drivesaversdatarecovery.com\/wp-content\/uploads\/2019\/05\/headers-pkg-best-practicecs.jpg","inLanguage":"es"},{"@type":"WebPage","@id":"https:\/\/drivesaversdatarecovery.com\/company\/shipping-packaging-best-practices\/","url":"https:\/\/drivesaversdatarecovery.com\/company\/shipping-packaging-best-practices\/","name":"Mejores pr\u00e1cticas de env\u00edo y embalaje \u2013 DriveSavers","isPartOf":{"@id":"https:\/\/drivesaversdatarecovery.com\/#website"},"primaryImageOfPage":{"@id":"https:\/\/drivesaversdatarecovery.com\/company\/shipping-packaging-best-practices\/#primaryimage"},"image":{"@id":"https:\/\/drivesaversdatarecovery.com\/company\/shipping-packaging-best-practices\/#primaryimage"},"thumbnailUrl":"https:\/\/drivesaversdatarecovery.com\/wp-content\/uploads\/2019\/05\/headers-pkg-best-practicecs.jpg","datePublished":"2019-06-09T15:43:26+00:00","dateModified":"2026-03-24T14:54:38+00:00","breadcrumb":{"@id":"https:\/\/drivesaversdatarecovery.com\/company\/shipping-packaging-best-practices\/#breadcrumb"},"inLanguage":"es","potentialAction":[{"@type":"ReadAction","target":["https:\/\/drivesaversdatarecovery.com\/company\/shipping-packaging-best-practices\/"]}]},{"@type":"ImageObject","inLanguage":"es","@id":"https:\/\/drivesaversdatarecovery.com\/company\/shipping-packaging-best-practices\/#primaryimage","url":"https:\/\/drivesaversdatarecovery.com\/wp-content\/uploads\/2019\/05\/headers-pkg-best-practicecs.jpg","contentUrl":"https:\/\/drivesaversdatarecovery.com\/wp-content\/uploads\/2019\/05\/headers-pkg-best-practicecs.jpg","width":1920,"height":660},{"@type":"BreadcrumbList","@id":"https:\/\/drivesaversdatarecovery.com\/company\/shipping-packaging-best-practices\/#breadcrumb","itemListElement":[{"@type":"ListItem","position":1,"name":"Home","item":"https:\/\/drivesaversdatarecovery.com\/"},{"@type":"ListItem","position":2,"name":"Company","item":"https:\/\/drivesaversdatarecovery.com\/company\/"},{"@type":"ListItem","position":3,"name":"Shipping &#038; Packaging Best Practices"}]},{"@type":"WebSite","@id":"https:\/\/drivesaversdatarecovery.com\/#website","url":"https:\/\/drivesaversdatarecovery.com\/","name":"Servicios de recuperaci\u00f3n de datos de DriveSavers","description":"The Worldwide Leader in Data Recovery","publisher":{"@id":"https:\/\/drivesaversdatarecovery.com\/#organization"},"potentialAction":[{"@type":"SearchAction","target":{"@type":"EntryPoint","urlTemplate":"https:\/\/drivesaversdatarecovery.com\/?s={search_term_string}"},"query-input":{"@type":"PropertyValueSpecification","valueRequired":true,"valueName":"search_term_string"}}],"inLanguage":"es"},{"@type":"Organization","@id":"https:\/\/drivesaversdatarecovery.com\/#organization","name":"DriveSavers Data Recovery","url":"https:\/\/drivesaversdatarecovery.com\/","logo":{"@type":"ImageObject","inLanguage":"es","@id":"https:\/\/drivesaversdatarecovery.com\/#\/schema\/logo\/image\/","url":"https:\/\/drivesaversdatarecovery.com\/wp-content\/uploads\/2021\/08\/Logo-01.png","contentUrl":"https:\/\/drivesaversdatarecovery.com\/wp-content\/uploads\/2021\/08\/Logo-01.png","width":1092,"height":1087,"caption":"DriveSavers Data Recovery"},"image":{"@id":"https:\/\/drivesaversdatarecovery.com\/#\/schema\/logo\/image\/"},"sameAs":["https:\/\/www.facebook.com\/DriveSavers","https:\/\/x.com\/drivesavers","https:\/\/www.instagram.com\/drivesavers\/","https:\/\/www.linkedin.com\/company\/drivesavers-data-recovery\/","https:\/\/www.pinterest.com\/drivesavers\/","https:\/\/www.youtube.com\/channel\/UCBlynLMdFWQgid-Gwm0zJ1A","https:\/\/en.wikipedia.org\/wiki\/DriveSavers"]},{"@type":"Person","@id":"https:\/\/drivesaversdatarecovery.com\/#\/schema\/person\/8319da503f7e4ddd51903b6d8295be1c","name":"Michelle West","image":{"@type":"ImageObject","inLanguage":"es","@id":"https:\/\/secure.gravatar.com\/avatar\/c820e118da73c12bbab9f3e84e4787eeda260d6c5c486643e5f474153469c728?s=96&d=blank&r=g","url":"https:\/\/secure.gravatar.com\/avatar\/c820e118da73c12bbab9f3e84e4787eeda260d6c5c486643e5f474153469c728?s=96&d=blank&r=g","contentUrl":"https:\/\/secure.gravatar.com\/avatar\/c820e118da73c12bbab9f3e84e4787eeda260d6c5c486643e5f474153469c728?s=96&d=blank&r=g","caption":"Michelle West"},"description":"DriveSavers Senior Marketing Manager Writing about DriveSavers, data recovery, or another technology-related topic? Contact us.","sameAs":["https:\/\/www.linkedin.com\/in\/west-michelle\/"],"url":"https:\/\/drivesaversdatarecovery.com\/es-mx\/author\/michelle\/"}]}},"_links":{"self":[{"href":"https:\/\/drivesaversdatarecovery.com\/es-mx\/wp-json\/wp\/v2\/pages\/49167","targetHints":{"allow":["GET"]}}],"collection":[{"href":"https:\/\/drivesaversdatarecovery.com\/es-mx\/wp-json\/wp\/v2\/pages"}],"about":[{"href":"https:\/\/drivesaversdatarecovery.com\/es-mx\/wp-json\/wp\/v2\/types\/page"}],"author":[{"embeddable":true,"href":"https:\/\/drivesaversdatarecovery.com\/es-mx\/wp-json\/wp\/v2\/users\/30"}],"replies":[{"embeddable":true,"href":"https:\/\/drivesaversdatarecovery.com\/es-mx\/wp-json\/wp\/v2\/comments?post=49167"}],"version-history":[{"count":4,"href":"https:\/\/drivesaversdatarecovery.com\/es-mx\/wp-json\/wp\/v2\/pages\/49167\/revisions"}],"predecessor-version":[{"id":83547,"href":"https:\/\/drivesaversdatarecovery.com\/es-mx\/wp-json\/wp\/v2\/pages\/49167\/revisions\/83547"}],"up":[{"embeddable":true,"href":"https:\/\/drivesaversdatarecovery.com\/es-mx\/wp-json\/wp\/v2\/pages\/436"}],"wp:featuredmedia":[{"embeddable":true,"href":"https:\/\/drivesaversdatarecovery.com\/es-mx\/wp-json\/wp\/v2\/media\/49169"}],"wp:attachment":[{"href":"https:\/\/drivesaversdatarecovery.com\/es-mx\/wp-json\/wp\/v2\/media?parent=49167"}],"curies":[{"name":"wp","href":"https:\/\/api.w.org\/{rel}","templated":true}]}}