{"id":2529,"date":"2018-09-03T15:48:04","date_gmt":"2018-09-03T22:48:04","guid":{"rendered":"https:\/\/test.drivesaversdatarecovery.com\/?page_id=2529"},"modified":"2026-03-17T07:36:07","modified_gmt":"2026-03-17T14:36:07","slug":"kodak-data-recovery","status":"publish","type":"page","link":"https:\/\/drivesaversdatarecovery.com\/es-mx\/welcome\/kodak-data-recovery\/","title":{"rendered":"Welcome Kodak Customers"},"content":{"rendered":"<div class=\"wpb-content-wrapper\"><div class=\"vc_section wpex-relative\"><div class=\"vc_row wpb_row vc_row-fluid vc_custom_1535595991863 vc_column-gap-35 vc_row-o-equal-height vc_row-o-content-middle vc_row-flex wpex-relative no-bottom-margins tablet-fullwidth-columns\"><div class=\"wpb_column vc_column_container vc_col-sm-12\"><div class=\"vc_column-inner vc_custom_1533347707333\"><div class=\"wpb_wrapper\"><style>.vcex-heading.vcex_69d356ea359fb{font-family:Teko;}<\/style><h1 class=\"vcex-heading vcex-heading-plain vcex-module wpex-heading wpex-text-2xl wpex-h1 vc_custom_1773758113623 vcex_69d356ea359fb\"><span class=\"vcex-heading-inner wpex-inline-block\">Kodak Data Recovery Services<\/span><\/h1>\n\t<div style=\"font-style:italic;\" class=\"wpb_text_column wpb_content_element vc_custom_1536007649245\" >\n\t\t<div class=\"wpb_wrapper\">\n\t\t\t<blockquote><p>\nThrough a special arrangement with Kodak, DriveSavers is authorized and recommended to perform data recovery on Kodak digital cameras and memory cards at reduced rates. Our work will not void your original warranty. We are also extending Kodak customers some very special benefits.\n<\/p><\/blockquote>\n\n\t\t<\/div>\n\t<\/div>\n<\/div><\/div><\/div><\/div><\/div><div class=\"vc_section wpex-relative\"><div class=\"vc_row wpb_row vc_row-fluid vc_custom_1535683167939 vc_column-gap-35 vc_row-o-equal-height vc_row-o-content-middle vc_row-flex wpex-relative no-bottom-margins tablet-fullwidth-columns\"><div class=\"wpb_column vc_column_container vc_col-sm-12\"><div class=\"vc_column-inner\"><div class=\"wpb_wrapper\"><style>.vcex-heading.vcex_69d356ea368dd{font-size:2.5em;font-family:Teko;line-height:.5;}@media (max-width:1024px){.vcex-heading.vcex_69d356ea368dd{font-size:2.0em;}}@media (max-width:959px){.vcex-heading.vcex_69d356ea368dd{font-size:2.0em;}}@media (max-width:767px){.vcex-heading.vcex_69d356ea368dd{font-size:2.0em;}}@media (max-width:479px){.vcex-heading.vcex_69d356ea368dd{font-size:1.5em;}}<\/style><h2 class=\"vcex-heading vcex-heading-plain vcex-module wpex-heading wpex-text-2xl wpex-h2 vcex_69d356ea368dd translation-block\"><span class=\"vcex-heading-inner wpex-inline-block\">Expertos en recuperaci\u00f3n <span class=\"wpex-font-semibold\" style=\"color:#E31F26\">de datos<\/span><\/span><\/h2><div class=\"vcex-module vcex-divider vcex-divider-solid vcex-divider-left wpex-mr-auto wpex-max-w-100 wpex-block wpex-h-0 wpex-border-b wpex-border-solid wpex-border-main\" style=\"width:30%;margin-block-start:25px;margin-block-end:10px;border-bottom-width:6px;border-color:#ec0912;\"><\/div>\n\t<div class=\"wpb_text_column wpb_content_element\" >\n\t\t<div class=\"wpb_wrapper\">\n\t\t\t<p>DriveSavers has been recovering data since 1985 and is the worldwide leader in professional data recovery. We were the first company to successfully recover data from digital cameras and the first company chosen for referrals by Canon, Kodak, Nikon, Olympus and Sony. Today, all major digital camera companies, hard drive\u00a0<a href=\"\/es-mx\/why-us\/manufacturer-approved\/\">fabricantes<\/a>, OEMs and professional photography associations refer their customers to DriveSavers.<\/p>\n\n\t\t<\/div>\n\t<\/div>\n<\/div><\/div><\/div><\/div><\/div><div class=\"vc_section wpex-relative\"><div class=\"vc_row wpb_row vc_row-fluid vc_column-gap-35 vc_row-o-equal-height vc_row-o-content-middle vc_row-flex wpex-relative tablet-fullwidth-columns\"><div class=\"wpb_column vc_column_container vc_col-sm-12\"><div class=\"vc_column-inner\"><div class=\"wpb_wrapper\"><style>.vcex-heading.vcex_69d356ea37aec{font-size:2.5em;font-family:Teko;line-height:.5;}@media (max-width:1024px){.vcex-heading.vcex_69d356ea37aec{font-size:2.0em;}}@media (max-width:959px){.vcex-heading.vcex_69d356ea37aec{font-size:2.0em;}}@media (max-width:767px){.vcex-heading.vcex_69d356ea37aec{font-size:2.0em;}}@media (max-width:479px){.vcex-heading.vcex_69d356ea37aec{font-size:1.5em;}}<\/style><h2 class=\"vcex-heading vcex-heading-plain vcex-module wpex-heading wpex-text-2xl wpex-h2 vcex_69d356ea37aec translation-block\"><span class=\"vcex-heading-inner wpex-inline-block\">No todas las empresas de recuperaci\u00f3n de datos son iguales<\/span><\/h2><div class=\"vcex-module vcex-divider vcex-divider-solid vcex-divider-left wpex-mr-auto wpex-max-w-100 wpex-block wpex-h-0 wpex-border-b wpex-border-solid wpex-border-main\" style=\"width:30%;margin-block-start:25px;margin-block-end:10px;border-bottom-width:6px;border-color:#ec0912;\"><\/div>\n\t<div class=\"wpb_text_column wpb_content_element vc_custom_1703144527838\" >\n\t\t<div class=\"wpb_wrapper\">\n\t\t\t<p class=\"translation-block\">No se deje enga\u00f1ar por las apariencias en l\u00ednea ni por las promesas de otras empresas de recuperaci\u00f3n de datos. DriveSavers es la \u00fanica compa\u00f1\u00eda en el mundo que ha obtenido certificaciones de <a href=\"\/es-mx\/why-us\/certified-iso-class-5-cleanroom\/\" target=\"_self\">Sala limpia ISO Clase 5<\/a>, encriptaci\u00f3n, redes y <a href=\"\/es-mx\/why-drivesavers\/certified-secure-data-recovery\/annual-soc-2-type-ii-audit\/\" target=\"_self\">SOC 2 Tipo II<\/a>, lo que nos convierte en el servicio de recuperaci\u00f3n de datos m\u00e1s r\u00e1pido, seguro y confiable del mundo\u2014<span style=\"text-decoration: underline\"><strong>se lo garantizamos<\/strong><\/span>.<\/p>\n<p><a href=\"https:\/\/drivesaversdatarecovery.com\/es-mx\/why-us\/choosing-a-data-recovery-company-wisely\/\">Vea todas nuestras certificaciones<\/a><\/p>\n\n\t\t<\/div>\n\t<\/div>\n\n\t<div style=\"font-size:.875em;font-style:italic;\" class=\"wpb_text_column wpb_content_element\" >\n\t\t<div class=\"wpb_wrapper\">\n\t\t\t<p>Use of DriveSavers as a data recovery company is at the sole discretion of the customer. Kodak assumes no liability for any loss or damages of any kind that relate to, arise out of or result from the performance of services by DriveSavers, including, but not limited to any loss of data contained on a Kodak product.<\/p>\n\n\t\t<\/div>\n\t<\/div>\n<\/div><\/div><\/div><\/div><\/div><div class=\"vc_section wpex-vc-full-width-section wpex-vc-full-width-section--centered wpex-relative\"><div class=\"vc_row wpb_row vc_row-fluid wpex-relative no-bottom-margins\"><div class=\"wpb_column vc_column_container vc_col-sm-12\"><div class=\"vc_column-inner\"><div class=\"wpb_wrapper\"><style>.vcex-heading.vcex_69d356ea38e4e{font-size:2.5em;font-family:Teko;line-height:.5;}@media (max-width:1024px){.vcex-heading.vcex_69d356ea38e4e{font-size:2.0em;}}@media (max-width:959px){.vcex-heading.vcex_69d356ea38e4e{font-size:2.0em;}}@media (max-width:767px){.vcex-heading.vcex_69d356ea38e4e{font-size:2.0em;}}@media (max-width:479px){.vcex-heading.vcex_69d356ea38e4e{font-size:1.5em;}}<\/style><h2 class=\"vcex-heading vcex-heading-plain vcex-module wpex-heading wpex-text-2xl wpex-h2 wpex-mt-10 vcex_69d356ea38e4e\"><span class=\"vcex-heading-inner wpex-inline-block\"><span class=\"vcex-heading-inner wpex-inline-block\">P\u00d3NGASE EN CONTACTO CON NOSOTROS 24\/7<br><br>\nPara obtener una cotizaci\u00f3n gratuita<\/span><\/span><\/h2><div class=\"vcex-module vcex-divider vcex-divider-solid vcex-divider-left wpex-mr-auto wpex-max-w-100 wpex-block wpex-h-0 wpex-border-b wpex-border-solid wpex-border-main\" style=\"width:30%;margin-block-start:25px;margin-block-end:10px;border-bottom-width:6px;border-color:#ec0912;\"><\/div><\/div><\/div><\/div><\/div><div class=\"vc_row wpb_row vc_row-fluid wpex-relative\"><div class=\"wpb_column vc_column_container vc_col-sm-6\"><div class=\"vc_column-inner\"><div class=\"wpb_wrapper\">\n\t<div style=\"color:#000000;font-size:1.5em;\" class=\"wpb_text_column has-custom-color wpex-child-inherit-color wpb_content_element\" >\n\t\t<div class=\"wpb_wrapper\">\n\t\t\t<p><span class=\"wpex-inline\" style=\"font-size: 14px;\">LINEA SIN COSTO<\/span><br \/>\n<span class=\"wpex-inline\"><span  style=\"color:#000;margin-left:1.5em;\" class=\"wpex-icon\" aria-hidden=\"true\"><svg xmlns=\"http:\/\/www.w3.org\/2000\/svg\" viewbox=\"0 0 512 512\"><path d=\"M164.9 24.6c-7.7-18.6-28-28.5-47.4-23.2l-88 24C12.1 30.2 0 46 0 64C0 311.4 200.6 512 448 512c18 0 33.8-12.1 38.6-29.5l24-88c5.3-19.4-4.6-39.7-23.2-47.4l-96-40c-16.3-6.8-35.2-2.1-46.3 11.6L304.7 368C234.3 334.7 177.3 277.7 144 207.3L193.3 167c13.7-11.2 18.4-30 11.6-46.3l-40-96z\"\/><\/svg><\/span> <a class=\"phone\" href=\"tel:(800) 440-1904\">(800) 440-1904<\/a><\/span><\/p>\n\n\t\t<\/div>\n\t<\/div>\n<\/div><\/div><\/div><div class=\"wpb_column vc_column_container vc_col-sm-6\"><div class=\"vc_column-inner\"><div class=\"wpb_wrapper\">\n\t<div style=\"color:#000000;font-size:1.5em;\" class=\"wpb_text_column has-custom-color wpex-child-inherit-color wpb_content_element\" >\n\t\t<div class=\"wpb_wrapper\">\n\t\t\t<p><span class=\"wpex-inline\">SKYPE<\/span><br \/>\n<span class=\"wpex-inline\"><span  style=\"color:#00a8f0;margin-left:1.5em;\" class=\"wpex-icon\" aria-hidden=\"true\"><svg xmlns=\"http:\/\/www.w3.org\/2000\/svg\" viewbox=\"0 0 448 512\"><path d=\"M424.7 299.8c2.9-14 4.7-28.9 4.7-43.8 0-113.5-91.9-205.3-205.3-205.3-14.9 0-29.7 1.7-43.8 4.7C161.3 40.7 137.7 32 112 32 50.2 32 0 82.2 0 144c0 25.7 8.7 49.3 23.3 68.2-2.9 14-4.7 28.9-4.7 43.8 0 113.5 91.9 205.3 205.3 205.3 14.9 0 29.7-1.7 43.8-4.7 19 14.6 42.6 23.3 68.2 23.3 61.8 0 112-50.2 112-112 .1-25.6-8.6-49.2-23.2-68.1zm-194.6 91.5c-65.6 0-120.5-29.2-120.5-65 0-16 9-30.6 29.5-30.6 31.2 0 34.1 44.9 88.1 44.9 25.7 0 42.3-11.4 42.3-26.3 0-18.7-16-21.6-42-28-62.5-15.4-117.8-22-117.8-87.2 0-59.2 58.6-81.1 109.1-81.1 55.1 0 110.8 21.9 110.8 55.4 0 16.9-11.4 31.8-30.3 31.8-28.3 0-29.2-33.5-75-33.5-25.7 0-42 7-42 22.5 0 19.8 20.8 21.8 69.1 33 41.4 9.3 90.7 26.8 90.7 77.6 0 59.1-57.1 86.5-112 86.5z\"\/><\/svg><\/span> <a class=\"phone\" href=\"skype:drivesaversinc?call\">drivesaversinc<\/a><\/span><\/p>\n\n\t\t<\/div>\n\t<\/div>\n<\/div><\/div><\/div><\/div><\/div>\n<\/div>","protected":false},"excerpt":{"rendered":"Kodak Data Recovery Services Through a special arrangement with Kodak, DriveSavers is authorized and recommended to perform data recovery on Kodak digital cameras and memory cards at reduced rates. Our work will not void your original warranty. We are also extending Kodak customers some very special benefits. Data Recovery Experts DriveSavers has been recovering data&hellip;","protected":false},"author":30,"featured_media":2530,"parent":2190,"menu_order":0,"comment_status":"closed","ping_status":"closed","template":"","meta":{"_acf_changed":false,"inline_featured_image":false,"footnotes":""},"class_list":["post-2529","page","type-page","status-publish","has-post-thumbnail","hentry","entry","has-media"],"acf":[],"yoast_head":"<!-- This site is optimized with the Yoast SEO Premium plugin v26.9 (Yoast SEO v27.3) - https:\/\/yoast.com\/product\/yoast-seo-premium-wordpress\/ -->\n<title>Kodak Data Recovery Services | DriveSavers<\/title>\n<meta name=\"description\" content=\"Through a special arrangement, DriveSavers is authorized and recommended to perform data recovery on Kodak digital cameras and memory cards at reduced rates.\" \/>\n<meta name=\"robots\" content=\"index, follow, max-snippet:-1, max-image-preview:large, max-video-preview:-1\" \/>\n<link rel=\"canonical\" href=\"https:\/\/drivesaversdatarecovery.com\/es-mx\/welcome\/kodak-data-recovery\/\" \/>\n<meta property=\"og:locale\" content=\"es_MX\" \/>\n<meta property=\"og:type\" content=\"article\" \/>\n<meta property=\"og:title\" content=\"Welcome Kodak Customers\" \/>\n<meta property=\"og:url\" content=\"https:\/\/drivesaversdatarecovery.com\/es-mx\/welcome\/kodak-data-recovery\/\" \/>\n<meta property=\"og:site_name\" content=\"DriveSavers Data Recovery Services\" \/>\n<meta property=\"article:publisher\" content=\"https:\/\/www.facebook.com\/DriveSavers\" \/>\n<meta property=\"article:modified_time\" content=\"2026-03-17T14:36:07+00:00\" \/>\n<meta property=\"og:image\" content=\"https:\/\/drivesaversdatarecovery.com\/wp-content\/uploads\/2018\/09\/header-welcome-kodak.jpg\" \/>\n\t<meta property=\"og:image:width\" content=\"1920\" \/>\n\t<meta property=\"og:image:height\" content=\"900\" \/>\n\t<meta property=\"og:image:type\" content=\"image\/jpeg\" \/>\n<meta name=\"twitter:card\" content=\"summary_large_image\" \/>\n<meta name=\"twitter:site\" content=\"@drivesavers\" \/>\n<meta name=\"twitter:label1\" content=\"Tiempo de lectura\" \/>\n\t<meta name=\"twitter:data1\" content=\"2 minutos\" \/>\n<script type=\"application\/ld+json\" class=\"yoast-schema-graph\">{\"@context\":\"https:\\\/\\\/schema.org\",\"@graph\":[{\"@type\":\"TechArticle\",\"@id\":\"https:\\\/\\\/drivesaversdatarecovery.com\\\/welcome\\\/kodak-data-recovery\\\/#article\",\"isPartOf\":{\"@id\":\"https:\\\/\\\/drivesaversdatarecovery.com\\\/welcome\\\/kodak-data-recovery\\\/\"},\"author\":{\"name\":\"Michelle West\",\"@id\":\"https:\\\/\\\/drivesaversdatarecovery.com\\\/#\\\/schema\\\/person\\\/8319da503f7e4ddd51903b6d8295be1c\"},\"headline\":\"Welcome Kodak Customers\",\"datePublished\":\"2018-09-03T22:48:04+00:00\",\"dateModified\":\"2026-03-17T14:36:07+00:00\",\"mainEntityOfPage\":{\"@id\":\"https:\\\/\\\/drivesaversdatarecovery.com\\\/welcome\\\/kodak-data-recovery\\\/\"},\"wordCount\":611,\"publisher\":{\"@id\":\"https:\\\/\\\/drivesaversdatarecovery.com\\\/#organization\"},\"image\":{\"@id\":\"https:\\\/\\\/drivesaversdatarecovery.com\\\/welcome\\\/kodak-data-recovery\\\/#primaryimage\"},\"thumbnailUrl\":\"https:\\\/\\\/drivesaversdatarecovery.com\\\/wp-content\\\/uploads\\\/2018\\\/09\\\/header-welcome-kodak.jpg\",\"inLanguage\":\"es\"},{\"@type\":\"WebPage\",\"@id\":\"https:\\\/\\\/drivesaversdatarecovery.com\\\/welcome\\\/kodak-data-recovery\\\/\",\"url\":\"https:\\\/\\\/drivesaversdatarecovery.com\\\/welcome\\\/kodak-data-recovery\\\/\",\"name\":\"Kodak Data Recovery Services | DriveSavers\",\"isPartOf\":{\"@id\":\"https:\\\/\\\/drivesaversdatarecovery.com\\\/#website\"},\"primaryImageOfPage\":{\"@id\":\"https:\\\/\\\/drivesaversdatarecovery.com\\\/welcome\\\/kodak-data-recovery\\\/#primaryimage\"},\"image\":{\"@id\":\"https:\\\/\\\/drivesaversdatarecovery.com\\\/welcome\\\/kodak-data-recovery\\\/#primaryimage\"},\"thumbnailUrl\":\"https:\\\/\\\/drivesaversdatarecovery.com\\\/wp-content\\\/uploads\\\/2018\\\/09\\\/header-welcome-kodak.jpg\",\"datePublished\":\"2018-09-03T22:48:04+00:00\",\"dateModified\":\"2026-03-17T14:36:07+00:00\",\"description\":\"Through a special arrangement, DriveSavers is authorized and recommended to perform data recovery on Kodak digital cameras and memory cards at reduced rates.\",\"breadcrumb\":{\"@id\":\"https:\\\/\\\/drivesaversdatarecovery.com\\\/welcome\\\/kodak-data-recovery\\\/#breadcrumb\"},\"inLanguage\":\"es\",\"potentialAction\":[{\"@type\":\"ReadAction\",\"target\":[\"https:\\\/\\\/drivesaversdatarecovery.com\\\/welcome\\\/kodak-data-recovery\\\/\"]}]},{\"@type\":\"ImageObject\",\"inLanguage\":\"es\",\"@id\":\"https:\\\/\\\/drivesaversdatarecovery.com\\\/welcome\\\/kodak-data-recovery\\\/#primaryimage\",\"url\":\"https:\\\/\\\/drivesaversdatarecovery.com\\\/wp-content\\\/uploads\\\/2018\\\/09\\\/header-welcome-kodak.jpg\",\"contentUrl\":\"https:\\\/\\\/drivesaversdatarecovery.com\\\/wp-content\\\/uploads\\\/2018\\\/09\\\/header-welcome-kodak.jpg\",\"width\":1920,\"height\":900},{\"@type\":\"BreadcrumbList\",\"@id\":\"https:\\\/\\\/drivesaversdatarecovery.com\\\/welcome\\\/kodak-data-recovery\\\/#breadcrumb\",\"itemListElement\":[{\"@type\":\"ListItem\",\"position\":1,\"name\":\"Home\",\"item\":\"https:\\\/\\\/drivesaversdatarecovery.com\\\/\"},{\"@type\":\"ListItem\",\"position\":2,\"name\":\"Welcome\",\"item\":\"https:\\\/\\\/drivesaversdatarecovery.com\\\/sv-se\\\/welcome\\\/\"},{\"@type\":\"ListItem\",\"position\":3,\"name\":\"Welcome Kodak Customers\"}]},{\"@type\":\"WebSite\",\"@id\":\"https:\\\/\\\/drivesaversdatarecovery.com\\\/#website\",\"url\":\"https:\\\/\\\/drivesaversdatarecovery.com\\\/\",\"name\":\"DriveSavers Data Recovery Services\",\"description\":\"The Worldwide Leader in Data Recovery\",\"publisher\":{\"@id\":\"https:\\\/\\\/drivesaversdatarecovery.com\\\/#organization\"},\"potentialAction\":[{\"@type\":\"SearchAction\",\"target\":{\"@type\":\"EntryPoint\",\"urlTemplate\":\"https:\\\/\\\/drivesaversdatarecovery.com\\\/?s={search_term_string}\"},\"query-input\":{\"@type\":\"PropertyValueSpecification\",\"valueRequired\":true,\"valueName\":\"search_term_string\"}}],\"inLanguage\":\"es\"},{\"@type\":\"Organization\",\"@id\":\"https:\\\/\\\/drivesaversdatarecovery.com\\\/#organization\",\"name\":\"DriveSavers Data Recovery\",\"url\":\"https:\\\/\\\/drivesaversdatarecovery.com\\\/\",\"logo\":{\"@type\":\"ImageObject\",\"inLanguage\":\"es\",\"@id\":\"https:\\\/\\\/drivesaversdatarecovery.com\\\/#\\\/schema\\\/logo\\\/image\\\/\",\"url\":\"https:\\\/\\\/drivesaversdatarecovery.com\\\/wp-content\\\/uploads\\\/2021\\\/08\\\/Logo-01.png\",\"contentUrl\":\"https:\\\/\\\/drivesaversdatarecovery.com\\\/wp-content\\\/uploads\\\/2021\\\/08\\\/Logo-01.png\",\"width\":1092,\"height\":1087,\"caption\":\"DriveSavers Data Recovery\"},\"image\":{\"@id\":\"https:\\\/\\\/drivesaversdatarecovery.com\\\/#\\\/schema\\\/logo\\\/image\\\/\"},\"sameAs\":[\"https:\\\/\\\/www.facebook.com\\\/DriveSavers\",\"https:\\\/\\\/x.com\\\/drivesavers\",\"https:\\\/\\\/www.instagram.com\\\/drivesavers\\\/\",\"https:\\\/\\\/www.linkedin.com\\\/company\\\/drivesavers-data-recovery\\\/\",\"https:\\\/\\\/www.pinterest.com\\\/drivesavers\\\/\",\"https:\\\/\\\/www.youtube.com\\\/channel\\\/UCBlynLMdFWQgid-Gwm0zJ1A\",\"https:\\\/\\\/en.wikipedia.org\\\/wiki\\\/DriveSavers\"]},{\"@type\":\"Person\",\"@id\":\"https:\\\/\\\/drivesaversdatarecovery.com\\\/#\\\/schema\\\/person\\\/8319da503f7e4ddd51903b6d8295be1c\",\"name\":\"Michelle West\",\"image\":{\"@type\":\"ImageObject\",\"inLanguage\":\"es\",\"@id\":\"https:\\\/\\\/secure.gravatar.com\\\/avatar\\\/c820e118da73c12bbab9f3e84e4787eeda260d6c5c486643e5f474153469c728?s=96&d=blank&r=g\",\"url\":\"https:\\\/\\\/secure.gravatar.com\\\/avatar\\\/c820e118da73c12bbab9f3e84e4787eeda260d6c5c486643e5f474153469c728?s=96&d=blank&r=g\",\"contentUrl\":\"https:\\\/\\\/secure.gravatar.com\\\/avatar\\\/c820e118da73c12bbab9f3e84e4787eeda260d6c5c486643e5f474153469c728?s=96&d=blank&r=g\",\"caption\":\"Michelle West\"},\"description\":\"DriveSavers Senior Marketing Manager Writing about DriveSavers, data recovery, or another technology-related topic? Contact us.\",\"sameAs\":[\"https:\\\/\\\/www.linkedin.com\\\/in\\\/west-michelle\\\/\"],\"url\":\"https:\\\/\\\/drivesaversdatarecovery.com\\\/es-mx\\\/author\\\/michelle\\\/\"}]}<\/script>\n<!-- \/ Yoast SEO Premium plugin. -->","yoast_head_json":{"title":"Kodak Data Recovery Services | DriveSavers","description":"Through a special arrangement, DriveSavers is authorized and recommended to perform data recovery on Kodak digital cameras and memory cards at reduced rates.","robots":{"index":"index","follow":"follow","max-snippet":"max-snippet:-1","max-image-preview":"max-image-preview:large","max-video-preview":"max-video-preview:-1"},"canonical":"https:\/\/drivesaversdatarecovery.com\/es-mx\/welcome\/kodak-data-recovery\/","og_locale":"es_MX","og_type":"article","og_title":"Welcome Kodak Customers","og_url":"https:\/\/drivesaversdatarecovery.com\/es-mx\/welcome\/kodak-data-recovery\/","og_site_name":"DriveSavers Data Recovery Services","article_publisher":"https:\/\/www.facebook.com\/DriveSavers","article_modified_time":"2026-03-17T14:36:07+00:00","og_image":[{"width":1920,"height":900,"url":"https:\/\/drivesaversdatarecovery.com\/wp-content\/uploads\/2018\/09\/header-welcome-kodak.jpg","type":"image\/jpeg"}],"twitter_card":"summary_large_image","twitter_site":"@drivesavers","twitter_misc":{"Tiempo de lectura":"2 minutos"},"schema":{"@context":"https:\/\/schema.org","@graph":[{"@type":"TechArticle","@id":"https:\/\/drivesaversdatarecovery.com\/welcome\/kodak-data-recovery\/#article","isPartOf":{"@id":"https:\/\/drivesaversdatarecovery.com\/welcome\/kodak-data-recovery\/"},"author":{"name":"Michelle West","@id":"https:\/\/drivesaversdatarecovery.com\/#\/schema\/person\/8319da503f7e4ddd51903b6d8295be1c"},"headline":"Welcome Kodak Customers","datePublished":"2018-09-03T22:48:04+00:00","dateModified":"2026-03-17T14:36:07+00:00","mainEntityOfPage":{"@id":"https:\/\/drivesaversdatarecovery.com\/welcome\/kodak-data-recovery\/"},"wordCount":611,"publisher":{"@id":"https:\/\/drivesaversdatarecovery.com\/#organization"},"image":{"@id":"https:\/\/drivesaversdatarecovery.com\/welcome\/kodak-data-recovery\/#primaryimage"},"thumbnailUrl":"https:\/\/drivesaversdatarecovery.com\/wp-content\/uploads\/2018\/09\/header-welcome-kodak.jpg","inLanguage":"es"},{"@type":"WebPage","@id":"https:\/\/drivesaversdatarecovery.com\/welcome\/kodak-data-recovery\/","url":"https:\/\/drivesaversdatarecovery.com\/welcome\/kodak-data-recovery\/","name":"Kodak Data Recovery Services | DriveSavers","isPartOf":{"@id":"https:\/\/drivesaversdatarecovery.com\/#website"},"primaryImageOfPage":{"@id":"https:\/\/drivesaversdatarecovery.com\/welcome\/kodak-data-recovery\/#primaryimage"},"image":{"@id":"https:\/\/drivesaversdatarecovery.com\/welcome\/kodak-data-recovery\/#primaryimage"},"thumbnailUrl":"https:\/\/drivesaversdatarecovery.com\/wp-content\/uploads\/2018\/09\/header-welcome-kodak.jpg","datePublished":"2018-09-03T22:48:04+00:00","dateModified":"2026-03-17T14:36:07+00:00","description":"Through a special arrangement, DriveSavers is authorized and recommended to perform data recovery on Kodak digital cameras and memory cards at reduced rates.","breadcrumb":{"@id":"https:\/\/drivesaversdatarecovery.com\/welcome\/kodak-data-recovery\/#breadcrumb"},"inLanguage":"es","potentialAction":[{"@type":"ReadAction","target":["https:\/\/drivesaversdatarecovery.com\/welcome\/kodak-data-recovery\/"]}]},{"@type":"ImageObject","inLanguage":"es","@id":"https:\/\/drivesaversdatarecovery.com\/welcome\/kodak-data-recovery\/#primaryimage","url":"https:\/\/drivesaversdatarecovery.com\/wp-content\/uploads\/2018\/09\/header-welcome-kodak.jpg","contentUrl":"https:\/\/drivesaversdatarecovery.com\/wp-content\/uploads\/2018\/09\/header-welcome-kodak.jpg","width":1920,"height":900},{"@type":"BreadcrumbList","@id":"https:\/\/drivesaversdatarecovery.com\/welcome\/kodak-data-recovery\/#breadcrumb","itemListElement":[{"@type":"ListItem","position":1,"name":"Home","item":"https:\/\/drivesaversdatarecovery.com\/"},{"@type":"ListItem","position":2,"name":"Welcome","item":"https:\/\/drivesaversdatarecovery.com\/sv-se\/welcome\/"},{"@type":"ListItem","position":3,"name":"Welcome Kodak Customers"}]},{"@type":"WebSite","@id":"https:\/\/drivesaversdatarecovery.com\/#website","url":"https:\/\/drivesaversdatarecovery.com\/","name":"Servicios de recuperaci\u00f3n de datos de DriveSavers","description":"The Worldwide Leader in Data Recovery","publisher":{"@id":"https:\/\/drivesaversdatarecovery.com\/#organization"},"potentialAction":[{"@type":"SearchAction","target":{"@type":"EntryPoint","urlTemplate":"https:\/\/drivesaversdatarecovery.com\/?s={search_term_string}"},"query-input":{"@type":"PropertyValueSpecification","valueRequired":true,"valueName":"search_term_string"}}],"inLanguage":"es"},{"@type":"Organization","@id":"https:\/\/drivesaversdatarecovery.com\/#organization","name":"DriveSavers Data Recovery","url":"https:\/\/drivesaversdatarecovery.com\/","logo":{"@type":"ImageObject","inLanguage":"es","@id":"https:\/\/drivesaversdatarecovery.com\/#\/schema\/logo\/image\/","url":"https:\/\/drivesaversdatarecovery.com\/wp-content\/uploads\/2021\/08\/Logo-01.png","contentUrl":"https:\/\/drivesaversdatarecovery.com\/wp-content\/uploads\/2021\/08\/Logo-01.png","width":1092,"height":1087,"caption":"DriveSavers Data Recovery"},"image":{"@id":"https:\/\/drivesaversdatarecovery.com\/#\/schema\/logo\/image\/"},"sameAs":["https:\/\/www.facebook.com\/DriveSavers","https:\/\/x.com\/drivesavers","https:\/\/www.instagram.com\/drivesavers\/","https:\/\/www.linkedin.com\/company\/drivesavers-data-recovery\/","https:\/\/www.pinterest.com\/drivesavers\/","https:\/\/www.youtube.com\/channel\/UCBlynLMdFWQgid-Gwm0zJ1A","https:\/\/en.wikipedia.org\/wiki\/DriveSavers"]},{"@type":"Person","@id":"https:\/\/drivesaversdatarecovery.com\/#\/schema\/person\/8319da503f7e4ddd51903b6d8295be1c","name":"Michelle West","image":{"@type":"ImageObject","inLanguage":"es","@id":"https:\/\/secure.gravatar.com\/avatar\/c820e118da73c12bbab9f3e84e4787eeda260d6c5c486643e5f474153469c728?s=96&d=blank&r=g","url":"https:\/\/secure.gravatar.com\/avatar\/c820e118da73c12bbab9f3e84e4787eeda260d6c5c486643e5f474153469c728?s=96&d=blank&r=g","contentUrl":"https:\/\/secure.gravatar.com\/avatar\/c820e118da73c12bbab9f3e84e4787eeda260d6c5c486643e5f474153469c728?s=96&d=blank&r=g","caption":"Michelle West"},"description":"DriveSavers Senior Marketing Manager Writing about DriveSavers, data recovery, or another technology-related topic? Contact us.","sameAs":["https:\/\/www.linkedin.com\/in\/west-michelle\/"],"url":"https:\/\/drivesaversdatarecovery.com\/es-mx\/author\/michelle\/"}]}},"_links":{"self":[{"href":"https:\/\/drivesaversdatarecovery.com\/es-mx\/wp-json\/wp\/v2\/pages\/2529","targetHints":{"allow":["GET"]}}],"collection":[{"href":"https:\/\/drivesaversdatarecovery.com\/es-mx\/wp-json\/wp\/v2\/pages"}],"about":[{"href":"https:\/\/drivesaversdatarecovery.com\/es-mx\/wp-json\/wp\/v2\/types\/page"}],"author":[{"embeddable":true,"href":"https:\/\/drivesaversdatarecovery.com\/es-mx\/wp-json\/wp\/v2\/users\/30"}],"replies":[{"embeddable":true,"href":"https:\/\/drivesaversdatarecovery.com\/es-mx\/wp-json\/wp\/v2\/comments?post=2529"}],"version-history":[{"count":2,"href":"https:\/\/drivesaversdatarecovery.com\/es-mx\/wp-json\/wp\/v2\/pages\/2529\/revisions"}],"predecessor-version":[{"id":83400,"href":"https:\/\/drivesaversdatarecovery.com\/es-mx\/wp-json\/wp\/v2\/pages\/2529\/revisions\/83400"}],"up":[{"embeddable":true,"href":"https:\/\/drivesaversdatarecovery.com\/es-mx\/wp-json\/wp\/v2\/pages\/2190"}],"wp:featuredmedia":[{"embeddable":true,"href":"https:\/\/drivesaversdatarecovery.com\/es-mx\/wp-json\/wp\/v2\/media\/2530"}],"wp:attachment":[{"href":"https:\/\/drivesaversdatarecovery.com\/es-mx\/wp-json\/wp\/v2\/media?parent=2529"}],"curies":[{"name":"wp","href":"https:\/\/api.w.org\/{rel}","templated":true}]}}