{"id":71042,"date":"2024-05-02T14:26:00","date_gmt":"2024-05-02T21:26:00","guid":{"rendered":"https:\/\/drivesaversdatarecovery.com\/?page_id=71042"},"modified":"2026-01-14T00:55:59","modified_gmt":"2026-01-14T08:55:59","slug":"contact-drivesavers-main-ppc-1-888-453-5809","status":"publish","type":"page","link":"https:\/\/drivesaversdatarecovery.com\/de-at\/contact-drivesavers-main-ppc-1-888-453-5809\/","title":{"rendered":"Contact DriveSavers Main PPC &#8211; 1.888.453.5809"},"content":{"rendered":"<div class=\"wpb-content-wrapper\"><div id=\"mobile_header\" class=\"vc_section vc_custom_1714174338998 wpex-vc-full-width-section wpex-vc-full-width-section--centered wpex-relative wpex-vc_section-has-fill wpex-vc-reset-negative-margin\" style=\"background-position:center right!important;\"><div class=\"vc_row wpb_row vc_row-fluid vc_custom_1714084739580 vc_row-o-equal-height vc_row-flex wpex-vc-full-width-row wpex-vc-full-width-row--centered wpex-relative wpex-vc_row-has-fill no-bottom-margins tablet-fullwidth-columns wpex-vc-reset-negative-margin typography-light\"><div class=\"wpb_column vc_column_container vc_col-sm-12\"><div class=\"vc_column-inner\"><div class=\"wpb_wrapper\"><div class=\"vc_row wpb_row vc_inner vc_row-fluid vc_custom_1714164985224 vc_row-o-content-middle vc_row-flex wpex-relative wpex-vc_row-has-fill wpex-vc-reset-negative-margin\"><div class=\"wpb_column vc_column_container vc_col-sm-2\"><div class=\"vc_column-inner\"><div class=\"wpb_wrapper\">\n\t<div  class=\"wpb_single_image wpb_content_element vc_align_center wpb_content_element\">\n\t\t\n\t\t<figure class=\"wpb_wrapper vc_figure\">\n\t\t\t<div class=\"vc_single_image-wrapper   vc_box_border_grey\"><img width=\"300\" height=\"300\" src=\"https:\/\/drivesaversdatarecovery.com\/wp-content\/uploads\/2021\/08\/Logo-01-300x300.png\" class=\"vc_single_image-img attachment-medium\" alt=\"\" title=\"Logo-01\" srcset=\"https:\/\/drivesaversdatarecovery.com\/wp-content\/uploads\/2021\/08\/Logo-01-300x300.png 300w, https:\/\/drivesaversdatarecovery.com\/wp-content\/uploads\/2021\/08\/Logo-01-1024x1019.png 1024w, https:\/\/drivesaversdatarecovery.com\/wp-content\/uploads\/2021\/08\/Logo-01-150x150.png 150w, https:\/\/drivesaversdatarecovery.com\/wp-content\/uploads\/2021\/08\/Logo-01-20x20.png 20w, https:\/\/drivesaversdatarecovery.com\/wp-content\/uploads\/2021\/08\/Logo-01.png 1092w\" sizes=\"(max-width: 300px) 100vw, 300px\" \/><\/div>\n\t\t<\/figure>\n\t<\/div>\n<\/div><\/div><\/div><\/div><div class=\"vc_row wpb_row vc_inner vc_row-fluid wpex-relative\"><div class=\"wpb_column vc_column_container vc_col-sm-12 vc_hidden-lg vc_hidden-md vc_hidden-sm\"><div class=\"vc_column-inner\"><div class=\"wpb_wrapper\"><div class=\"vc_empty_space\"   style=\"height: 32px\"><span class=\"vc_empty_space_inner\"><\/span><\/div><div class=\"wpex-template-shortcode\"><div class=\"vc_row wpb_row vc_row-fluid wpex-relative\"><div class=\"wpb_column vc_column_container vc_col-sm-6\"><div class=\"vc_column-inner\"><div class=\"wpb_wrapper\"><div class=\"vc_empty_space\"   style=\"height: 11px\"><span class=\"vc_empty_space_inner\"><\/span><\/div>\n\t<div class=\"wpb_raw_code wpb_raw_js\" >\n\t\t<div class=\"wpb_wrapper\">\n\t\t\t<script src=\"https:\/\/unpkg.com\/@lottiefiles\/lottie-player@latest\/dist\/lottie-player.js\"><\/script>\n\n<a href=\"tel:18889427823\" target=\"_blank\" class=\"button\">\n<rect x=\"2\" y=\"2\" width=\"20\" height=\"20\" rx=\"5\" ry=\"5\"><\/rect><path d=\"M16 11.37A4 4 0 1 1 12.63 8 4 4 0 0 1 16 11.37z\"><\/path><line x1=\"17.5\" y1=\"6.5\" x2=\"17.51\" y2=\"6.5\"><\/line><\/svg>\n <lottie-player src=\"https:\/\/lottie.host\/fed1aa36-08e6-481b-9b69-89537ecb98af\/1BGjuUkO3X.json\" background=\"transparent\" speed=\"1\" style=\"width: 100px; height: 100px; margin: -50px -20px -55px -50px\" loop autoplay><\/lottie-player>\n\n  <span class=\"button-text\">\n    <span style=\"font-size: 17px;\">Bewertung anfordern<\/span>\n    <span class=\"button-numbers\">\n      <span id=\"button-count\"><\/span>\n      Call Now: +1 (888) 942-7823\n    <\/span> \n  <\/span>\n<\/a>\n<p style=\"color: #fff; font-size: 12px; top: 0em; line-height: 1.5 !important; padding-bottom: 41px; padding-top: 7px;\" >DriveSavers Data Recovery Advisors will give you a quote over the phone, and provide a free shipping label to get your device to our U.S.-based data recovery lab.<\/p>\n\n\n\t\t<\/div>\n\t<\/div>\n<\/div><\/div><\/div><\/div>\n<\/div><\/div><\/div><\/div><\/div><div class=\"vc_empty_space\"   style=\"height: 32px\"><span class=\"vc_empty_space_inner\"><\/span><\/div><div class=\"vc_row wpb_row vc_inner vc_row-fluid hide-mobile vc_custom_1714085286389 vc_row-o-content-middle vc_row-flex wpex-relative wpex-vc_row-has-fill wpex-vc-reset-negative-margin\"><div class=\"wpb_column vc_column_container vc_col-sm-8\"><div class=\"vc_column-inner\"><div class=\"wpb_wrapper\"><style>.vcex-heading.vcex_69db788e8cf5d{color:#ffffff;font-size:2.7em;font-weight:700;}.vcex-heading.vcex_69db788e8cf5d .vcex-heading-icon{color:#ffffff;}<\/style><h1 class=\"vcex-heading vcex-heading-plain vcex-module wpex-heading wpex-text-2xl wpex-h1 vcex_69db788e8cf5d\"><span class=\"vcex-heading-inner wpex-inline-block\">Call Now and Get an Estimate<\/span><\/h1><div class=\"vcex-spacing wpex-w-100 wpex-clear\" style=\"height:10px;\"><\/div><style>.vcex-heading.vcex_69db788e8d7cb{color:#ffffff;font-weight:700;}.vcex-heading.vcex_69db788e8d7cb .vcex-heading-icon{color:#ffffff;}<\/style><h3 class=\"vcex-heading vcex-heading-plain vcex-module wpex-heading wpex-text-2xl wpex-h3 hide-mobile vcex_69db788e8d7cb\"><span class=\"vcex-heading-inner wpex-inline-block\"><strong>Unsere Datenrettungsexpert:innen sind rund um die Uhr \u2013 weltweit \u2013 erreichbar.<\/strong><br \/>\nMain: +1 (888) 453-5809<\/span><\/h3><div class=\"vc_empty_space\"   style=\"height: 32px\"><span class=\"vc_empty_space_inner\"><\/span><\/div>\n\t<div style=\"color:#ffffff;\" class=\"wpb_text_column has-custom-color wpex-child-inherit-color wpb_content_element\" >\n\t\t<div class=\"wpb_wrapper\">\n\t\t\t<p><span class=\"hide-mobile\">DriveSavers Data Recovery Advisors will give you a quote over the phone and provide a free shipping label to get your device to our U.S.-based data recovery lab, where Data Recovery Engineers will provide a free evaluation.<\/span><\/p>\n\n\t\t<\/div>\n\t<\/div>\n<\/div><\/div><\/div><\/div><div class=\"vc_empty_space\"   style=\"height: 160px\"><span class=\"vc_empty_space_inner\"><\/span><\/div><\/div><\/div><\/div><\/div><\/div><div class=\"vc_section vc_custom_1693331733143 wpex-vc-full-width-section wpex-vc-full-width-section--centered wpex-relative wpex-vc_section-has-fill wpex-vc-reset-negative-margin\"><\/div><div class=\"vc_row wpb_row vc_row-fluid vc_custom_1714168194328 wpex-vc-full-width-row wpex-vc-full-width-row--centered wpex-relative wpex-vc_row-has-fill wpex-vc-reset-negative-margin\"><div class=\"wpb_column vc_column_container vc_col-sm-12\"><div class=\"vc_column-inner\"><div class=\"wpb_wrapper\"><div class=\"wpex-template-shortcode\"><style type=\"text\/css\" data-type=\"vc_shortcodes-custom-css\">.vc_custom_1714080163372{padding-top: 4% !important;}.vc_custom_1714079976289{padding-top: 4% !important;}.vc_custom_1714080000710{padding-top: 4% !important;}.vc_custom_1714080030635{padding-top: 4% !important;}<\/style><div class=\"vc_section wpex-relative\"><div class=\"vc_row wpb_row vc_row-fluid wpex-relative\"><div class=\"wpb_column vc_column_container vc_col-sm-12\"><div class=\"vc_column-inner\"><div class=\"wpb_wrapper\"><h2 class=\"vcex-heading vcex-heading-plain vcex-module wpex-heading wpex-text-2xl wpex-h2 vc_custom_1714080163372\"><span class=\"vcex-heading-inner wpex-inline-block\">Datenwiederherstellung <span class=\"wpex-font-semibold\" style=\"color:#E31F26\">Options<span><\/span><\/h2>\n\t<div class=\"wpb_text_column wpb_content_element\" >\n\t\t<div class=\"wpb_wrapper\">\n\t\t\t<p>Bei DriveSavers ist unser qualifiziertes Team nur einen Anruf entfernt. Wir sprechen direkt mit Ihnen, um die passende Datenrettungsl\u00f6sung f\u00fcr Ihre Anforderungen zu finden. Auch wenn der Gro\u00dfteil unserer Arbeit in unserem sicheren Standort in Kalifornien erfolgt, wissen wir, dass komplexe Serverkonfigurationen wie RAID, NAS und SAN flexiblere Optionen erfordern k\u00f6nnen. Wir bieten mehrere L\u00f6sungen an, die auf Ihre Bed\u00fcrfnisse zugeschnitten sind \u2013 unter voller Ber\u00fccksichtigung Ihrer Sicherheitsrichtlinien und m\u00f6glicher Einschr\u00e4nkungen bei der Standortverlagerung.<\/p>\n\n\t\t<\/div>\n\t<\/div>\n<div class=\"vc_empty_space\"   style=\"height: 32px\"><span class=\"vc_empty_space_inner\"><\/span><\/div><div class=\"vc_row wpb_row vc_inner vc_row-fluid wpex-relative\"><div class=\"wpb_column vc_column_container vc_col-sm-4\"><div class=\"vc_column-inner\"><div class=\"wpb_wrapper\"><style>.vcex-heading.vcex_69db788e90c4f{color:var(--wpex-accent);}<\/style><h3 class=\"vcex-heading vcex-heading-plain vcex-module wpex-heading wpex-text-2xl wpex-h3 vc_custom_1714079976289 vcex_69db788e90c4f\"><span class=\"vcex-heading-inner wpex-inline-block\"><span class=\"vcex-heading-icon vcex-heading-icon-left vcex-icon-wrap wpex-mr-10\"><span aria-hidden=\"true\" class=\"fas fa-microscope\"><\/span><\/span>Im Labor<\/span><\/h3>\n\t<div class=\"wpb_text_column wpb_content_element\" >\n\t\t<div class=\"wpb_wrapper\">\n\t\t\t<p class=\"translation-block\"><span style=\"font-weight: 400\">Die meisten Ger\u00e4te werden zur Datenrettung an unser <\/span>zertifiziert sicheres Labor gesendet im Rahmen unseres <a href=\"https:\/\/drivesaversdatarecovery.com\/de-at\/data-recovery-services\/service-plans\/\" target=\"_self\">Economy-, Standard- oder Priority-Services<\/a>.<\/p>\n\n\t\t<\/div>\n\t<\/div>\n<\/div><\/div><\/div><div class=\"wpb_column vc_column_container vc_col-sm-4\"><div class=\"vc_column-inner\"><div class=\"wpb_wrapper\"><style>.vcex-heading.vcex_69db788e91615{color:var(--wpex-accent);}<\/style><h3 class=\"vcex-heading vcex-heading-plain vcex-module wpex-heading wpex-text-2xl wpex-h3 vc_custom_1714080000710 vcex_69db788e91615\"><span class=\"vcex-heading-inner wpex-inline-block\"><span class=\"vcex-heading-icon vcex-heading-icon-left vcex-icon-wrap wpex-mr-10\"><span aria-hidden=\"true\" class=\"fas fa-plane\"><\/span><\/span>Remote<\/span><\/h3>\n\t<div class=\"wpb_text_column wpb_content_element\" >\n\t\t<div class=\"wpb_wrapper\">\n\t\t\t<p class=\"translation-block\"><span style=\"font-weight: 400\">DriveSavers bietet einen sicheren <\/span><a href=\"https:\/\/drivesaversdatarecovery.com\/de-at\/data-recovery-services\/remote-data-recovery-services\/\" target=\"_self\"><span style=\"font-weight: 400\">Remote-Datenrettungsdienst<\/span><\/a><span style=\"font-weight: 400\"> f\u00fcr viele Datenverlustsituationen, bei denen <\/span>kein mechanischer oder physischer Schaden vorliegt<span style=\"font-weight: 400\">.<\/span><\/p>\n\n\t\t<\/div>\n\t<\/div>\n<\/div><\/div><\/div><div class=\"wpb_column vc_column_container vc_col-sm-4\"><div class=\"vc_column-inner\"><div class=\"wpb_wrapper\"><style>.vcex-heading.vcex_69db788e91fda{color:var(--wpex-accent);}<\/style><h3 class=\"vcex-heading vcex-heading-plain vcex-module wpex-heading wpex-text-2xl wpex-h3 vc_custom_1714080030635 vcex_69db788e91fda\"><span class=\"vcex-heading-inner wpex-inline-block\"><span class=\"vcex-heading-icon vcex-heading-icon-left vcex-icon-wrap wpex-mr-10\"><span aria-hidden=\"true\" class=\"fas fa-chalkboard-teacher\"><\/span><\/span>Vor Ort<\/span><\/h3>\n\t<div class=\"wpb_text_column wpb_content_element\" >\n\t\t<div class=\"wpb_wrapper\">\n\t\t\t<p class=\"translation-block\">Der Vor-Ort-Datenrettungsservice steht f\u00fcr alle Arten von Datenverlust zur Verf\u00fcgung \u2013 auch bei mechanischen oder physischen Sch\u00e4den.<\/p>\n\n\t\t<\/div>\n\t<\/div>\n<\/div><\/div><\/div><\/div><\/div><\/div><\/div><\/div><\/div>\n<\/div><\/div><\/div><\/div><\/div><div class=\"vc_row wpb_row vc_row-fluid wpex-relative no-bottom-margins\"><div class=\"wpb_column vc_column_container vc_col-sm-12\"><div class=\"vc_column-inner\"><div class=\"wpb_wrapper\"><div class=\"wpex-template-shortcode\"><style type=\"text\/css\" data-type=\"vc_shortcodes-custom-css\">.vc_custom_1698707563585{background-color: #f1f1f1 !important;}.vc_custom_1714168584029{padding-top: 3% !important;padding-bottom: 2% !important;background-color: #111111 !important;}<\/style><div class=\"vc_section vc_custom_1698707563585 wpex-vc-full-width-section wpex-vc-full-width-section--centered wpex-relative wpex-vc_section-has-fill wpex-vc-reset-negative-margin\"><div class=\"vc_row wpb_row vc_row-fluid vc_custom_1714168584029 vc_row-o-content-middle vc_row-flex wpex-vc-full-width-row wpex-vc-full-width-row--centered wpex-relative wpex-vc_row-has-fill no-bottom-margins wpex-vc-reset-negative-margin\"><div class=\"wpb_column vc_column_container vc_col-sm-2\"><div class=\"vc_column-inner\"><div class=\"wpb_wrapper\">\n\t<div class=\"wpb_raw_code wpb_raw_js\" >\n\t\t<div class=\"wpb_wrapper\">\n\t\t\t<div id=\"site-logo-inner\"><a id=\"site-logo-link\" href=\"https:\/\/drivesaversdatarecovery.com\/de-at\/\" rel=\"home\" class=\"overlay-header-logo\"><img src=\"https:\/\/drivesaversdatarecovery.com\/wp-content\/uploads\/2021\/08\/DS-Logo.svg\" alt=\"DriveSavers Datenrettungsdienste\" class=\"logo-img logo-img--base\" width=\"110\" height=\"110\" data-no-retina=\"\" data-skip-lazy=\"\" fetchpriority=\"high\" srcset=\"https:\/\/drivesaversdatarecovery.com\/wp-content\/uploads\/2021\/08\/DS-Logo.svg 1x,https:\/\/drivesaversdatarecovery.com\/wp-content\/uploads\/2021\/08\/DS-Logo.svg 2x\"><\/a><\/div>\n\t\t<\/div>\n\t<\/div>\n<\/div><\/div><\/div><div class=\"wpb_column black_footer vc_column_container vc_col-sm-10\"><div class=\"vc_column-inner\"><div class=\"wpb_wrapper\">\n\t<div class=\"wpb_text_column wpb_content_element\" >\n\t\t<div class=\"wpb_wrapper\">\n\t\t\t<p>\u00a9 2024\u00a0<a href=\"https:\/\/drivesaversdatarecovery.com\/de-at\/why-us\/choosing-a-data-recovery-company-wisely\/\">DriveSavers Datenrettung<\/a>\u00a0\u2013 All Rights Reserved. DriveSavers, Inc. 400 Bel Marin Keys Blvd. Novato, CA 94949 1.415.382.2000<br \/>\nKein Teil dieser Website oder ihres Inhalts darf ohne ausdr\u00fcckliche Genehmigung von DriveSavers verwendet oder reproduziert werden. DriveSavers, das Rettungsring-Symbol und der Slogan \u201eWe can save it\u201c sind eingetragene Marken von DriveSavers, Inc. Alle anderen Marken sind Eigentum ihrer jeweiligen Inhaber.<\/p>\n\n\t\t<\/div>\n\t<\/div>\n<\/div><\/div><\/div><\/div><\/div>\n<\/div><\/div><\/div><\/div><\/div>\n<\/div>","protected":false},"excerpt":{"rendered":"Request an Evaluation Call Now: +1 (888) 942-7823 DriveSavers Data Recovery Advisors will give you a quote over the phone, and provide a free shipping label to get your device to our U.S.-based data recovery lab. Call Now and Get an EstimateData Recovery Advisors Are Available 24\/7 \u2013 Worldwide Main: +1 (888) 453-5809 DriveSavers Data&hellip;","protected":false},"author":23,"featured_media":0,"parent":0,"menu_order":0,"comment_status":"closed","ping_status":"closed","template":"","meta":{"_acf_changed":false,"inline_featured_image":false,"footnotes":""},"class_list":["post-71042","page","type-page","status-publish","hentry","entry","no-media"],"acf":[],"yoast_head":"<!-- This site is optimized with the Yoast SEO Premium plugin v26.9 (Yoast SEO v27.3) - https:\/\/yoast.com\/product\/yoast-seo-premium-wordpress\/ -->\n<title>Contact DriveSavers Main PPC - 1.888.453.5809<\/title>\n<meta name=\"description\" content=\"Contact DriveSavers Data Recovery services today to receive a free estimate on your project. Call us at +1-800-440-1904 for a free estimate on your device.\" \/>\n<meta name=\"robots\" content=\"noindex, nofollow\" \/>\n<meta property=\"og:locale\" content=\"de_DE\" \/>\n<meta property=\"og:type\" content=\"article\" \/>\n<meta property=\"og:title\" content=\"Contact DriveSavers Main PPC - 1.888.453.5809\" \/>\n<meta property=\"og:url\" content=\"https:\/\/drivesaversdatarecovery.com\/de-at\/contact-drivesavers-main-ppc-1-888-453-5809\/\" \/>\n<meta property=\"og:site_name\" content=\"DriveSavers Data Recovery Services\" \/>\n<meta property=\"article:publisher\" content=\"https:\/\/www.facebook.com\/DriveSavers\" \/>\n<meta property=\"article:modified_time\" content=\"2026-01-14T08:55:59+00:00\" \/>\n<meta name=\"twitter:card\" content=\"summary_large_image\" \/>\n<meta name=\"twitter:site\" content=\"@drivesavers\" \/>\n<meta name=\"twitter:label1\" content=\"Gesch\u00e4tzte Lesezeit\" \/>\n\t<meta name=\"twitter:data1\" content=\"4 Minuten\" \/>\n<script type=\"application\/ld+json\" class=\"yoast-schema-graph\">{\"@context\":\"https:\\\/\\\/schema.org\",\"@graph\":[{\"@type\":\"TechArticle\",\"@id\":\"https:\\\/\\\/drivesaversdatarecovery.com\\\/contact-drivesavers-main-ppc-1-888-453-5809\\\/#article\",\"isPartOf\":{\"@id\":\"https:\\\/\\\/drivesaversdatarecovery.com\\\/contact-drivesavers-main-ppc-1-888-453-5809\\\/\"},\"author\":{\"name\":\"Gera Yeremin\",\"@id\":\"https:\\\/\\\/drivesaversdatarecovery.com\\\/#\\\/schema\\\/person\\\/4ed8cc478b27069a951480401f62c6e7\"},\"headline\":\"Contact DriveSavers Main PPC &#8211; 1.888.453.5809\",\"datePublished\":\"2024-05-02T21:26:00+00:00\",\"dateModified\":\"2026-01-14T08:55:59+00:00\",\"mainEntityOfPage\":{\"@id\":\"https:\\\/\\\/drivesaversdatarecovery.com\\\/contact-drivesavers-main-ppc-1-888-453-5809\\\/\"},\"wordCount\":2296,\"publisher\":{\"@id\":\"https:\\\/\\\/drivesaversdatarecovery.com\\\/#organization\"},\"inLanguage\":\"de-AT\"},{\"@type\":\"WebPage\",\"@id\":\"https:\\\/\\\/drivesaversdatarecovery.com\\\/contact-drivesavers-main-ppc-1-888-453-5809\\\/\",\"url\":\"https:\\\/\\\/drivesaversdatarecovery.com\\\/contact-drivesavers-main-ppc-1-888-453-5809\\\/\",\"name\":\"Contact DriveSavers Main PPC - 1.888.453.5809\",\"isPartOf\":{\"@id\":\"https:\\\/\\\/drivesaversdatarecovery.com\\\/#website\"},\"datePublished\":\"2024-05-02T21:26:00+00:00\",\"dateModified\":\"2026-01-14T08:55:59+00:00\",\"description\":\"Contact DriveSavers Data Recovery services today to receive a free estimate on your project. Call us at +1-800-440-1904 for a free estimate on your device.\",\"breadcrumb\":{\"@id\":\"https:\\\/\\\/drivesaversdatarecovery.com\\\/contact-drivesavers-main-ppc-1-888-453-5809\\\/#breadcrumb\"},\"inLanguage\":\"de-AT\",\"potentialAction\":[{\"@type\":\"ReadAction\",\"target\":[\"https:\\\/\\\/drivesaversdatarecovery.com\\\/contact-drivesavers-main-ppc-1-888-453-5809\\\/\"]}]},{\"@type\":\"BreadcrumbList\",\"@id\":\"https:\\\/\\\/drivesaversdatarecovery.com\\\/contact-drivesavers-main-ppc-1-888-453-5809\\\/#breadcrumb\",\"itemListElement\":[{\"@type\":\"ListItem\",\"position\":1,\"name\":\"Home\",\"item\":\"https:\\\/\\\/drivesaversdatarecovery.com\\\/\"},{\"@type\":\"ListItem\",\"position\":2,\"name\":\"Contact DriveSavers Main PPC &#8211; 1.888.453.5809\"}]},{\"@type\":\"WebSite\",\"@id\":\"https:\\\/\\\/drivesaversdatarecovery.com\\\/#website\",\"url\":\"https:\\\/\\\/drivesaversdatarecovery.com\\\/\",\"name\":\"DriveSavers Data Recovery Services\",\"description\":\"The Worldwide Leader in Data Recovery\",\"publisher\":{\"@id\":\"https:\\\/\\\/drivesaversdatarecovery.com\\\/#organization\"},\"potentialAction\":[{\"@type\":\"SearchAction\",\"target\":{\"@type\":\"EntryPoint\",\"urlTemplate\":\"https:\\\/\\\/drivesaversdatarecovery.com\\\/?s={search_term_string}\"},\"query-input\":{\"@type\":\"PropertyValueSpecification\",\"valueRequired\":true,\"valueName\":\"search_term_string\"}}],\"inLanguage\":\"de-AT\"},{\"@type\":\"Organization\",\"@id\":\"https:\\\/\\\/drivesaversdatarecovery.com\\\/#organization\",\"name\":\"DriveSavers Data Recovery\",\"url\":\"https:\\\/\\\/drivesaversdatarecovery.com\\\/\",\"logo\":{\"@type\":\"ImageObject\",\"inLanguage\":\"de-AT\",\"@id\":\"https:\\\/\\\/drivesaversdatarecovery.com\\\/#\\\/schema\\\/logo\\\/image\\\/\",\"url\":\"https:\\\/\\\/drivesaversdatarecovery.com\\\/wp-content\\\/uploads\\\/2021\\\/08\\\/Logo-01.png\",\"contentUrl\":\"https:\\\/\\\/drivesaversdatarecovery.com\\\/wp-content\\\/uploads\\\/2021\\\/08\\\/Logo-01.png\",\"width\":1092,\"height\":1087,\"caption\":\"DriveSavers Data Recovery\"},\"image\":{\"@id\":\"https:\\\/\\\/drivesaversdatarecovery.com\\\/#\\\/schema\\\/logo\\\/image\\\/\"},\"sameAs\":[\"https:\\\/\\\/www.facebook.com\\\/DriveSavers\",\"https:\\\/\\\/x.com\\\/drivesavers\",\"https:\\\/\\\/www.instagram.com\\\/drivesavers\\\/\",\"https:\\\/\\\/www.linkedin.com\\\/company\\\/drivesavers-data-recovery\\\/\",\"https:\\\/\\\/www.pinterest.com\\\/drivesavers\\\/\",\"https:\\\/\\\/www.youtube.com\\\/channel\\\/UCBlynLMdFWQgid-Gwm0zJ1A\",\"https:\\\/\\\/en.wikipedia.org\\\/wiki\\\/DriveSavers\"]},{\"@type\":\"Person\",\"@id\":\"https:\\\/\\\/drivesaversdatarecovery.com\\\/#\\\/schema\\\/person\\\/4ed8cc478b27069a951480401f62c6e7\",\"name\":\"Gera Yeremin\",\"image\":{\"@type\":\"ImageObject\",\"inLanguage\":\"de-AT\",\"@id\":\"https:\\\/\\\/secure.gravatar.com\\\/avatar\\\/0ee5fa5be2e661bb516648ff577f1b44265797dc2d8632d7f152a620ee57a396?s=96&d=blank&r=g\",\"url\":\"https:\\\/\\\/secure.gravatar.com\\\/avatar\\\/0ee5fa5be2e661bb516648ff577f1b44265797dc2d8632d7f152a620ee57a396?s=96&d=blank&r=g\",\"contentUrl\":\"https:\\\/\\\/secure.gravatar.com\\\/avatar\\\/0ee5fa5be2e661bb516648ff577f1b44265797dc2d8632d7f152a620ee57a396?s=96&d=blank&r=g\",\"caption\":\"Gera Yeremin\"},\"url\":\"https:\\\/\\\/drivesaversdatarecovery.com\\\/de-at\\\/author\\\/gerayeremin\\\/\"}]}<\/script>\n<!-- \/ Yoast SEO Premium plugin. -->","yoast_head_json":{"title":"Contact DriveSavers Main PPC - 1.888.453.5809","description":"Kontaktieren Sie noch heute den Datenrettungsdienst von DriveSavers, um ein kostenloses Angebot f\u00fcr Ihr Projekt zu erhalten. Rufen Sie uns an unter +1-800-440-1904 f\u00fcr eine kostenlose Einsch\u00e4tzung Ihres Ger\u00e4ts.","robots":{"index":"noindex","follow":"nofollow"},"og_locale":"de_DE","og_type":"article","og_title":"Contact DriveSavers Main PPC - 1.888.453.5809","og_url":"https:\/\/drivesaversdatarecovery.com\/de-at\/contact-drivesavers-main-ppc-1-888-453-5809\/","og_site_name":"DriveSavers Data Recovery Services","article_publisher":"https:\/\/www.facebook.com\/DriveSavers","article_modified_time":"2026-01-14T08:55:59+00:00","twitter_card":"summary_large_image","twitter_site":"@drivesavers","twitter_misc":{"Gesch\u00e4tzte Lesezeit":"4 Minuten"},"schema":{"@context":"https:\/\/schema.org","@graph":[{"@type":"TechArticle","@id":"https:\/\/drivesaversdatarecovery.com\/contact-drivesavers-main-ppc-1-888-453-5809\/#article","isPartOf":{"@id":"https:\/\/drivesaversdatarecovery.com\/contact-drivesavers-main-ppc-1-888-453-5809\/"},"author":{"name":"Gera Yeremin","@id":"https:\/\/drivesaversdatarecovery.com\/#\/schema\/person\/4ed8cc478b27069a951480401f62c6e7"},"headline":"Contact DriveSavers Main PPC &#8211; 1.888.453.5809","datePublished":"2024-05-02T21:26:00+00:00","dateModified":"2026-01-14T08:55:59+00:00","mainEntityOfPage":{"@id":"https:\/\/drivesaversdatarecovery.com\/contact-drivesavers-main-ppc-1-888-453-5809\/"},"wordCount":2296,"publisher":{"@id":"https:\/\/drivesaversdatarecovery.com\/#organization"},"inLanguage":"de-AT"},{"@type":"WebPage","@id":"https:\/\/drivesaversdatarecovery.com\/contact-drivesavers-main-ppc-1-888-453-5809\/","url":"https:\/\/drivesaversdatarecovery.com\/contact-drivesavers-main-ppc-1-888-453-5809\/","name":"Contact DriveSavers Main PPC - 1.888.453.5809","isPartOf":{"@id":"https:\/\/drivesaversdatarecovery.com\/#website"},"datePublished":"2024-05-02T21:26:00+00:00","dateModified":"2026-01-14T08:55:59+00:00","description":"Kontaktieren Sie noch heute den Datenrettungsdienst von DriveSavers, um ein kostenloses Angebot f\u00fcr Ihr Projekt zu erhalten. Rufen Sie uns an unter +1-800-440-1904 f\u00fcr eine kostenlose Einsch\u00e4tzung Ihres Ger\u00e4ts.","breadcrumb":{"@id":"https:\/\/drivesaversdatarecovery.com\/contact-drivesavers-main-ppc-1-888-453-5809\/#breadcrumb"},"inLanguage":"de-AT","potentialAction":[{"@type":"ReadAction","target":["https:\/\/drivesaversdatarecovery.com\/contact-drivesavers-main-ppc-1-888-453-5809\/"]}]},{"@type":"BreadcrumbList","@id":"https:\/\/drivesaversdatarecovery.com\/contact-drivesavers-main-ppc-1-888-453-5809\/#breadcrumb","itemListElement":[{"@type":"ListItem","position":1,"name":"Home","item":"https:\/\/drivesaversdatarecovery.com\/"},{"@type":"ListItem","position":2,"name":"Contact DriveSavers Main PPC &#8211; 1.888.453.5809"}]},{"@type":"WebSite","@id":"https:\/\/drivesaversdatarecovery.com\/#website","url":"https:\/\/drivesaversdatarecovery.com\/","name":"DriveSavers Datenrettungsdienste","description":"The Worldwide Leader in Data Recovery","publisher":{"@id":"https:\/\/drivesaversdatarecovery.com\/#organization"},"potentialAction":[{"@type":"SearchAction","target":{"@type":"EntryPoint","urlTemplate":"https:\/\/drivesaversdatarecovery.com\/?s={search_term_string}"},"query-input":{"@type":"PropertyValueSpecification","valueRequired":true,"valueName":"search_term_string"}}],"inLanguage":"de-AT"},{"@type":"Organization","@id":"https:\/\/drivesaversdatarecovery.com\/#organization","name":"DriveSavers Datenrettung","url":"https:\/\/drivesaversdatarecovery.com\/","logo":{"@type":"ImageObject","inLanguage":"de-AT","@id":"https:\/\/drivesaversdatarecovery.com\/#\/schema\/logo\/image\/","url":"https:\/\/drivesaversdatarecovery.com\/wp-content\/uploads\/2021\/08\/Logo-01.png","contentUrl":"https:\/\/drivesaversdatarecovery.com\/wp-content\/uploads\/2021\/08\/Logo-01.png","width":1092,"height":1087,"caption":"DriveSavers Data Recovery"},"image":{"@id":"https:\/\/drivesaversdatarecovery.com\/#\/schema\/logo\/image\/"},"sameAs":["https:\/\/www.facebook.com\/DriveSavers","https:\/\/x.com\/drivesavers","https:\/\/www.instagram.com\/drivesavers\/","https:\/\/www.linkedin.com\/company\/drivesavers-data-recovery\/","https:\/\/www.pinterest.com\/drivesavers\/","https:\/\/www.youtube.com\/channel\/UCBlynLMdFWQgid-Gwm0zJ1A","https:\/\/en.wikipedia.org\/wiki\/DriveSavers"]},{"@type":"Person","@id":"https:\/\/drivesaversdatarecovery.com\/#\/schema\/person\/4ed8cc478b27069a951480401f62c6e7","name":"Gera Yeremin","image":{"@type":"ImageObject","inLanguage":"de-AT","@id":"https:\/\/secure.gravatar.com\/avatar\/0ee5fa5be2e661bb516648ff577f1b44265797dc2d8632d7f152a620ee57a396?s=96&d=blank&r=g","url":"https:\/\/secure.gravatar.com\/avatar\/0ee5fa5be2e661bb516648ff577f1b44265797dc2d8632d7f152a620ee57a396?s=96&d=blank&r=g","contentUrl":"https:\/\/secure.gravatar.com\/avatar\/0ee5fa5be2e661bb516648ff577f1b44265797dc2d8632d7f152a620ee57a396?s=96&d=blank&r=g","caption":"Gera Yeremin"},"url":"https:\/\/drivesaversdatarecovery.com\/de-at\/author\/gerayeremin\/"}]}},"_links":{"self":[{"href":"https:\/\/drivesaversdatarecovery.com\/de-at\/wp-json\/wp\/v2\/pages\/71042","targetHints":{"allow":["GET"]}}],"collection":[{"href":"https:\/\/drivesaversdatarecovery.com\/de-at\/wp-json\/wp\/v2\/pages"}],"about":[{"href":"https:\/\/drivesaversdatarecovery.com\/de-at\/wp-json\/wp\/v2\/types\/page"}],"author":[{"embeddable":true,"href":"https:\/\/drivesaversdatarecovery.com\/de-at\/wp-json\/wp\/v2\/users\/23"}],"replies":[{"embeddable":true,"href":"https:\/\/drivesaversdatarecovery.com\/de-at\/wp-json\/wp\/v2\/comments?post=71042"}],"version-history":[{"count":0,"href":"https:\/\/drivesaversdatarecovery.com\/de-at\/wp-json\/wp\/v2\/pages\/71042\/revisions"}],"wp:attachment":[{"href":"https:\/\/drivesaversdatarecovery.com\/de-at\/wp-json\/wp\/v2\/media?parent=71042"}],"curies":[{"name":"wp","href":"https:\/\/api.w.org\/{rel}","templated":true}]}}