{"id":2657,"date":"2018-09-05T20:06:31","date_gmt":"2018-09-06T01:06:31","guid":{"rendered":"https:\/\/test.drivesaversdatarecovery.com\/?page_id=2657"},"modified":"2024-10-31T16:32:42","modified_gmt":"2024-10-31T23:32:42","slug":"certified-secure-defense-in-depth-network-proof","status":"publish","type":"page","link":"https:\/\/drivesaversdatarecovery.com\/da-dk\/why-us\/certified-secure-data-recovery\/certified-secure-defense-in-depth-network-proof\/","title":{"rendered":"Bevis p\u00e5 netv\u00e6rksforsvar i dybden"},"content":{"rendered":"<div class=\"wpb-content-wrapper\"><div class=\"vc_section wpex-relative\"><div class=\"vc_row wpb_row vc_row-fluid vc_custom_1730417556401 vc_row-o-equal-height vc_row-o-content-middle vc_row-flex wpex-relative add-overlay-header-offset\"><div class=\"overlay-header-offset-div wpex-w-100\"  style=\"height:var(--wpex-site-header-height, 100px);\"><\/div><div class=\"wpb_column vc_column_container vc_col-sm-3\"><div class=\"vc_column-inner\"><div class=\"wpb_wrapper\"><figure class=\"vcex-image vcex-module\"><div class=\"vcex-image-inner wpex-relative wpex-inline-block\"><a href=\"https:\/\/drivesaversdatarecovery.com\/wp-content\/uploads\/2024\/10\/WSI-SRA-DSI-Q1-Ext-SecAudit-EPS-2024-Final.pdf\" class=\"wpex-lightbox\"><img width=\"1198\" height=\"1570\" src=\"https:\/\/drivesaversdatarecovery.com\/wp-content\/uploads\/2024\/10\/security.png\" class=\"vcex-image-img wpex-align-middle\" alt=\"A cover page titled &quot;Executive Partner Summary Q1 - 2024&quot; for WIRED Security Inc. features a blue and purple digital network design. It&#039;s prepared for DriveSavers Data Recovery and includes a circular logo at the bottom.\" decoding=\"async\" srcset=\"https:\/\/drivesaversdatarecovery.com\/wp-content\/uploads\/2024\/10\/security.png 1198w, https:\/\/drivesaversdatarecovery.com\/wp-content\/uploads\/2024\/10\/security-229x300.png 229w, https:\/\/drivesaversdatarecovery.com\/wp-content\/uploads\/2024\/10\/security-781x1024.png 781w, https:\/\/drivesaversdatarecovery.com\/wp-content\/uploads\/2024\/10\/security-768x1006.png 768w, https:\/\/drivesaversdatarecovery.com\/wp-content\/uploads\/2024\/10\/security-1172x1536.png 1172w, https:\/\/drivesaversdatarecovery.com\/wp-content\/uploads\/2024\/10\/security-9x12.png 9w\" sizes=\"(max-width: 1198px) 100vw, 1198px\" \/><\/a><\/div><\/figure><\/div><\/div><\/div><div class=\"wpb_column vc_column_container vc_col-sm-9\"><div class=\"vc_column-inner\"><div class=\"wpb_wrapper\"><h1 class=\"vcex-heading vcex-heading-plain vcex-module wpex-heading wpex-text-2xl wpex-h1\"><span class=\"vcex-heading-inner wpex-inline-block\">About WIRED Security Inc.\u2019s Network Security Audit<\/span><\/h1><\/div><\/div><\/div><\/div><div class=\"vc_row wpb_row vc_row-fluid vc_row-o-content-middle vc_row-flex wpex-relative\"><div class=\"wpb_column vc_column_container vc_col-sm-12\"><div class=\"vc_column-inner\"><div class=\"wpb_wrapper\">\n\t<div class=\"wpb_text_column wpb_content_element\" >\n\t\t<div class=\"wpb_wrapper\">\n\t\t\t<p>DriveSavers undergoes annual security audits on its perimeter and network systems. These audits are conducted by a team of independent information security and technology consultants from WIRED Security, Inc., to ensure that adequate controls and safeguards are in place for safely hosting data belonging to our customers. A thorough review of our Business Continuance Plan, Information Security Policy and the recently completed SOC 2 Type II audit documentation is also performed.<\/p>\n<p>DriveSavers has deployed a full \u201cDefense-in-Depth\u201d network. All hardware and software used by DriveSavers has multiple industry certifications including, but not limited to NIST, NEBS level 3, ICSA, NSS and FIPS. The DriveSavers Data Recovery computing network environment (as tested) has an excellent ability to avoid information security breaches.<\/p>\n<p>DriveSavers undergoes these audits annually. The results of our most recent and up-to-date audits can be found <a href=\"https:\/\/drivesaversdatarecovery.com\/da-dk\/why-us\/choosing-a-data-recovery-company-wisely\/\">here<\/a>.<\/p>\n\n\t\t<\/div>\n\t<\/div>\n<div class=\"vcex-spacing wpex-w-100 wpex-clear\"><\/div><style>.vcex-button.vcex_69d11887050c8{text-transform:uppercase;}<\/style><a href=\"https:\/\/drivesaversdatarecovery.com\/wp-content\/uploads\/2024\/10\/WSI-SRA-DSI-Q1-Ext-SecAudit-EPS-2024-Final.pdf\" class=\"vcex-button theme-button inline vcex_69d11887050c8\" target=\"_blank\" rel=\"noopener noreferrer\"><span class=\"vcex-button-inner theme-button-inner wpex-flex wpex-flex-wrap wpex-items-center wpex-justify-center\">View our WIRED Security Inc.\u2019s Network Security Audit<\/span><\/a> <\/div><\/div><\/div><\/div><\/div><div class=\"vc_section wpex-relative\"><div class=\"vc_row wpb_row vc_row-fluid vc_custom_1730417094102 vc_column-gap-35 vc_row-o-equal-height vc_row-o-content-middle vc_row-flex wpex-relative no-bottom-margins tablet-fullwidth-columns\"><div class=\"wpb_column vc_column_container vc_col-sm-12\"><div class=\"vc_column-inner vc_custom_1533347707333\"><div class=\"wpb_wrapper\">\n\t<div class=\"wpb_text_column wpb_content_element vc_custom_1730417086600\" >\n\t\t<div class=\"wpb_wrapper\">\n\t\t\t<blockquote>\n<p>&nbsp;<\/p>\n<h3>At the heart of our certified secure data recovery environment is a \u201cdefense-in-depth\u201d network, verified in our SOC 2 Type II auditing process to be \u201ca formidable defense\u201d for the information and data that it hosts.<\/h3>\n<p>&nbsp;<\/p>\n<\/blockquote>\n<p style=\"text-align: right;\">\u2014Michael Hall, CISO, DriveSavers<\/p>\n\n\t\t<\/div>\n\t<\/div>\n<\/div><\/div><\/div><\/div><div class=\"vc_row wpb_row vc_row-fluid vc_column-gap-35 vc_row-o-equal-height vc_row-o-content-middle vc_row-flex wpex-relative tablet-fullwidth-columns\"><div class=\"wpb_column vc_column_container vc_col-sm-12\"><div class=\"vc_column-inner\"><div class=\"wpb_wrapper\"><h2 class=\"vcex-heading vcex-heading-plain vcex-module wpex-heading wpex-text-2xl wpex-h2\"><span class=\"vcex-heading-inner wpex-inline-block\">Benefits of Working with an SOC 2 Type II Audited Data Recovery Service Provider<\/span><\/h2>\n\t<div class=\"wpb_text_column wpb_content_element\" >\n\t\t<div class=\"wpb_wrapper\">\n\t\t\t<p>By posting proof that DriveSavers undergoes a company-wide audit on an annual basis, it differentiates itself from all other data recovery service providers in the industry today. This audit verifies our qualifications to handle enterprise-class recoveries, and support those customers who must maintain compliance with data privacy and data security regulations, such as:<\/p>\n\n\t\t<\/div>\n\t<\/div>\n<div class=\"vcex-spacing wpex-w-100 wpex-clear\"><\/div><div class=\"vcex-spacing wpex-w-100 wpex-clear\"><\/div>\n\t<div class=\"wpb_text_column wpb_content_element\" >\n\t\t<div class=\"wpb_wrapper\">\n\t\t\t<p>En \u00e5rlig revision garanterer vores kunder og partnere, at kun autoriserede data recovery-teknikere har adgang til deres personlige og fortrolige data. N\u00e5r gendannelsesprocessen er afsluttet, opbevares dataene p\u00e5 vores sikre netv\u00e6rk, indtil deres integritet er bekr\u00e6ftet. Tilpassede l\u00f8sninger tilbydes til gendannelse af krypterede filer og drev. Data er beskyttet under transport til og fra vores faciliteter. Ved behov for \u00f8jeblikkelig adgang overf\u00f8res data via et sikkert FTP-websted. Sikker og permanent datadestruktion er tilg\u00e6ngelig efter anmodning.<\/p>\n\n\t\t<\/div>\n\t<\/div>\n<\/div><\/div><\/div><\/div><div class=\"vc_row wpb_row vc_row-fluid wpex-relative\"><div class=\"wpb_column vc_column_container vc_col-sm-12\"><div class=\"vc_column-inner\"><div class=\"wpb_wrapper\"><\/div><\/div><\/div><\/div><\/div>\n<\/div>","protected":false},"excerpt":{"rendered":"About WIRED Security Inc.\u2019s Network Security Audit DriveSavers undergoes annual security audits on its perimeter and network systems. These audits are conducted by a team of independent information security and technology consultants from WIRED Security, Inc., to ensure that adequate controls and safeguards are in place for safely hosting data belonging to our customers. A&hellip;","protected":false},"author":30,"featured_media":2660,"parent":876,"menu_order":0,"comment_status":"closed","ping_status":"closed","template":"","meta":{"_acf_changed":false,"inline_featured_image":false,"footnotes":""},"class_list":["post-2657","page","type-page","status-publish","has-post-thumbnail","hentry","entry","has-media"],"acf":[],"yoast_head":"<!-- This site is optimized with the Yoast SEO Premium plugin v26.9 (Yoast SEO v27.3) - https:\/\/yoast.com\/product\/yoast-seo-premium-wordpress\/ -->\n<title>Defense In-Depth Network Proof - DriveSavers<\/title>\n<meta name=\"robots\" content=\"index, follow, max-snippet:-1, max-image-preview:large, max-video-preview:-1\" \/>\n<link rel=\"canonical\" href=\"https:\/\/drivesaversdatarecovery.com\/da-dk\/why-us\/certified-secure-data-recovery\/certified-secure-defense-in-depth-network-proof\/\" \/>\n<meta property=\"og:locale\" content=\"da_DK\" \/>\n<meta property=\"og:type\" content=\"article\" \/>\n<meta property=\"og:title\" content=\"Defense In-Depth Network Proof\" \/>\n<meta property=\"og:url\" content=\"https:\/\/drivesaversdatarecovery.com\/da-dk\/why-us\/certified-secure-data-recovery\/certified-secure-defense-in-depth-network-proof\/\" \/>\n<meta property=\"og:site_name\" content=\"DriveSavers Data Recovery Services\" \/>\n<meta property=\"article:publisher\" content=\"https:\/\/www.facebook.com\/DriveSavers\" \/>\n<meta property=\"article:modified_time\" content=\"2024-10-31T23:32:42+00:00\" \/>\n<meta property=\"og:image\" content=\"https:\/\/drivesaversdatarecovery.com\/wp-content\/uploads\/2018\/09\/header-defense-certified.jpg\" \/>\n\t<meta property=\"og:image:width\" content=\"1920\" \/>\n\t<meta property=\"og:image:height\" content=\"660\" \/>\n\t<meta property=\"og:image:type\" content=\"image\/jpeg\" \/>\n<meta name=\"twitter:card\" content=\"summary_large_image\" \/>\n<meta name=\"twitter:site\" content=\"@drivesavers\" \/>\n<meta name=\"twitter:label1\" content=\"Estimeret l\u00e6setid\" \/>\n\t<meta name=\"twitter:data1\" content=\"3 minutter\" \/>\n<script type=\"application\/ld+json\" class=\"yoast-schema-graph\">{\"@context\":\"https:\\\/\\\/schema.org\",\"@graph\":[{\"@type\":\"TechArticle\",\"@id\":\"https:\\\/\\\/drivesaversdatarecovery.com\\\/why-us\\\/certified-secure-data-recovery\\\/certified-secure-defense-in-depth-network-proof\\\/#article\",\"isPartOf\":{\"@id\":\"https:\\\/\\\/drivesaversdatarecovery.com\\\/why-us\\\/certified-secure-data-recovery\\\/certified-secure-defense-in-depth-network-proof\\\/\"},\"author\":{\"name\":\"Michelle West\",\"@id\":\"https:\\\/\\\/drivesaversdatarecovery.com\\\/#\\\/schema\\\/person\\\/8319da503f7e4ddd51903b6d8295be1c\"},\"headline\":\"Defense In-Depth Network Proof\",\"datePublished\":\"2018-09-06T01:06:31+00:00\",\"dateModified\":\"2024-10-31T23:32:42+00:00\",\"mainEntityOfPage\":{\"@id\":\"https:\\\/\\\/drivesaversdatarecovery.com\\\/why-us\\\/certified-secure-data-recovery\\\/certified-secure-defense-in-depth-network-proof\\\/\"},\"wordCount\":741,\"publisher\":{\"@id\":\"https:\\\/\\\/drivesaversdatarecovery.com\\\/#organization\"},\"image\":{\"@id\":\"https:\\\/\\\/drivesaversdatarecovery.com\\\/why-us\\\/certified-secure-data-recovery\\\/certified-secure-defense-in-depth-network-proof\\\/#primaryimage\"},\"thumbnailUrl\":\"https:\\\/\\\/drivesaversdatarecovery.com\\\/wp-content\\\/uploads\\\/2018\\\/09\\\/header-defense-certified.jpg\",\"inLanguage\":\"da-DK\"},{\"@type\":\"WebPage\",\"@id\":\"https:\\\/\\\/drivesaversdatarecovery.com\\\/why-us\\\/certified-secure-data-recovery\\\/certified-secure-defense-in-depth-network-proof\\\/\",\"url\":\"https:\\\/\\\/drivesaversdatarecovery.com\\\/why-us\\\/certified-secure-data-recovery\\\/certified-secure-defense-in-depth-network-proof\\\/\",\"name\":\"Defense In-Depth Network Proof - DriveSavers\",\"isPartOf\":{\"@id\":\"https:\\\/\\\/drivesaversdatarecovery.com\\\/#website\"},\"primaryImageOfPage\":{\"@id\":\"https:\\\/\\\/drivesaversdatarecovery.com\\\/why-us\\\/certified-secure-data-recovery\\\/certified-secure-defense-in-depth-network-proof\\\/#primaryimage\"},\"image\":{\"@id\":\"https:\\\/\\\/drivesaversdatarecovery.com\\\/why-us\\\/certified-secure-data-recovery\\\/certified-secure-defense-in-depth-network-proof\\\/#primaryimage\"},\"thumbnailUrl\":\"https:\\\/\\\/drivesaversdatarecovery.com\\\/wp-content\\\/uploads\\\/2018\\\/09\\\/header-defense-certified.jpg\",\"datePublished\":\"2018-09-06T01:06:31+00:00\",\"dateModified\":\"2024-10-31T23:32:42+00:00\",\"breadcrumb\":{\"@id\":\"https:\\\/\\\/drivesaversdatarecovery.com\\\/why-us\\\/certified-secure-data-recovery\\\/certified-secure-defense-in-depth-network-proof\\\/#breadcrumb\"},\"inLanguage\":\"da-DK\",\"potentialAction\":[{\"@type\":\"ReadAction\",\"target\":[\"https:\\\/\\\/drivesaversdatarecovery.com\\\/why-us\\\/certified-secure-data-recovery\\\/certified-secure-defense-in-depth-network-proof\\\/\"]}]},{\"@type\":\"ImageObject\",\"inLanguage\":\"da-DK\",\"@id\":\"https:\\\/\\\/drivesaversdatarecovery.com\\\/why-us\\\/certified-secure-data-recovery\\\/certified-secure-defense-in-depth-network-proof\\\/#primaryimage\",\"url\":\"https:\\\/\\\/drivesaversdatarecovery.com\\\/wp-content\\\/uploads\\\/2018\\\/09\\\/header-defense-certified.jpg\",\"contentUrl\":\"https:\\\/\\\/drivesaversdatarecovery.com\\\/wp-content\\\/uploads\\\/2018\\\/09\\\/header-defense-certified.jpg\",\"width\":1920,\"height\":660},{\"@type\":\"BreadcrumbList\",\"@id\":\"https:\\\/\\\/drivesaversdatarecovery.com\\\/why-us\\\/certified-secure-data-recovery\\\/certified-secure-defense-in-depth-network-proof\\\/#breadcrumb\",\"itemListElement\":[{\"@type\":\"ListItem\",\"position\":1,\"name\":\"Home\",\"item\":\"https:\\\/\\\/drivesaversdatarecovery.com\\\/\"},{\"@type\":\"ListItem\",\"position\":2,\"name\":\"Why DriveSavers\",\"item\":\"https:\\\/\\\/drivesaversdatarecovery.com\\\/why-us\\\/\"},{\"@type\":\"ListItem\",\"position\":3,\"name\":\"Certified Secure\",\"item\":\"https:\\\/\\\/drivesaversdatarecovery.com\\\/why-us\\\/certified-secure-data-recovery\\\/\"},{\"@type\":\"ListItem\",\"position\":4,\"name\":\"Defense In-Depth Network Proof\"}]},{\"@type\":\"WebSite\",\"@id\":\"https:\\\/\\\/drivesaversdatarecovery.com\\\/#website\",\"url\":\"https:\\\/\\\/drivesaversdatarecovery.com\\\/\",\"name\":\"DriveSavers Data Recovery Services\",\"description\":\"The Worldwide Leader in Data Recovery\",\"publisher\":{\"@id\":\"https:\\\/\\\/drivesaversdatarecovery.com\\\/#organization\"},\"potentialAction\":[{\"@type\":\"SearchAction\",\"target\":{\"@type\":\"EntryPoint\",\"urlTemplate\":\"https:\\\/\\\/drivesaversdatarecovery.com\\\/?s={search_term_string}\"},\"query-input\":{\"@type\":\"PropertyValueSpecification\",\"valueRequired\":true,\"valueName\":\"search_term_string\"}}],\"inLanguage\":\"da-DK\"},{\"@type\":\"Organization\",\"@id\":\"https:\\\/\\\/drivesaversdatarecovery.com\\\/#organization\",\"name\":\"DriveSavers Data Recovery\",\"url\":\"https:\\\/\\\/drivesaversdatarecovery.com\\\/\",\"logo\":{\"@type\":\"ImageObject\",\"inLanguage\":\"da-DK\",\"@id\":\"https:\\\/\\\/drivesaversdatarecovery.com\\\/#\\\/schema\\\/logo\\\/image\\\/\",\"url\":\"https:\\\/\\\/drivesaversdatarecovery.com\\\/wp-content\\\/uploads\\\/2021\\\/08\\\/Logo-01.png\",\"contentUrl\":\"https:\\\/\\\/drivesaversdatarecovery.com\\\/wp-content\\\/uploads\\\/2021\\\/08\\\/Logo-01.png\",\"width\":1092,\"height\":1087,\"caption\":\"DriveSavers Data Recovery\"},\"image\":{\"@id\":\"https:\\\/\\\/drivesaversdatarecovery.com\\\/#\\\/schema\\\/logo\\\/image\\\/\"},\"sameAs\":[\"https:\\\/\\\/www.facebook.com\\\/DriveSavers\",\"https:\\\/\\\/x.com\\\/drivesavers\",\"https:\\\/\\\/www.instagram.com\\\/drivesavers\\\/\",\"https:\\\/\\\/www.linkedin.com\\\/company\\\/drivesavers-data-recovery\\\/\",\"https:\\\/\\\/www.pinterest.com\\\/drivesavers\\\/\",\"https:\\\/\\\/www.youtube.com\\\/channel\\\/UCBlynLMdFWQgid-Gwm0zJ1A\",\"https:\\\/\\\/en.wikipedia.org\\\/wiki\\\/DriveSavers\"]},{\"@type\":\"Person\",\"@id\":\"https:\\\/\\\/drivesaversdatarecovery.com\\\/#\\\/schema\\\/person\\\/8319da503f7e4ddd51903b6d8295be1c\",\"name\":\"Michelle West\",\"image\":{\"@type\":\"ImageObject\",\"inLanguage\":\"da-DK\",\"@id\":\"https:\\\/\\\/secure.gravatar.com\\\/avatar\\\/c820e118da73c12bbab9f3e84e4787eeda260d6c5c486643e5f474153469c728?s=96&d=blank&r=g\",\"url\":\"https:\\\/\\\/secure.gravatar.com\\\/avatar\\\/c820e118da73c12bbab9f3e84e4787eeda260d6c5c486643e5f474153469c728?s=96&d=blank&r=g\",\"contentUrl\":\"https:\\\/\\\/secure.gravatar.com\\\/avatar\\\/c820e118da73c12bbab9f3e84e4787eeda260d6c5c486643e5f474153469c728?s=96&d=blank&r=g\",\"caption\":\"Michelle West\"},\"description\":\"DriveSavers Senior Marketing Manager Writing about DriveSavers, data recovery, or another technology-related topic? Contact us.\",\"sameAs\":[\"https:\\\/\\\/www.linkedin.com\\\/in\\\/west-michelle\\\/\"],\"url\":\"https:\\\/\\\/drivesaversdatarecovery.com\\\/da-dk\\\/author\\\/michelle\\\/\"}]}<\/script>\n<!-- \/ Yoast SEO Premium plugin. -->","yoast_head_json":{"title":"Defense In-Depth Network Proof - DriveSavers","robots":{"index":"index","follow":"follow","max-snippet":"max-snippet:-1","max-image-preview":"max-image-preview:large","max-video-preview":"max-video-preview:-1"},"canonical":"https:\/\/drivesaversdatarecovery.com\/da-dk\/why-us\/certified-secure-data-recovery\/certified-secure-defense-in-depth-network-proof\/","og_locale":"da_DK","og_type":"article","og_title":"Defense In-Depth Network Proof","og_url":"https:\/\/drivesaversdatarecovery.com\/da-dk\/why-us\/certified-secure-data-recovery\/certified-secure-defense-in-depth-network-proof\/","og_site_name":"DriveSavers Data Recovery Services","article_publisher":"https:\/\/www.facebook.com\/DriveSavers","article_modified_time":"2024-10-31T23:32:42+00:00","og_image":[{"width":1920,"height":660,"url":"https:\/\/drivesaversdatarecovery.com\/wp-content\/uploads\/2018\/09\/header-defense-certified.jpg","type":"image\/jpeg"}],"twitter_card":"summary_large_image","twitter_site":"@drivesavers","twitter_misc":{"Estimeret l\u00e6setid":"3 minutter"},"schema":{"@context":"https:\/\/schema.org","@graph":[{"@type":"TechArticle","@id":"https:\/\/drivesaversdatarecovery.com\/why-us\/certified-secure-data-recovery\/certified-secure-defense-in-depth-network-proof\/#article","isPartOf":{"@id":"https:\/\/drivesaversdatarecovery.com\/why-us\/certified-secure-data-recovery\/certified-secure-defense-in-depth-network-proof\/"},"author":{"name":"Michelle West","@id":"https:\/\/drivesaversdatarecovery.com\/#\/schema\/person\/8319da503f7e4ddd51903b6d8295be1c"},"headline":"Defense In-Depth Network Proof","datePublished":"2018-09-06T01:06:31+00:00","dateModified":"2024-10-31T23:32:42+00:00","mainEntityOfPage":{"@id":"https:\/\/drivesaversdatarecovery.com\/why-us\/certified-secure-data-recovery\/certified-secure-defense-in-depth-network-proof\/"},"wordCount":741,"publisher":{"@id":"https:\/\/drivesaversdatarecovery.com\/#organization"},"image":{"@id":"https:\/\/drivesaversdatarecovery.com\/why-us\/certified-secure-data-recovery\/certified-secure-defense-in-depth-network-proof\/#primaryimage"},"thumbnailUrl":"https:\/\/drivesaversdatarecovery.com\/wp-content\/uploads\/2018\/09\/header-defense-certified.jpg","inLanguage":"da-DK"},{"@type":"WebPage","@id":"https:\/\/drivesaversdatarecovery.com\/why-us\/certified-secure-data-recovery\/certified-secure-defense-in-depth-network-proof\/","url":"https:\/\/drivesaversdatarecovery.com\/why-us\/certified-secure-data-recovery\/certified-secure-defense-in-depth-network-proof\/","name":"Defense In-Depth Network Proof - DriveSavers","isPartOf":{"@id":"https:\/\/drivesaversdatarecovery.com\/#website"},"primaryImageOfPage":{"@id":"https:\/\/drivesaversdatarecovery.com\/why-us\/certified-secure-data-recovery\/certified-secure-defense-in-depth-network-proof\/#primaryimage"},"image":{"@id":"https:\/\/drivesaversdatarecovery.com\/why-us\/certified-secure-data-recovery\/certified-secure-defense-in-depth-network-proof\/#primaryimage"},"thumbnailUrl":"https:\/\/drivesaversdatarecovery.com\/wp-content\/uploads\/2018\/09\/header-defense-certified.jpg","datePublished":"2018-09-06T01:06:31+00:00","dateModified":"2024-10-31T23:32:42+00:00","breadcrumb":{"@id":"https:\/\/drivesaversdatarecovery.com\/why-us\/certified-secure-data-recovery\/certified-secure-defense-in-depth-network-proof\/#breadcrumb"},"inLanguage":"da-DK","potentialAction":[{"@type":"ReadAction","target":["https:\/\/drivesaversdatarecovery.com\/why-us\/certified-secure-data-recovery\/certified-secure-defense-in-depth-network-proof\/"]}]},{"@type":"ImageObject","inLanguage":"da-DK","@id":"https:\/\/drivesaversdatarecovery.com\/why-us\/certified-secure-data-recovery\/certified-secure-defense-in-depth-network-proof\/#primaryimage","url":"https:\/\/drivesaversdatarecovery.com\/wp-content\/uploads\/2018\/09\/header-defense-certified.jpg","contentUrl":"https:\/\/drivesaversdatarecovery.com\/wp-content\/uploads\/2018\/09\/header-defense-certified.jpg","width":1920,"height":660},{"@type":"BreadcrumbList","@id":"https:\/\/drivesaversdatarecovery.com\/why-us\/certified-secure-data-recovery\/certified-secure-defense-in-depth-network-proof\/#breadcrumb","itemListElement":[{"@type":"ListItem","position":1,"name":"Home","item":"https:\/\/drivesaversdatarecovery.com\/"},{"@type":"ListItem","position":2,"name":"Why DriveSavers","item":"https:\/\/drivesaversdatarecovery.com\/why-us\/"},{"@type":"ListItem","position":3,"name":"Certified Secure","item":"https:\/\/drivesaversdatarecovery.com\/why-us\/certified-secure-data-recovery\/"},{"@type":"ListItem","position":4,"name":"Defense In-Depth Network Proof"}]},{"@type":"WebSite","@id":"https:\/\/drivesaversdatarecovery.com\/#website","url":"https:\/\/drivesaversdatarecovery.com\/","name":"DriveSavers tjenester til datagendannelse","description":"The Worldwide Leader in Data Recovery","publisher":{"@id":"https:\/\/drivesaversdatarecovery.com\/#organization"},"potentialAction":[{"@type":"SearchAction","target":{"@type":"EntryPoint","urlTemplate":"https:\/\/drivesaversdatarecovery.com\/?s={search_term_string}"},"query-input":{"@type":"PropertyValueSpecification","valueRequired":true,"valueName":"search_term_string"}}],"inLanguage":"da-DK"},{"@type":"Organization","@id":"https:\/\/drivesaversdatarecovery.com\/#organization","name":"DriveSavers datagendannelse","url":"https:\/\/drivesaversdatarecovery.com\/","logo":{"@type":"ImageObject","inLanguage":"da-DK","@id":"https:\/\/drivesaversdatarecovery.com\/#\/schema\/logo\/image\/","url":"https:\/\/drivesaversdatarecovery.com\/wp-content\/uploads\/2021\/08\/Logo-01.png","contentUrl":"https:\/\/drivesaversdatarecovery.com\/wp-content\/uploads\/2021\/08\/Logo-01.png","width":1092,"height":1087,"caption":"DriveSavers Data Recovery"},"image":{"@id":"https:\/\/drivesaversdatarecovery.com\/#\/schema\/logo\/image\/"},"sameAs":["https:\/\/www.facebook.com\/DriveSavers","https:\/\/x.com\/drivesavers","https:\/\/www.instagram.com\/drivesavers\/","https:\/\/www.linkedin.com\/company\/drivesavers-data-recovery\/","https:\/\/www.pinterest.com\/drivesavers\/","https:\/\/www.youtube.com\/channel\/UCBlynLMdFWQgid-Gwm0zJ1A","https:\/\/en.wikipedia.org\/wiki\/DriveSavers"]},{"@type":"Person","@id":"https:\/\/drivesaversdatarecovery.com\/#\/schema\/person\/8319da503f7e4ddd51903b6d8295be1c","name":"Michelle West","image":{"@type":"ImageObject","inLanguage":"da-DK","@id":"https:\/\/secure.gravatar.com\/avatar\/c820e118da73c12bbab9f3e84e4787eeda260d6c5c486643e5f474153469c728?s=96&d=blank&r=g","url":"https:\/\/secure.gravatar.com\/avatar\/c820e118da73c12bbab9f3e84e4787eeda260d6c5c486643e5f474153469c728?s=96&d=blank&r=g","contentUrl":"https:\/\/secure.gravatar.com\/avatar\/c820e118da73c12bbab9f3e84e4787eeda260d6c5c486643e5f474153469c728?s=96&d=blank&r=g","caption":"Michelle West"},"description":"DriveSavers Senior Marketing Manager Writing about DriveSavers, data recovery, or another technology-related topic? Contact us.","sameAs":["https:\/\/www.linkedin.com\/in\/west-michelle\/"],"url":"https:\/\/drivesaversdatarecovery.com\/da-dk\/author\/michelle\/"}]}},"_links":{"self":[{"href":"https:\/\/drivesaversdatarecovery.com\/da-dk\/wp-json\/wp\/v2\/pages\/2657","targetHints":{"allow":["GET"]}}],"collection":[{"href":"https:\/\/drivesaversdatarecovery.com\/da-dk\/wp-json\/wp\/v2\/pages"}],"about":[{"href":"https:\/\/drivesaversdatarecovery.com\/da-dk\/wp-json\/wp\/v2\/types\/page"}],"author":[{"embeddable":true,"href":"https:\/\/drivesaversdatarecovery.com\/da-dk\/wp-json\/wp\/v2\/users\/30"}],"replies":[{"embeddable":true,"href":"https:\/\/drivesaversdatarecovery.com\/da-dk\/wp-json\/wp\/v2\/comments?post=2657"}],"version-history":[{"count":0,"href":"https:\/\/drivesaversdatarecovery.com\/da-dk\/wp-json\/wp\/v2\/pages\/2657\/revisions"}],"up":[{"embeddable":true,"href":"https:\/\/drivesaversdatarecovery.com\/da-dk\/wp-json\/wp\/v2\/pages\/876"}],"wp:featuredmedia":[{"embeddable":true,"href":"https:\/\/drivesaversdatarecovery.com\/da-dk\/wp-json\/wp\/v2\/media\/2660"}],"wp:attachment":[{"href":"https:\/\/drivesaversdatarecovery.com\/da-dk\/wp-json\/wp\/v2\/media?parent=2657"}],"curies":[{"name":"wp","href":"https:\/\/api.w.org\/{rel}","templated":true}]}}