{"id":1704,"date":"2018-08-11T17:41:48","date_gmt":"2018-08-11T22:41:48","guid":{"rendered":"https:\/\/test.drivesaversdatarecovery.com\/?page_id=1704"},"modified":"2026-01-14T01:19:42","modified_gmt":"2026-01-14T09:19:42","slug":"hard-drive-simulator","status":"publish","type":"page","link":"https:\/\/drivesaversdatarecovery.com\/da-dk\/reseller-resource-center-orig\/hard-drive-simulator\/","title":{"rendered":"Hard Drive Simulator"},"content":{"rendered":"<div class=\"wpb-content-wrapper\"><div class=\"vc_section wpex-relative hidden-desktop\"><div class=\"vc_row wpb_row vc_row-fluid vc_custom_1538611454089 vc_column-gap-35 vc_row-o-equal-height vc_row-o-content-middle vc_row-flex wpex-relative tablet-fullwidth-columns\"><div class=\"wpb_column vc_column_container vc_col-sm-12\"><div class=\"vc_column-inner\"><div class=\"wpb_wrapper\"><nav class=\"vcex-navbar vcex-navbar--expanded vcex-module hidden-desktop\"><div class=\"vcex-navbar-inner wpex-clr\"><a href=\"https:\/\/drivesaversdatarecovery.com\/da-dk\/reseller-resource-center-orig\/\" class=\"vcex-navbar-link vcex-navbar-link--1656 wpex-block wpex-float-left wpex-mb-5 theme-button expanded vc_custom_1538600545523\"><span class=\"vcex-navbar-link-text\">Reseller Resource Home<\/span><\/a><a href=\"https:\/\/drivesaversdatarecovery.com\/da-dk\/reseller-resource-center-orig\/promotional-tools\/\" class=\"vcex-navbar-link vcex-navbar-link--1748 wpex-block wpex-float-left wpex-mb-5 theme-button expanded vc_custom_1538600545523\"><span class=\"vcex-navbar-link-text\">Free Marketing \/ Promotional Tools<\/span><\/a><a href=\"https:\/\/drivesaversdatarecovery.com\/da-dk\/reviewpoint\/\" class=\"vcex-navbar-link vcex-navbar-link--74011 wpex-block wpex-float-left wpex-mb-5 theme-button expanded vc_custom_1538600545523\"><span class=\"vcex-navbar-link-text\">ReviewPoint \/ 14-day trial<\/span><\/a><a href=\"https:\/\/drivesaversdatarecovery.com\/da-dk\/reseller-resource-center-orig\/banner-advertising\/\" class=\"vcex-navbar-link vcex-navbar-link--1692 wpex-block wpex-float-left wpex-mb-5 theme-button expanded vc_custom_1538600545523\"><span class=\"vcex-navbar-link-text\">Web Banners<\/span><\/a><a href=\"https:\/\/drivesaversdatarecovery.com\/da-dk\/reseller-resource-center-orig\/virtual-video-tours\/\" class=\"vcex-navbar-link vcex-navbar-link--1713 wpex-block wpex-float-left wpex-mb-5 theme-button expanded vc_custom_1538600545523\"><span class=\"vcex-navbar-link-text\">Virtual Video Tours<\/span><\/a><a href=\"https:\/\/drivesaversdatarecovery.com\/da-dk\/reseller-resource-center-orig\/google-my-business\/\" class=\"vcex-navbar-link vcex-navbar-link--1673 wpex-block wpex-float-left wpex-mb-5 theme-button expanded vc_custom_1538600545523\"><span class=\"vcex-navbar-link-text\">Google My Business<\/span><\/a><a href=\"https:\/\/drivesaversdatarecovery.com\/da-dk\/reseller-resource-center-orig\/hard-drive-simulator\/\" class=\"vcex-navbar-link vcex-navbar-link--1704 wpex-block wpex-float-left wpex-mb-5 theme-button expanded vc_custom_1538600545523\"><span class=\"vcex-navbar-link-text\">Hard Drive Simulator<\/span><\/a><a href=\"https:\/\/drivesaversdatarecovery.com\/da-dk\/reseller-resource-center-orig\/how-to-redeem-your-amazon-gift-card\/\" class=\"vcex-navbar-link vcex-navbar-link--50731 wpex-block wpex-float-left wpex-mb-5 theme-button expanded vc_custom_1538600545523\"><span class=\"vcex-navbar-link-text\">Redeem Your Amazon Gift Card<\/span><\/a><\/div><\/nav><\/div><\/div><\/div><\/div><\/div><div class=\"vc_section wpex-relative\"><div class=\"vc_row wpb_row vc_row-fluid vc_custom_1535596080782 vc_column-gap-35 vc_row-o-equal-height vc_row-o-content-middle vc_row-flex wpex-relative tablet-fullwidth-columns\"><div class=\"wpb_column vc_column_container vc_col-sm-12\"><div class=\"vc_column-inner\"><div class=\"wpb_wrapper\"><style>.vcex-heading.vcex_69d043abb879f{line-height:.9;}<\/style><h2 class=\"vcex-heading vcex-heading-plain vcex-module wpex-heading wpex-text-2xl wpex-h2 vcex_69d043abb879f\"><span class=\"vcex-heading-inner wpex-inline-block\">Se hvordan harddiske fungerer \u2013 og hvordan de g\u00e5r i stykker!<\/span><\/h2>\n\t<div class=\"wpb_text_column wpb_content_element\" >\n\t\t<div class=\"wpb_wrapper\">\n\t\t\t<p>DriveSaver\u00ae blev specifikt udviklet af DriveSavers til at simulere funktionelle komponenter i en harddisk. Klik hvor som helst i menuen for at l\u00e6re mere om lagermedier, almindelige fejl og datagendannelsesteknologi.<\/p>\n<p>Nu kan du f\u00e5 DriveSaver harddisk-simulatoren gratis p\u00e5 din hjemmeside eller iPhone! For at downloade DriveSaver til din iPhone,\u00a0<a href=\"http:\/\/itunes.apple.com\/WebObjects\/MZStore.woa\/wa\/viewSoftware?id=317700244&amp;mt=8\" target=\"_blank\" rel=\"noopener noreferrer\">visit the iTunes store.<\/a><\/p>\n\n\t\t<\/div>\n\t<\/div>\n<\/div><\/div><\/div><\/div><\/div><div class=\"vc_section wpex-relative\"><div id=\"code\" class=\"vc_row wpb_row vc_row-fluid wpex-relative\" data-ls_id=\"#code\" tabindex=\"-1\"><div class=\"wpb_column vc_column_container vc_col-sm-12\"><div class=\"vc_column-inner\"><div class=\"wpb_wrapper\">\n\t<div class=\"wpb_text_column wpb_content_element\" >\n\t\t<div class=\"wpb_wrapper\">\n\t\t\t<p>For at tilf\u00f8je DriveSaver harddisk-simulatorappen til dit website, skal du kopiere og inds\u00e6tte HTML-koden nedenfor p\u00e5 en side p\u00e5 dit websted.<\/p>\n<pre>&lt;embed type=\"text\/html\" src=\"https:\/\/drivesaversdatarecovery.com\/app\/device-simulators\/hard-drive\" width=\"100%\" scrolling=\"no\" frameborder=\"1\" height=\"1200px\"&gt;<\/pre>\n\n\t\t<\/div>\n\t<\/div>\n<\/div><\/div><\/div><\/div><div class=\"vc_row wpb_row vc_row-fluid vc_column-gap-35 vc_row-o-equal-height vc_row-o-content-middle vc_row-flex wpex-relative tablet-fullwidth-columns\"><div class=\"wpb_column vc_column_container vc_col-sm-12\"><div class=\"vc_column-inner\"><div class=\"wpb_wrapper\"><\/div><\/div><\/div><\/div><\/div><div class=\"vc_section wpex-relative\"><div class=\"vc_row wpb_row vc_row-fluid vc_column-gap-35 vc_row-o-equal-height vc_row-o-content-middle vc_row-flex wpex-relative tablet-fullwidth-columns\"><div class=\"wpb_column vc_column_container vc_col-sm-12\"><div class=\"vc_column-inner\"><div class=\"wpb_wrapper\"><style>.vcex-heading.vcex_69d043abba3eb{line-height:.5;}<\/style><h2 class=\"vcex-heading vcex-heading-plain vcex-module wpex-heading wpex-text-2xl wpex-h2 vcex_69d043abba3eb\"><span class=\"vcex-heading-inner wpex-inline-block\">Not Working? Try These Tips<\/span><\/h2><div class=\"vcex-module vcex-divider vcex-divider-solid vcex-divider-left wpex-mr-auto wpex-max-w-100 wpex-block wpex-h-0 wpex-border-b wpex-border-solid wpex-border-main\" style=\"width:30%;margin-block-start:25px;margin-block-end:10px;border-bottom-width:6px;border-color:#ec0912;\"><\/div>\n\t<div class=\"wpb_text_column wpb_content_element\" >\n\t\t<div class=\"wpb_wrapper\">\n\t\t\t<div id=\"code-help\" class=\"ui-dialog-content ui-widget-content\">\n<h3>Use the Latest Code<\/h3>\n<p>Sometimes we make small changes to the code to fix bugs in different browsers. If it\u2019s been a while since you copy-pasted the code onto your site, try doing that and refreshing the page to see if any display issues are resolved.<\/p>\n<h3>Declare your DOCTYPE<\/h3>\n<p>Does your site define a DOCTYPE at the beginning of its HTML? This tells browsers what version of HTML a page is using so the browser knows how to display the page correctly. If it\u2019s not defined, the browser takes a guess, which might not always be right in the case of the banners. A helpful guide to defining a DOCTYPE can be found here:http:\/\/www.w3schools.com\/tags\/tag_DOCTYPE.asp.<\/p>\n<h3>Add Code in \u201cFull HTML\u201d Mode<\/h3>\n<p>When adding these tools using a CMS, the default text editor setting may not allow HTML code. Check to see if there is an option for \u201cFull HTML\u201d code, which will allow tags like images and links to appear properly. Also, do not use options your CMS may have for embedding images or videos \u2013 place the full embed code directly into the text editor for best results.<\/p>\n<\/div>\n<h2>Combine Tools for Greater Effect<\/h2>\n<p>For best results, combine a web banner and Virtual Tour Video with the HDD Simulator.<\/p>\n<p>The banner helps customers quickly notice that you are an Authorized DriveSavers Reseller, which provides them with special discounts.<br \/>\n<a href=\"\/da-dk\/reseller-resource-center\/banner-advertising\/\" rel=\"tab\">Click here to see banner ads and download instructions.<\/a><\/p>\n<p>The video demonstrates how carefully their drive and its data will be handled at DriveSavers.<br \/>\n<a href=\"\/da-dk\/reseller-resource-center\/virtual-video-tours\/\" rel=\"videoCode\">Click here to embed the virtual tour video on your site.<\/a><\/p>\n\n\t\t<\/div>\n\t<\/div>\n<\/div><\/div><\/div><\/div><\/div>\n<\/div>","protected":false},"excerpt":{"rendered":"Reseller Resource HomeFree Marketing \/ Promotional ToolsReviewPoint \/ 14-day trialWeb BannersVirtual Video ToursGoogle My BusinessHard Drive SimulatorRedeem Your Amazon Gift CardSee How Hard Drives Work and How They Crash! DriveSaver\u00ae was built specifically by DriveSavers to simulate working hard drive components. Click anywhere on the menu features to learn more about data storage devices, common&hellip;","protected":false},"author":30,"featured_media":47411,"parent":1656,"menu_order":0,"comment_status":"closed","ping_status":"closed","template":"","meta":{"_acf_changed":false,"inline_featured_image":false,"footnotes":""},"class_list":["post-1704","page","type-page","status-publish","has-post-thumbnail","hentry","entry","has-media"],"acf":[],"yoast_head":"<!-- This site is optimized with the Yoast SEO Premium plugin v26.9 (Yoast SEO v27.3) - https:\/\/yoast.com\/product\/yoast-seo-premium-wordpress\/ -->\n<title>Hard Drive Simulator - DriveSavers<\/title>\n<meta name=\"robots\" content=\"noindex, nofollow\" \/>\n<meta property=\"og:locale\" content=\"da_DK\" \/>\n<meta property=\"og:type\" content=\"article\" \/>\n<meta property=\"og:title\" content=\"Hard Drive Simulator\" \/>\n<meta property=\"og:url\" content=\"https:\/\/drivesaversdatarecovery.com\/da-dk\/reseller-resource-center-orig\/hard-drive-simulator\/\" \/>\n<meta property=\"og:site_name\" content=\"DriveSavers Data Recovery Services\" \/>\n<meta property=\"article:publisher\" content=\"https:\/\/www.facebook.com\/DriveSavers\" \/>\n<meta property=\"article:modified_time\" content=\"2026-01-14T09:19:42+00:00\" \/>\n<meta property=\"og:image\" content=\"https:\/\/drivesaversdatarecovery.com\/wp-content\/uploads\/2019\/04\/header-reseller-2.jpg\" \/>\n\t<meta property=\"og:image:width\" content=\"1920\" \/>\n\t<meta property=\"og:image:height\" content=\"660\" \/>\n\t<meta property=\"og:image:type\" content=\"image\/jpeg\" \/>\n<meta name=\"twitter:card\" content=\"summary_large_image\" \/>\n<meta name=\"twitter:site\" content=\"@drivesavers\" \/>\n<meta name=\"twitter:label1\" content=\"Estimeret l\u00e6setid\" \/>\n\t<meta name=\"twitter:data1\" content=\"3 minutter\" \/>\n<script type=\"application\/ld+json\" class=\"yoast-schema-graph\">{\"@context\":\"https:\\\/\\\/schema.org\",\"@graph\":[{\"@type\":\"TechArticle\",\"@id\":\"https:\\\/\\\/drivesaversdatarecovery.com\\\/reseller-resource-center-orig\\\/hard-drive-simulator\\\/#article\",\"isPartOf\":{\"@id\":\"https:\\\/\\\/drivesaversdatarecovery.com\\\/reseller-resource-center-orig\\\/hard-drive-simulator\\\/\"},\"author\":{\"name\":\"Michelle West\",\"@id\":\"https:\\\/\\\/drivesaversdatarecovery.com\\\/#\\\/schema\\\/person\\\/8319da503f7e4ddd51903b6d8295be1c\"},\"headline\":\"Hard Drive Simulator\",\"datePublished\":\"2018-08-11T22:41:48+00:00\",\"dateModified\":\"2026-01-14T09:19:42+00:00\",\"mainEntityOfPage\":{\"@id\":\"https:\\\/\\\/drivesaversdatarecovery.com\\\/reseller-resource-center-orig\\\/hard-drive-simulator\\\/\"},\"wordCount\":854,\"publisher\":{\"@id\":\"https:\\\/\\\/drivesaversdatarecovery.com\\\/#organization\"},\"image\":{\"@id\":\"https:\\\/\\\/drivesaversdatarecovery.com\\\/reseller-resource-center-orig\\\/hard-drive-simulator\\\/#primaryimage\"},\"thumbnailUrl\":\"https:\\\/\\\/drivesaversdatarecovery.com\\\/wp-content\\\/uploads\\\/2019\\\/04\\\/header-reseller-2.jpg\",\"inLanguage\":\"da-DK\"},{\"@type\":\"WebPage\",\"@id\":\"https:\\\/\\\/drivesaversdatarecovery.com\\\/reseller-resource-center-orig\\\/hard-drive-simulator\\\/\",\"url\":\"https:\\\/\\\/drivesaversdatarecovery.com\\\/reseller-resource-center-orig\\\/hard-drive-simulator\\\/\",\"name\":\"Hard Drive Simulator - DriveSavers\",\"isPartOf\":{\"@id\":\"https:\\\/\\\/drivesaversdatarecovery.com\\\/#website\"},\"primaryImageOfPage\":{\"@id\":\"https:\\\/\\\/drivesaversdatarecovery.com\\\/reseller-resource-center-orig\\\/hard-drive-simulator\\\/#primaryimage\"},\"image\":{\"@id\":\"https:\\\/\\\/drivesaversdatarecovery.com\\\/reseller-resource-center-orig\\\/hard-drive-simulator\\\/#primaryimage\"},\"thumbnailUrl\":\"https:\\\/\\\/drivesaversdatarecovery.com\\\/wp-content\\\/uploads\\\/2019\\\/04\\\/header-reseller-2.jpg\",\"datePublished\":\"2018-08-11T22:41:48+00:00\",\"dateModified\":\"2026-01-14T09:19:42+00:00\",\"breadcrumb\":{\"@id\":\"https:\\\/\\\/drivesaversdatarecovery.com\\\/reseller-resource-center-orig\\\/hard-drive-simulator\\\/#breadcrumb\"},\"inLanguage\":\"da-DK\",\"potentialAction\":[{\"@type\":\"ReadAction\",\"target\":[\"https:\\\/\\\/drivesaversdatarecovery.com\\\/reseller-resource-center-orig\\\/hard-drive-simulator\\\/\"]}]},{\"@type\":\"ImageObject\",\"inLanguage\":\"da-DK\",\"@id\":\"https:\\\/\\\/drivesaversdatarecovery.com\\\/reseller-resource-center-orig\\\/hard-drive-simulator\\\/#primaryimage\",\"url\":\"https:\\\/\\\/drivesaversdatarecovery.com\\\/wp-content\\\/uploads\\\/2019\\\/04\\\/header-reseller-2.jpg\",\"contentUrl\":\"https:\\\/\\\/drivesaversdatarecovery.com\\\/wp-content\\\/uploads\\\/2019\\\/04\\\/header-reseller-2.jpg\",\"width\":1920,\"height\":660,\"caption\":\"DriveSavers Reseller Program\"},{\"@type\":\"BreadcrumbList\",\"@id\":\"https:\\\/\\\/drivesaversdatarecovery.com\\\/reseller-resource-center-orig\\\/hard-drive-simulator\\\/#breadcrumb\",\"itemListElement\":[{\"@type\":\"ListItem\",\"position\":1,\"name\":\"Home\",\"item\":\"https:\\\/\\\/drivesaversdatarecovery.com\\\/\"},{\"@type\":\"ListItem\",\"position\":2,\"name\":\"Reseller Resource Center\",\"item\":\"https:\\\/\\\/drivesaversdatarecovery.com\\\/es-es\\\/reseller-resource-center-orig\\\/\"},{\"@type\":\"ListItem\",\"position\":3,\"name\":\"Hard Drive Simulator\"}]},{\"@type\":\"WebSite\",\"@id\":\"https:\\\/\\\/drivesaversdatarecovery.com\\\/#website\",\"url\":\"https:\\\/\\\/drivesaversdatarecovery.com\\\/\",\"name\":\"DriveSavers Data Recovery Services\",\"description\":\"The Worldwide Leader in Data Recovery\",\"publisher\":{\"@id\":\"https:\\\/\\\/drivesaversdatarecovery.com\\\/#organization\"},\"potentialAction\":[{\"@type\":\"SearchAction\",\"target\":{\"@type\":\"EntryPoint\",\"urlTemplate\":\"https:\\\/\\\/drivesaversdatarecovery.com\\\/?s={search_term_string}\"},\"query-input\":{\"@type\":\"PropertyValueSpecification\",\"valueRequired\":true,\"valueName\":\"search_term_string\"}}],\"inLanguage\":\"da-DK\"},{\"@type\":\"Organization\",\"@id\":\"https:\\\/\\\/drivesaversdatarecovery.com\\\/#organization\",\"name\":\"DriveSavers Data Recovery\",\"url\":\"https:\\\/\\\/drivesaversdatarecovery.com\\\/\",\"logo\":{\"@type\":\"ImageObject\",\"inLanguage\":\"da-DK\",\"@id\":\"https:\\\/\\\/drivesaversdatarecovery.com\\\/#\\\/schema\\\/logo\\\/image\\\/\",\"url\":\"https:\\\/\\\/drivesaversdatarecovery.com\\\/wp-content\\\/uploads\\\/2021\\\/08\\\/Logo-01.png\",\"contentUrl\":\"https:\\\/\\\/drivesaversdatarecovery.com\\\/wp-content\\\/uploads\\\/2021\\\/08\\\/Logo-01.png\",\"width\":1092,\"height\":1087,\"caption\":\"DriveSavers Data Recovery\"},\"image\":{\"@id\":\"https:\\\/\\\/drivesaversdatarecovery.com\\\/#\\\/schema\\\/logo\\\/image\\\/\"},\"sameAs\":[\"https:\\\/\\\/www.facebook.com\\\/DriveSavers\",\"https:\\\/\\\/x.com\\\/drivesavers\",\"https:\\\/\\\/www.instagram.com\\\/drivesavers\\\/\",\"https:\\\/\\\/www.linkedin.com\\\/company\\\/drivesavers-data-recovery\\\/\",\"https:\\\/\\\/www.pinterest.com\\\/drivesavers\\\/\",\"https:\\\/\\\/www.youtube.com\\\/channel\\\/UCBlynLMdFWQgid-Gwm0zJ1A\",\"https:\\\/\\\/en.wikipedia.org\\\/wiki\\\/DriveSavers\"]},{\"@type\":\"Person\",\"@id\":\"https:\\\/\\\/drivesaversdatarecovery.com\\\/#\\\/schema\\\/person\\\/8319da503f7e4ddd51903b6d8295be1c\",\"name\":\"Michelle West\",\"image\":{\"@type\":\"ImageObject\",\"inLanguage\":\"da-DK\",\"@id\":\"https:\\\/\\\/secure.gravatar.com\\\/avatar\\\/c820e118da73c12bbab9f3e84e4787eeda260d6c5c486643e5f474153469c728?s=96&d=blank&r=g\",\"url\":\"https:\\\/\\\/secure.gravatar.com\\\/avatar\\\/c820e118da73c12bbab9f3e84e4787eeda260d6c5c486643e5f474153469c728?s=96&d=blank&r=g\",\"contentUrl\":\"https:\\\/\\\/secure.gravatar.com\\\/avatar\\\/c820e118da73c12bbab9f3e84e4787eeda260d6c5c486643e5f474153469c728?s=96&d=blank&r=g\",\"caption\":\"Michelle West\"},\"description\":\"DriveSavers Senior Marketing Manager Writing about DriveSavers, data recovery, or another technology-related topic? Contact us.\",\"sameAs\":[\"https:\\\/\\\/www.linkedin.com\\\/in\\\/west-michelle\\\/\"],\"url\":\"https:\\\/\\\/drivesaversdatarecovery.com\\\/da-dk\\\/author\\\/michelle\\\/\"}]}<\/script>\n<!-- \/ Yoast SEO Premium plugin. -->","yoast_head_json":{"title":"Hard Drive Simulator - DriveSavers","robots":{"index":"noindex","follow":"nofollow"},"og_locale":"da_DK","og_type":"article","og_title":"Hard Drive Simulator","og_url":"https:\/\/drivesaversdatarecovery.com\/da-dk\/reseller-resource-center-orig\/hard-drive-simulator\/","og_site_name":"DriveSavers Data Recovery Services","article_publisher":"https:\/\/www.facebook.com\/DriveSavers","article_modified_time":"2026-01-14T09:19:42+00:00","og_image":[{"width":1920,"height":660,"url":"https:\/\/drivesaversdatarecovery.com\/wp-content\/uploads\/2019\/04\/header-reseller-2.jpg","type":"image\/jpeg"}],"twitter_card":"summary_large_image","twitter_site":"@drivesavers","twitter_misc":{"Estimeret l\u00e6setid":"3 minutter"},"schema":{"@context":"https:\/\/schema.org","@graph":[{"@type":"TechArticle","@id":"https:\/\/drivesaversdatarecovery.com\/reseller-resource-center-orig\/hard-drive-simulator\/#article","isPartOf":{"@id":"https:\/\/drivesaversdatarecovery.com\/reseller-resource-center-orig\/hard-drive-simulator\/"},"author":{"name":"Michelle West","@id":"https:\/\/drivesaversdatarecovery.com\/#\/schema\/person\/8319da503f7e4ddd51903b6d8295be1c"},"headline":"Hard Drive Simulator","datePublished":"2018-08-11T22:41:48+00:00","dateModified":"2026-01-14T09:19:42+00:00","mainEntityOfPage":{"@id":"https:\/\/drivesaversdatarecovery.com\/reseller-resource-center-orig\/hard-drive-simulator\/"},"wordCount":854,"publisher":{"@id":"https:\/\/drivesaversdatarecovery.com\/#organization"},"image":{"@id":"https:\/\/drivesaversdatarecovery.com\/reseller-resource-center-orig\/hard-drive-simulator\/#primaryimage"},"thumbnailUrl":"https:\/\/drivesaversdatarecovery.com\/wp-content\/uploads\/2019\/04\/header-reseller-2.jpg","inLanguage":"da-DK"},{"@type":"WebPage","@id":"https:\/\/drivesaversdatarecovery.com\/reseller-resource-center-orig\/hard-drive-simulator\/","url":"https:\/\/drivesaversdatarecovery.com\/reseller-resource-center-orig\/hard-drive-simulator\/","name":"Hard Drive Simulator - DriveSavers","isPartOf":{"@id":"https:\/\/drivesaversdatarecovery.com\/#website"},"primaryImageOfPage":{"@id":"https:\/\/drivesaversdatarecovery.com\/reseller-resource-center-orig\/hard-drive-simulator\/#primaryimage"},"image":{"@id":"https:\/\/drivesaversdatarecovery.com\/reseller-resource-center-orig\/hard-drive-simulator\/#primaryimage"},"thumbnailUrl":"https:\/\/drivesaversdatarecovery.com\/wp-content\/uploads\/2019\/04\/header-reseller-2.jpg","datePublished":"2018-08-11T22:41:48+00:00","dateModified":"2026-01-14T09:19:42+00:00","breadcrumb":{"@id":"https:\/\/drivesaversdatarecovery.com\/reseller-resource-center-orig\/hard-drive-simulator\/#breadcrumb"},"inLanguage":"da-DK","potentialAction":[{"@type":"ReadAction","target":["https:\/\/drivesaversdatarecovery.com\/reseller-resource-center-orig\/hard-drive-simulator\/"]}]},{"@type":"ImageObject","inLanguage":"da-DK","@id":"https:\/\/drivesaversdatarecovery.com\/reseller-resource-center-orig\/hard-drive-simulator\/#primaryimage","url":"https:\/\/drivesaversdatarecovery.com\/wp-content\/uploads\/2019\/04\/header-reseller-2.jpg","contentUrl":"https:\/\/drivesaversdatarecovery.com\/wp-content\/uploads\/2019\/04\/header-reseller-2.jpg","width":1920,"height":660,"caption":"DriveSavers Reseller Program"},{"@type":"BreadcrumbList","@id":"https:\/\/drivesaversdatarecovery.com\/reseller-resource-center-orig\/hard-drive-simulator\/#breadcrumb","itemListElement":[{"@type":"ListItem","position":1,"name":"Home","item":"https:\/\/drivesaversdatarecovery.com\/"},{"@type":"ListItem","position":2,"name":"Reseller Resource Center","item":"https:\/\/drivesaversdatarecovery.com\/es-es\/reseller-resource-center-orig\/"},{"@type":"ListItem","position":3,"name":"Hard Drive Simulator"}]},{"@type":"WebSite","@id":"https:\/\/drivesaversdatarecovery.com\/#website","url":"https:\/\/drivesaversdatarecovery.com\/","name":"DriveSavers tjenester til datagendannelse","description":"The Worldwide Leader in Data Recovery","publisher":{"@id":"https:\/\/drivesaversdatarecovery.com\/#organization"},"potentialAction":[{"@type":"SearchAction","target":{"@type":"EntryPoint","urlTemplate":"https:\/\/drivesaversdatarecovery.com\/?s={search_term_string}"},"query-input":{"@type":"PropertyValueSpecification","valueRequired":true,"valueName":"search_term_string"}}],"inLanguage":"da-DK"},{"@type":"Organization","@id":"https:\/\/drivesaversdatarecovery.com\/#organization","name":"DriveSavers datagendannelse","url":"https:\/\/drivesaversdatarecovery.com\/","logo":{"@type":"ImageObject","inLanguage":"da-DK","@id":"https:\/\/drivesaversdatarecovery.com\/#\/schema\/logo\/image\/","url":"https:\/\/drivesaversdatarecovery.com\/wp-content\/uploads\/2021\/08\/Logo-01.png","contentUrl":"https:\/\/drivesaversdatarecovery.com\/wp-content\/uploads\/2021\/08\/Logo-01.png","width":1092,"height":1087,"caption":"DriveSavers Data Recovery"},"image":{"@id":"https:\/\/drivesaversdatarecovery.com\/#\/schema\/logo\/image\/"},"sameAs":["https:\/\/www.facebook.com\/DriveSavers","https:\/\/x.com\/drivesavers","https:\/\/www.instagram.com\/drivesavers\/","https:\/\/www.linkedin.com\/company\/drivesavers-data-recovery\/","https:\/\/www.pinterest.com\/drivesavers\/","https:\/\/www.youtube.com\/channel\/UCBlynLMdFWQgid-Gwm0zJ1A","https:\/\/en.wikipedia.org\/wiki\/DriveSavers"]},{"@type":"Person","@id":"https:\/\/drivesaversdatarecovery.com\/#\/schema\/person\/8319da503f7e4ddd51903b6d8295be1c","name":"Michelle West","image":{"@type":"ImageObject","inLanguage":"da-DK","@id":"https:\/\/secure.gravatar.com\/avatar\/c820e118da73c12bbab9f3e84e4787eeda260d6c5c486643e5f474153469c728?s=96&d=blank&r=g","url":"https:\/\/secure.gravatar.com\/avatar\/c820e118da73c12bbab9f3e84e4787eeda260d6c5c486643e5f474153469c728?s=96&d=blank&r=g","contentUrl":"https:\/\/secure.gravatar.com\/avatar\/c820e118da73c12bbab9f3e84e4787eeda260d6c5c486643e5f474153469c728?s=96&d=blank&r=g","caption":"Michelle West"},"description":"DriveSavers Senior Marketing Manager Writing about DriveSavers, data recovery, or another technology-related topic? Contact us.","sameAs":["https:\/\/www.linkedin.com\/in\/west-michelle\/"],"url":"https:\/\/drivesaversdatarecovery.com\/da-dk\/author\/michelle\/"}]}},"_links":{"self":[{"href":"https:\/\/drivesaversdatarecovery.com\/da-dk\/wp-json\/wp\/v2\/pages\/1704","targetHints":{"allow":["GET"]}}],"collection":[{"href":"https:\/\/drivesaversdatarecovery.com\/da-dk\/wp-json\/wp\/v2\/pages"}],"about":[{"href":"https:\/\/drivesaversdatarecovery.com\/da-dk\/wp-json\/wp\/v2\/types\/page"}],"author":[{"embeddable":true,"href":"https:\/\/drivesaversdatarecovery.com\/da-dk\/wp-json\/wp\/v2\/users\/30"}],"replies":[{"embeddable":true,"href":"https:\/\/drivesaversdatarecovery.com\/da-dk\/wp-json\/wp\/v2\/comments?post=1704"}],"version-history":[{"count":0,"href":"https:\/\/drivesaversdatarecovery.com\/da-dk\/wp-json\/wp\/v2\/pages\/1704\/revisions"}],"up":[{"embeddable":true,"href":"https:\/\/drivesaversdatarecovery.com\/da-dk\/wp-json\/wp\/v2\/pages\/1656"}],"wp:featuredmedia":[{"embeddable":true,"href":"https:\/\/drivesaversdatarecovery.com\/da-dk\/wp-json\/wp\/v2\/media\/47411"}],"wp:attachment":[{"href":"https:\/\/drivesaversdatarecovery.com\/da-dk\/wp-json\/wp\/v2\/media?parent=1704"}],"curies":[{"name":"wp","href":"https:\/\/api.w.org\/{rel}","templated":true}]}}